{"id":2348,"date":"2023-08-03T10:06:12","date_gmt":"2023-08-03T10:06:12","guid":{"rendered":"https:\/\/www.vansteenberge.com\/product\/gulden-draak-9000-quadruple\/"},"modified":"2026-04-15T18:51:11","modified_gmt":"2026-04-15T16:51:11","slug":"gulden-draak-9000-quadruple","status":"publish","type":"product","link":"https:\/\/www.vansteenberge.com\/fr\/product\/gulden-draak-9000-quadruple-33cl\/","title":{"rendered":"Gulden Draak 9000 Quadruple &#8211; 33cl"},"content":{"rendered":"<div class=\"grid__12 grid__6@med flex flex-column flex-justify-center\">\n<div class=\"grid__12 grid__6@med flex flex-column flex-justify-center\">\n<div class=\"spacer block--lists\">\n<p>Depuis 1986, les Gulden Draak sont brass\u00e9es selon une tradition qui met \u00e0 l\u2019honneur des houblons nobles et des levures exclusives. Aux c\u00f4t\u00e9s de la Gulden Draak Classic, une triple sombre titrant 10,5 %, s\u2019est impos\u00e9e la Gulden Draak 9000 Quadruple, une interpr\u00e9tation encore plus riche, plus profonde et pleinement affirm\u00e9e.<\/p>\n<p>La palette de saveurs particuli\u00e8rement riche et complexe et la t\u00eate pleine se retrouvent \u00e9galement dans la Gulden Draak 9000 Quadruple. En revanche, les douces notes de caramel restent r\u00e9serv\u00e9es \u00e0 la Gulden Draak Classic.<\/p>\n<p>Famille Gulden Draak Quadrupple<br \/>\nLa nouvelle recette bas\u00e9e sur 4 fois plus de malt donne \u00e0 la Gulden Draak 9000 Quadruple une couleur ambr\u00e9e dor\u00e9e profonde et un ar\u00f4me l\u00e9g\u00e8rement fruit\u00e9. Associ\u00e9 \u00e0 la saveur douce et l\u00e9g\u00e8rement sucr\u00e9e, il cr\u00e9e un bouquet d&rsquo;une belle rondeur avec des notes de fruits secs.<\/p>\n<p>Comme les autres bi\u00e8res sp\u00e9ciales de la brasserie Van Steenberge, la Gulden Draak 9000 Quadruple est une bi\u00e8re de fermentation haute avec une fermentation secondaire. Une levure de vin est utilis\u00e9e pour la fermentation secondaire, ce qui contribue non seulement \u00e0 la saveur incomparable, mais garantit \u00e9galement une dur\u00e9e de conservation de plusieurs ann\u00e9es avec une \u00e9volution du go\u00fbt.<\/p>\n<\/div>\n<\/div>\n<\/div>\n","protected":false},"excerpt":{"rendered":"<p>Een uitzonderlijke amberkleurige quadruple.<\/p>\n","protected":false},"featured_media":1308,"comment_status":"open","ping_status":"closed","template":"","meta":{"_acf_changed":false,"bwfblock_default_font":""},"product_brand":[],"product_cat":[162,116],"product_tag":[],"class_list":{"0":"post-2348","1":"product","2":"type-product","3":"status-publish","4":"has-post-thumbnail","6":"product_cat-biere","7":"product_cat-gulden-draak","8":"entry","9":"has-media","11":"first","12":"instock","13":"taxable","14":"shipping-taxable","15":"purchasable","16":"product-type-simple"},"acf":[],"_links":{"self":[{"href":"https:\/\/www.vansteenberge.com\/fr\/wp-json\/wp\/v2\/product\/2348","targetHints":{"allow":["GET"]}}],"collection":[{"href":"https:\/\/www.vansteenberge.com\/fr\/wp-json\/wp\/v2\/product"}],"about":[{"href":"https:\/\/www.vansteenberge.com\/fr\/wp-json\/wp\/v2\/types\/product"}],"replies":[{"embeddable":true,"href":"https:\/\/www.vansteenberge.com\/fr\/wp-json\/wp\/v2\/comments?post=2348"}],"wp:featuredmedia":[{"embeddable":true,"href":"https:\/\/www.vansteenberge.com\/fr\/wp-json\/wp\/v2\/media\/1308"}],"wp:attachment":[{"href":"https:\/\/www.vansteenberge.com\/fr\/wp-json\/wp\/v2\/media?parent=2348"}],"wp:term":[{"taxonomy":"product_brand","embeddable":true,"href":"https:\/\/www.vansteenberge.com\/fr\/wp-json\/wp\/v2\/product_brand?post=2348"},{"taxonomy":"product_cat","embeddable":true,"href":"https:\/\/www.vansteenberge.com\/fr\/wp-json\/wp\/v2\/product_cat?post=2348"},{"taxonomy":"product_tag","embeddable":true,"href":"https:\/\/www.vansteenberge.com\/fr\/wp-json\/wp\/v2\/product_tag?post=2348"}],"curies":[{"name":"wp","href":"https:\/\/api.w.org\/{rel}","templated":true}]}}