{"id":2361,"date":"2023-08-09T10:24:47","date_gmt":"2023-08-09T10:24:47","guid":{"rendered":"https:\/\/www.vansteenberge.com\/product\/baptiste-blanc\/"},"modified":"2026-04-10T11:52:42","modified_gmt":"2026-04-10T09:52:42","slug":"baptist-wit","status":"publish","type":"product","link":"https:\/\/www.vansteenberge.com\/fr\/product\/baptist-blanche-33cl\/","title":{"rendered":"Baptist Blanche &#8211; 33cl"},"content":{"rendered":"<div class=\"grid__12 grid__6@med flex flex-column flex-justify-center\">\n<p><strong>Histoire<\/strong><\/p>\n<p><span class=\"TextRun SCXW188998698 BCX0\" lang=\"FR-FR\" xml:lang=\"FR-FR\" data-contrast=\"auto\"><span class=\"NormalTextRun SCXW188998698 BCX0\" data-ccp-parastyle=\"Normal (Web)\">L<\/span><span class=\"NormalTextRun SCXW188998698 BCX0\" data-ccp-parastyle=\"Normal (Web)\">\u2019<\/span><span class=\"NormalTextRun SCXW188998698 BCX0\" data-ccp-parastyle=\"Normal (Web)\">ann\u00e9e 1784 marqua la naissance de la Brasserie Van\u00a0<\/span><span class=\"NormalTextRun SpellingErrorV2Themed SCXW188998698 BCX0\" data-ccp-parastyle=\"Normal (Web)\">Steenberge<\/span><span class=\"NormalTextRun SCXW188998698 BCX0\" data-ccp-parastyle=\"Normal (Web)\">. Et quelle meilleure fa\u00e7on de rendre hommage \u00e0 son fondateur que la gamme Baptist ? Avec la vieille brune\u00a0<\/span><span class=\"NormalTextRun SpellingErrorV2Themed SCXW188998698 BCX0\" data-ccp-parastyle=\"Normal (Web)\">qu<\/span><span class=\"NormalTextRun SCXW188998698 BCX0\" data-ccp-parastyle=\"Normal (Web)\">\u2019<\/span><span class=\"NormalTextRun SCXW188998698 BCX0\" data-ccp-parastyle=\"Normal (Web)\">il brassait alors, Jan Baptist posa, sans en avoir conscience, les fondations des activit\u00e9s de la brasserie Van\u00a0<\/span><span class=\"NormalTextRun SpellingErrorV2Themed SCXW188998698 BCX0\" data-ccp-parastyle=\"Normal (Web)\">Steenberge<\/span><span class=\"NormalTextRun SCXW188998698 BCX0\" data-ccp-parastyle=\"Normal (Web)\">\u00a0telles que nous les connaissons\u00a0<\/span><span class=\"NormalTextRun SpellingErrorV2Themed SCXW188998698 BCX0\" data-ccp-parastyle=\"Normal (Web)\">aujourd<\/span><span class=\"NormalTextRun SCXW188998698 BCX0\" data-ccp-parastyle=\"Normal (Web)\">\u2019<\/span><span class=\"NormalTextRun SCXW188998698 BCX0\" data-ccp-parastyle=\"Normal (Web)\">hui.<\/span><\/span><span class=\"EOP SCXW188998698 BCX0\" data-ccp-props=\"{&quot;134233117&quot;:false,&quot;134233118&quot;:false,&quot;201341983&quot;:0,&quot;335557856&quot;:16777215,&quot;335559738&quot;:0,&quot;335559739&quot;:0,&quot;335559740&quot;:240}\">\u00a0<\/span><\/p>\n<p><strong>Description de produit<\/strong><\/p>\n<p>La Baptist Blanche est une bi\u00e8re de bl\u00e9 blanc de haute fermentation. L\u00e9g\u00e8rement rafra\u00eechissant avec une touche d&rsquo;\u00e9pices.<\/p>\n<\/div>\n","protected":false},"excerpt":{"rendered":"<p>Wit tarwebier van hoge gisting<\/p>\n","protected":false},"featured_media":1252,"comment_status":"closed","ping_status":"closed","template":"","meta":{"_acf_changed":false,"bwfblock_default_font":""},"product_brand":[],"product_cat":[128,162],"product_tag":[],"class_list":{"0":"post-2361","1":"product","2":"type-product","3":"status-publish","4":"has-post-thumbnail","6":"product_cat-baptist-fr","7":"product_cat-biere","8":"entry","9":"has-media","11":"first","12":"instock","13":"taxable","14":"shipping-taxable","15":"purchasable","16":"product-type-simple"},"acf":[],"_links":{"self":[{"href":"https:\/\/www.vansteenberge.com\/fr\/wp-json\/wp\/v2\/product\/2361","targetHints":{"allow":["GET"]}}],"collection":[{"href":"https:\/\/www.vansteenberge.com\/fr\/wp-json\/wp\/v2\/product"}],"about":[{"href":"https:\/\/www.vansteenberge.com\/fr\/wp-json\/wp\/v2\/types\/product"}],"replies":[{"embeddable":true,"href":"https:\/\/www.vansteenberge.com\/fr\/wp-json\/wp\/v2\/comments?post=2361"}],"wp:featuredmedia":[{"embeddable":true,"href":"https:\/\/www.vansteenberge.com\/fr\/wp-json\/wp\/v2\/media\/1252"}],"wp:attachment":[{"href":"https:\/\/www.vansteenberge.com\/fr\/wp-json\/wp\/v2\/media?parent=2361"}],"wp:term":[{"taxonomy":"product_brand","embeddable":true,"href":"https:\/\/www.vansteenberge.com\/fr\/wp-json\/wp\/v2\/product_brand?post=2361"},{"taxonomy":"product_cat","embeddable":true,"href":"https:\/\/www.vansteenberge.com\/fr\/wp-json\/wp\/v2\/product_cat?post=2361"},{"taxonomy":"product_tag","embeddable":true,"href":"https:\/\/www.vansteenberge.com\/fr\/wp-json\/wp\/v2\/product_tag?post=2361"}],"curies":[{"name":"wp","href":"https:\/\/api.w.org\/{rel}","templated":true}]}}