{"id":2376,"date":"2023-09-05T13:12:27","date_gmt":"2023-09-05T13:12:27","guid":{"rendered":"https:\/\/www.vansteenberge.com\/product\/fourchette\/"},"modified":"2026-04-11T17:18:23","modified_gmt":"2026-04-11T15:18:23","slug":"fourchette","status":"publish","type":"product","link":"https:\/\/www.vansteenberge.com\/fr\/product\/fourchette-33cl\/","title":{"rendered":"Fourchette &#8211; 33cl"},"content":{"rendered":"<p><strong>Histoire<\/strong><\/p>\n<p><span class=\"TextRun SCXW21143728 BCX0\" lang=\"FR-FR\" xml:lang=\"FR-FR\" data-contrast=\"auto\"><span class=\"NormalTextRun SCXW21143728 BCX0\">L<\/span><span class=\"NormalTextRun SCXW21143728 BCX0\">\u2019<\/span><span class=\"NormalTextRun SCXW21143728 BCX0\">aventure\u00a0<\/span><span class=\"NormalTextRun SCXW21143728 BCX0\">de la\u00a0<\/span><span class=\"NormalTextRun SCXW21143728 BCX0\">Fourchette\u00a0<\/span><span class=\"NormalTextRun SCXW21143728 BCX0\">a\u00a0<\/span><span class=\"NormalTextRun SCXW21143728 BCX0\">d\u00e9but<\/span><span class=\"NormalTextRun SCXW21143728 BCX0\">\u00e9<\/span><span class=\"NormalTextRun SCXW21143728 BCX0\">\u00a0en 2019, lorsque la Brasserie Van\u00a0<\/span><span class=\"NormalTextRun SpellingErrorV2Themed SCXW21143728 BCX0\">Steenberge<\/span><span class=\"NormalTextRun SCXW21143728 BCX0\">\u00a0<\/span><span class=\"NormalTextRun SCXW21143728 BCX0\">a\u00a0<\/span><span class=\"NormalTextRun SCXW21143728 BCX0\">collabor<\/span><span class=\"NormalTextRun SCXW21143728 BCX0\">\u00e9<\/span><span class=\"NormalTextRun SCXW21143728 BCX0\">\u00a0avec des chefs renomm\u00e9s en vue de cr\u00e9er une bi\u00e8re gastronomique pens\u00e9e pour la table et la d\u00e9gustation raffin\u00e9e. Une bi\u00e8re d<\/span><span class=\"NormalTextRun SCXW21143728 BCX0\">\u2019<\/span><span class=\"NormalTextRun SCXW21143728 BCX0\">une grande finesse, con\u00e7ue comme un \u00e9quivalent brassicole de l<\/span><span class=\"NormalTextRun SCXW21143728 BCX0\">\u2019<\/span><span class=\"NormalTextRun SCXW21143728 BCX0\">exp\u00e9rience \u0153nologique.<\/span><\/span><span class=\"EOP SCXW21143728 BCX0\" data-ccp-props=\"{&quot;201341983&quot;:0,&quot;335559739&quot;:0,&quot;335559740&quot;:240}\">\u00a0<\/span><\/p>\n<p><strong>Description de produit<\/strong><\/p>\n<p>Fourchette na\u00eet de la rencontre de deux passions : le go\u00fbt raffin\u00e9 des grands chefs et le savoir-faire de six g\u00e9n\u00e9rations de ma\u00eetres brasseurs.<\/p>\n<p>La Fourchette est une bi\u00e8re vivante, fabriqu\u00e9e \u00e0 partir des meilleures mati\u00e8res premi\u00e8res : malt, bl\u00e9, houblon, mo\u00fbt, &#8230; Gr\u00e2ce au processus de fermentation haute et de fermentation secondaire en bouteille, nous cr\u00e9ons un \u00e9quilibre velout\u00e9 entre une l\u00e9g\u00e8re amertume et un agr\u00e9able rafra\u00eechissement.<\/p>\n<p style=\"text-align: center;\">\n","protected":false},"excerpt":{"rendered":"<p>Zacht bitter en aangenaam verfrissend.<\/p>\n","protected":false},"featured_media":4471,"comment_status":"closed","ping_status":"closed","template":"","meta":{"_acf_changed":false,"bwfblock_default_font":""},"product_brand":[],"product_cat":[162,125],"product_tag":[],"class_list":{"0":"post-2376","1":"product","2":"type-product","3":"status-publish","4":"has-post-thumbnail","6":"product_cat-biere","7":"product_cat-fourchette-fr","8":"entry","9":"has-media","11":"first","12":"instock","13":"taxable","14":"shipping-taxable","15":"purchasable","16":"product-type-simple"},"acf":[],"_links":{"self":[{"href":"https:\/\/www.vansteenberge.com\/fr\/wp-json\/wp\/v2\/product\/2376","targetHints":{"allow":["GET"]}}],"collection":[{"href":"https:\/\/www.vansteenberge.com\/fr\/wp-json\/wp\/v2\/product"}],"about":[{"href":"https:\/\/www.vansteenberge.com\/fr\/wp-json\/wp\/v2\/types\/product"}],"replies":[{"embeddable":true,"href":"https:\/\/www.vansteenberge.com\/fr\/wp-json\/wp\/v2\/comments?post=2376"}],"wp:featuredmedia":[{"embeddable":true,"href":"https:\/\/www.vansteenberge.com\/fr\/wp-json\/wp\/v2\/media\/4471"}],"wp:attachment":[{"href":"https:\/\/www.vansteenberge.com\/fr\/wp-json\/wp\/v2\/media?parent=2376"}],"wp:term":[{"taxonomy":"product_brand","embeddable":true,"href":"https:\/\/www.vansteenberge.com\/fr\/wp-json\/wp\/v2\/product_brand?post=2376"},{"taxonomy":"product_cat","embeddable":true,"href":"https:\/\/www.vansteenberge.com\/fr\/wp-json\/wp\/v2\/product_cat?post=2376"},{"taxonomy":"product_tag","embeddable":true,"href":"https:\/\/www.vansteenberge.com\/fr\/wp-json\/wp\/v2\/product_tag?post=2376"}],"curies":[{"name":"wp","href":"https:\/\/api.w.org\/{rel}","templated":true}]}}