{"id":2394,"date":"2023-08-10T10:23:33","date_gmt":"2023-08-10T10:23:33","guid":{"rendered":"https:\/\/www.vansteenberge.com\/product\/blonde-baptiste\/"},"modified":"2026-04-10T11:52:42","modified_gmt":"2026-04-10T09:52:42","slug":"baptist-blond","status":"publish","type":"product","link":"https:\/\/www.vansteenberge.com\/fr\/product\/baptist-blonde-33cl\/","title":{"rendered":"Baptist Blonde &#8211; 33cl"},"content":{"rendered":"<div class=\"grid__12 grid__6@med flex flex-column flex-justify-center\">\n<div class=\"grid__12 grid__6@med flex flex-column flex-justify-center\">\n<div class=\"grid__12 grid__6@med flex flex-column flex-justify-center\">\n<div class=\"spacer block--lists\">\n<p><strong>Histoire<\/strong><\/p>\n<p><span class=\"TextRun SCXW70691427 BCX0\" lang=\"FR-FR\" xml:lang=\"FR-FR\" data-contrast=\"auto\"><span class=\"NormalTextRun SCXW70691427 BCX0\">En brassant ses premi\u00e8res bi\u00e8res en 1784, Jan Baptist De\u00a0<\/span><span class=\"NormalTextRun SpellingErrorV2Themed SCXW70691427 BCX0\">Bruyne<\/span><span class=\"NormalTextRun SCXW70691427 BCX0\">\u00a0posa les bases d<\/span><span class=\"NormalTextRun SCXW70691427 BCX0\">\u2019<\/span><span class=\"NormalTextRun SCXW70691427 BCX0\">une brasserie devenue\u00a0<\/span><span class=\"NormalTextRun SpellingErrorV2Themed SCXW70691427 BCX0\">aujourd<\/span><span class=\"NormalTextRun SCXW70691427 BCX0\">\u2019<\/span><span class=\"NormalTextRun SCXW70691427 BCX0\">hui une r\u00e9f\u00e9rence. La Baptist Blonde rend un hommage contemporain \u00e0 cet esprit\u00a0<\/span><span class=\"NormalTextRun SCXW70691427 BCX0\">de\u00a0<\/span><span class=\"NormalTextRun SCXW70691427 BCX0\">pionnier.<\/span><\/span><span class=\"EOP SCXW70691427 BCX0\" data-ccp-props=\"{&quot;201341983&quot;:0,&quot;335559739&quot;:0,&quot;335559740&quot;:240}\">\u00a0<\/span><\/p>\n<p><strong>Description de produit<\/strong><\/p>\n<p>La Baptist blonde est une bi\u00e8re claire de fermentation haute, l\u00e9g\u00e8rement rafra\u00eechissante et au go\u00fbt cors\u00e9.<\/p>\n<\/div>\n<\/div>\n<\/div>\n<\/div>\n","protected":false},"excerpt":{"rendered":"<p>Helder bier van hoge gisting<\/p>\n","protected":false},"featured_media":1236,"comment_status":"closed","ping_status":"closed","template":"","meta":{"_acf_changed":false,"bwfblock_default_font":""},"product_brand":[],"product_cat":[128,162],"product_tag":[],"class_list":{"0":"post-2394","1":"product","2":"type-product","3":"status-publish","4":"has-post-thumbnail","6":"product_cat-baptist-fr","7":"product_cat-biere","8":"entry","9":"has-media","11":"first","12":"instock","13":"taxable","14":"shipping-taxable","15":"purchasable","16":"product-type-simple"},"acf":[],"_links":{"self":[{"href":"https:\/\/www.vansteenberge.com\/fr\/wp-json\/wp\/v2\/product\/2394","targetHints":{"allow":["GET"]}}],"collection":[{"href":"https:\/\/www.vansteenberge.com\/fr\/wp-json\/wp\/v2\/product"}],"about":[{"href":"https:\/\/www.vansteenberge.com\/fr\/wp-json\/wp\/v2\/types\/product"}],"replies":[{"embeddable":true,"href":"https:\/\/www.vansteenberge.com\/fr\/wp-json\/wp\/v2\/comments?post=2394"}],"wp:featuredmedia":[{"embeddable":true,"href":"https:\/\/www.vansteenberge.com\/fr\/wp-json\/wp\/v2\/media\/1236"}],"wp:attachment":[{"href":"https:\/\/www.vansteenberge.com\/fr\/wp-json\/wp\/v2\/media?parent=2394"}],"wp:term":[{"taxonomy":"product_brand","embeddable":true,"href":"https:\/\/www.vansteenberge.com\/fr\/wp-json\/wp\/v2\/product_brand?post=2394"},{"taxonomy":"product_cat","embeddable":true,"href":"https:\/\/www.vansteenberge.com\/fr\/wp-json\/wp\/v2\/product_cat?post=2394"},{"taxonomy":"product_tag","embeddable":true,"href":"https:\/\/www.vansteenberge.com\/fr\/wp-json\/wp\/v2\/product_tag?post=2394"}],"curies":[{"name":"wp","href":"https:\/\/api.w.org\/{rel}","templated":true}]}}