{"id":2396,"date":"2023-08-02T10:41:31","date_gmt":"2023-08-02T10:41:31","guid":{"rendered":"https:\/\/www.vansteenberge.com\/product\/pirate-triple-hop\/"},"modified":"2026-04-28T20:21:45","modified_gmt":"2026-04-28T18:21:45","slug":"piraat-triple-hop","status":"publish","type":"product","link":"https:\/\/www.vansteenberge.com\/fr\/product\/piraat-triple-houblon-33cl\/","title":{"rendered":"Piraat Triple houblon &#8211; 33cl"},"content":{"rendered":"<p><strong>Histoire<\/strong><\/p>\n<p><span class=\"TextRun SCXW207898441 BCX0\" lang=\"FR-FR\" xml:lang=\"FR-FR\" data-contrast=\"auto\"><span class=\"NormalTextRun SCXW207898441 BCX0\">Dans le sillage du succ\u00e8s de la Gulden\u00a0<\/span><span class=\"NormalTextRun SpellingErrorV2Themed SCXW207898441 BCX0\">Draak<\/span><span class=\"NormalTextRun SCXW207898441 BCX0\">, la Brasserie Van\u00a0<\/span><span class=\"NormalTextRun SpellingErrorV2Themed SCXW207898441 BCX0\">Steenberge<\/span><span class=\"NormalTextRun SCXW207898441 BCX0\">\u00a0a cr\u00e9\u00e9 la\u00a0<\/span><span class=\"NormalTextRun SpellingErrorV2Themed SCXW207898441 BCX0\">Piraat<\/span><span class=\"NormalTextRun SCXW207898441 BCX0\">\u00a0en 1988. Jozef Van\u00a0<\/span><span class=\"NormalTextRun SpellingErrorV2Themed SCXW207898441 BCX0\">Steenberge<\/span><span class=\"NormalTextRun SCXW207898441 BCX0\">\u00a0a utilis\u00e9 les m\u00eames levures \u0153nologiques uniques que pour\u00a0<\/span><span class=\"NormalTextRun SCXW207898441 BCX0\">les\u00a0<\/span><span class=\"NormalTextRun SCXW207898441 BCX0\">Gulden\u00a0<\/span><span class=\"NormalTextRun SpellingErrorV2Themed SCXW207898441 BCX0\">Draak<\/span><span class=\"NormalTextRun SCXW207898441 BCX0\">, donnant naissance \u00e0 une bi\u00e8re ambr\u00e9e au caract\u00e8re singulier et affirm\u00e9.<\/span><\/span><span class=\"EOP SCXW207898441 BCX0\" data-ccp-props=\"{&quot;201341983&quot;:0,&quot;335559739&quot;:0,&quot;335559740&quot;:240}\">\u00a0<\/span><\/p>\n<p><strong>Description de produit<\/strong><\/p>\n<p>Cette bi\u00e8re a \u00e9t\u00e9 \u00e9labor\u00e9e en s&rsquo;inspirant de la culture IPA aux \u00c9tats-Unis. Pour produire le Piraat Triple houblon, quatre houblons suppl\u00e9mentaires ont \u00e9t\u00e9 ajout\u00e9s au Piraat classique. La recette est adapt\u00e9e chaque ann\u00e9e en fonction de la disponibilit\u00e9 des vari\u00e9t\u00e9s de houblon. La fermentation en bouteille et en barrique garantit une dur\u00e9e de conservation de plusieurs ann\u00e9es et une \u00e9volution de la saveur.<\/p>\n<p style=\"text-align: center;\">\n","protected":false},"excerpt":{"rendered":"<p>IPA bier met sterk hoparoma<\/p>\n","protected":false},"featured_media":1348,"comment_status":"closed","ping_status":"closed","template":"","meta":{"_acf_changed":false,"bwfblock_default_font":""},"product_brand":[],"product_cat":[162,123],"product_tag":[],"class_list":{"0":"post-2396","1":"product","2":"type-product","3":"status-publish","4":"has-post-thumbnail","6":"product_cat-biere","7":"product_cat-piraat-fr","8":"entry","9":"has-media","11":"first","12":"instock","13":"taxable","14":"shipping-taxable","15":"purchasable","16":"product-type-simple"},"acf":[],"_links":{"self":[{"href":"https:\/\/www.vansteenberge.com\/fr\/wp-json\/wp\/v2\/product\/2396","targetHints":{"allow":["GET"]}}],"collection":[{"href":"https:\/\/www.vansteenberge.com\/fr\/wp-json\/wp\/v2\/product"}],"about":[{"href":"https:\/\/www.vansteenberge.com\/fr\/wp-json\/wp\/v2\/types\/product"}],"replies":[{"embeddable":true,"href":"https:\/\/www.vansteenberge.com\/fr\/wp-json\/wp\/v2\/comments?post=2396"}],"wp:featuredmedia":[{"embeddable":true,"href":"https:\/\/www.vansteenberge.com\/fr\/wp-json\/wp\/v2\/media\/1348"}],"wp:attachment":[{"href":"https:\/\/www.vansteenberge.com\/fr\/wp-json\/wp\/v2\/media?parent=2396"}],"wp:term":[{"taxonomy":"product_brand","embeddable":true,"href":"https:\/\/www.vansteenberge.com\/fr\/wp-json\/wp\/v2\/product_brand?post=2396"},{"taxonomy":"product_cat","embeddable":true,"href":"https:\/\/www.vansteenberge.com\/fr\/wp-json\/wp\/v2\/product_cat?post=2396"},{"taxonomy":"product_tag","embeddable":true,"href":"https:\/\/www.vansteenberge.com\/fr\/wp-json\/wp\/v2\/product_tag?post=2396"}],"curies":[{"name":"wp","href":"https:\/\/api.w.org\/{rel}","templated":true}]}}