{"id":2418,"date":"2023-08-02T10:57:11","date_gmt":"2023-08-02T10:57:11","guid":{"rendered":"https:\/\/www.vansteenberge.com\/product\/1784-schelfaut-export\/"},"modified":"2026-02-26T19:42:21","modified_gmt":"2026-02-26T18:42:21","slug":"1784-schelfaut-export","status":"publish","type":"product","link":"https:\/\/www.vansteenberge.com\/fr\/product\/1784-schelfaut-export\/","title":{"rendered":"1784 Schelfaut Export &#8211; 33cl"},"content":{"rendered":"<p>Avec la 1784 Schelfaut Export, la brasserie van Steenberge renoue avec une tradition du Meetjesland : une bi\u00e8re blonde l\u00e9g\u00e8re dans une bouteille de 33cl.<br \/>\n1784 fait r\u00e9f\u00e9rence \u00e0 l&rsquo;ann\u00e9e de cr\u00e9ation de la brasserie. Schelfaut en hommage \u00e0 Marie Schelfaut, la troisi\u00e8me g\u00e9n\u00e9ration de la famille de brasseurs Ertveld, qui a r\u00e9ussi \u00e0 pr\u00e9server l&rsquo;ind\u00e9pendance de la brasserie en 1919. Et c&rsquo;est toujours le cas !<\/p>\n<p>&nbsp;<\/p>\n","protected":false},"excerpt":{"rendered":"<p>Een dorstlessende pils van zachte smaak.<\/p>\n","protected":false},"featured_media":1208,"comment_status":"closed","ping_status":"closed","template":"","meta":{"_acf_changed":false,"bwfblock_default_font":""},"product_brand":[],"product_cat":[162,140],"product_tag":[],"class_list":{"0":"post-2418","1":"product","2":"type-product","3":"status-publish","4":"has-post-thumbnail","6":"product_cat-biere","7":"product_cat-export-1784-fr","8":"entry","9":"has-media","11":"first","12":"instock","13":"taxable","14":"shipping-taxable","15":"purchasable","16":"product-type-simple"},"acf":[],"_links":{"self":[{"href":"https:\/\/www.vansteenberge.com\/fr\/wp-json\/wp\/v2\/product\/2418","targetHints":{"allow":["GET"]}}],"collection":[{"href":"https:\/\/www.vansteenberge.com\/fr\/wp-json\/wp\/v2\/product"}],"about":[{"href":"https:\/\/www.vansteenberge.com\/fr\/wp-json\/wp\/v2\/types\/product"}],"replies":[{"embeddable":true,"href":"https:\/\/www.vansteenberge.com\/fr\/wp-json\/wp\/v2\/comments?post=2418"}],"wp:featuredmedia":[{"embeddable":true,"href":"https:\/\/www.vansteenberge.com\/fr\/wp-json\/wp\/v2\/media\/1208"}],"wp:attachment":[{"href":"https:\/\/www.vansteenberge.com\/fr\/wp-json\/wp\/v2\/media?parent=2418"}],"wp:term":[{"taxonomy":"product_brand","embeddable":true,"href":"https:\/\/www.vansteenberge.com\/fr\/wp-json\/wp\/v2\/product_brand?post=2418"},{"taxonomy":"product_cat","embeddable":true,"href":"https:\/\/www.vansteenberge.com\/fr\/wp-json\/wp\/v2\/product_cat?post=2418"},{"taxonomy":"product_tag","embeddable":true,"href":"https:\/\/www.vansteenberge.com\/fr\/wp-json\/wp\/v2\/product_tag?post=2418"}],"curies":[{"name":"wp","href":"https:\/\/api.w.org\/{rel}","templated":true}]}}