{"id":2434,"date":"2023-08-02T10:48:13","date_gmt":"2023-08-02T10:48:13","guid":{"rendered":"https:\/\/www.vansteenberge.com\/product\/monks-cafe-grand-cru\/"},"modified":"2026-04-25T01:12:16","modified_gmt":"2026-04-24T23:12:16","slug":"monks-cafe-grand-cru","status":"publish","type":"product","link":"https:\/\/www.vansteenberge.com\/fr\/product\/moines-cafe-grand-cru\/","title":{"rendered":"Monk&rsquo;s Caf\u00e9 Grand Cru &#8211; 33cl"},"content":{"rendered":"<p><strong>Histoire<\/strong><\/p>\n<p><span class=\"TextRun SCXW146005532 BCX0\" lang=\"FR-FR\" xml:lang=\"FR-FR\" data-contrast=\"auto\"><span class=\"NormalTextRun SCXW146005532 BCX0\">Sous l<\/span><span class=\"NormalTextRun SCXW146005532 BCX0\">\u2019<\/span><span class=\"NormalTextRun SCXW146005532 BCX0\">impulsion de Paul Van\u00a0<\/span><span class=\"NormalTextRun SpellingErrorV2Themed SCXW146005532 BCX0\">Steenberge<\/span><span class=\"NormalTextRun SCXW146005532 BCX0\">, la brasserie adopta le nom Bios, un clin d<\/span><span class=\"NormalTextRun SCXW146005532 BCX0\">\u2019<\/span><span class=\"NormalTextRun SCXW146005532 BCX0\">\u0153il au mot grec signifiant\u00a0<\/span><span class=\"NormalTextRun SCXW146005532 BCX0\">\u2018<\/span><span class=\"NormalTextRun SCXW146005532 BCX0\">vie<\/span><span class=\"NormalTextRun SCXW146005532 BCX0\">\u2019<\/span><span class=\"NormalTextRun SCXW146005532 BCX0\">\u00a0et au soin apport\u00e9 aux levures maison. Son fils Jozef, microbiologiste, d\u00e9veloppa ensuite la Bios Vlaams Bourgogne, qui fut plus tard rebaptis\u00e9e Monk<\/span><span class=\"NormalTextRun SCXW146005532 BCX0\">\u2019<\/span><span class=\"NormalTextRun SCXW146005532 BCX0\">s Caf\u00e9.<\/span><\/span><span class=\"EOP SCXW146005532 BCX0\" data-ccp-props=\"{&quot;201341983&quot;:0,&quot;335559739&quot;:0,&quot;335559740&quot;:240}\">\u00a0<\/span>Cette bi\u00e8re brune a \u00e9t\u00e9 r\u00e9compens\u00e9e d&rsquo;une medaille d&rsquo;or au Brussels Beer challenge le 18 november 2025.<\/p>\n<p><strong>Description de produit<\/strong><\/p>\n<p>La Monk\u2019s Caf\u00e9 Grand Cru est une bi\u00e8re de fermentation haute, m\u00fbrie en cuve.<\/p>\n<p>&nbsp;<\/p>\n","protected":false},"excerpt":{"rendered":"<p>Mildzuur oud bruin<\/p>\n","protected":false},"featured_media":1328,"comment_status":"closed","ping_status":"closed","template":"","meta":{"_acf_changed":false,"bwfblock_default_font":""},"product_brand":[],"product_cat":[162,147],"product_tag":[],"class_list":{"0":"post-2434","1":"product","2":"type-product","3":"status-publish","4":"has-post-thumbnail","6":"product_cat-biere","7":"product_cat-monks-fr","8":"entry","9":"has-media","11":"first","12":"instock","13":"taxable","14":"shipping-taxable","15":"purchasable","16":"product-type-simple"},"acf":[],"_links":{"self":[{"href":"https:\/\/www.vansteenberge.com\/fr\/wp-json\/wp\/v2\/product\/2434","targetHints":{"allow":["GET"]}}],"collection":[{"href":"https:\/\/www.vansteenberge.com\/fr\/wp-json\/wp\/v2\/product"}],"about":[{"href":"https:\/\/www.vansteenberge.com\/fr\/wp-json\/wp\/v2\/types\/product"}],"replies":[{"embeddable":true,"href":"https:\/\/www.vansteenberge.com\/fr\/wp-json\/wp\/v2\/comments?post=2434"}],"wp:featuredmedia":[{"embeddable":true,"href":"https:\/\/www.vansteenberge.com\/fr\/wp-json\/wp\/v2\/media\/1328"}],"wp:attachment":[{"href":"https:\/\/www.vansteenberge.com\/fr\/wp-json\/wp\/v2\/media?parent=2434"}],"wp:term":[{"taxonomy":"product_brand","embeddable":true,"href":"https:\/\/www.vansteenberge.com\/fr\/wp-json\/wp\/v2\/product_brand?post=2434"},{"taxonomy":"product_cat","embeddable":true,"href":"https:\/\/www.vansteenberge.com\/fr\/wp-json\/wp\/v2\/product_cat?post=2434"},{"taxonomy":"product_tag","embeddable":true,"href":"https:\/\/www.vansteenberge.com\/fr\/wp-json\/wp\/v2\/product_tag?post=2434"}],"curies":[{"name":"wp","href":"https:\/\/api.w.org\/{rel}","templated":true}]}}