{"id":2450,"date":"2023-08-18T06:03:38","date_gmt":"2023-08-18T06:03:38","guid":{"rendered":"https:\/\/www.vansteenberge.com\/product\/tripel-de-gand\/"},"modified":"2026-04-10T11:52:42","modified_gmt":"2026-04-10T09:52:42","slug":"gentse-tripel","status":"publish","type":"product","link":"https:\/\/www.vansteenberge.com\/fr\/product\/gentse-tripel-33cl\/","title":{"rendered":"Gentse Tripel &#8211; 33cl"},"content":{"rendered":"<p><strong>Histoire\u00a0<\/strong><\/p>\n<p><span data-contrast=\"none\">Fond\u00e9e en 1784, la Brasserie Van\u00a0Steenberge\u00a0a cr\u00e9\u00e9 au fil du temps de nombreuses bi\u00e8res diff\u00e9rentes. La\u00a0Gentse\u00a0Tripel\u00a0en est un bel exemple, \u00e9labor\u00e9e pour la boutique sp\u00e9cialis\u00e9e De\u00a0Hopduvel, \u00e0 Gand. Son \u00e9tiquette met en lumi\u00e8re les trois tours embl\u00e9matiques de la ville : l\u2019\u00e9glise Saint\u00a0Nicolas, le Beffroi et la cath\u00e9drale Saint\u00a0Bavon.<\/span><span data-ccp-props=\"{&quot;134233117&quot;:false,&quot;134233118&quot;:false,&quot;201341983&quot;:0,&quot;335559738&quot;:0,&quot;335559739&quot;:0,&quot;335559740&quot;:240}\">\u00a0<\/span><\/p>\n<p><strong>Description de produit<\/strong><\/p>\n<p>La Gentse Tripel est une bi\u00e8re blonde au miel de fermentation haute avec une fermentation secondaire en bouteille ou en f\u00fbt. C&rsquo;est une bi\u00e8re houblonn\u00e9e et am\u00e8re, \u00e0 l&rsquo;ar\u00f4me fruit\u00e9, douce et \u00e9quilibr\u00e9e en bouche.<\/p>\n<p>&nbsp;<\/p>\n","protected":false},"excerpt":{"rendered":"<p>Bi\u00e8re de Gand<\/p>\n","protected":false},"featured_media":1576,"comment_status":"closed","ping_status":"closed","template":"","meta":{"_acf_changed":false,"bwfblock_default_font":""},"product_brand":[],"product_cat":[162,151],"product_tag":[],"class_list":{"0":"post-2450","1":"product","2":"type-product","3":"status-publish","4":"has-post-thumbnail","6":"product_cat-biere","7":"product_cat-gentse-tripel","8":"entry","9":"has-media","11":"first","12":"instock","13":"taxable","14":"shipping-taxable","15":"purchasable","16":"product-type-simple"},"acf":[],"_links":{"self":[{"href":"https:\/\/www.vansteenberge.com\/fr\/wp-json\/wp\/v2\/product\/2450","targetHints":{"allow":["GET"]}}],"collection":[{"href":"https:\/\/www.vansteenberge.com\/fr\/wp-json\/wp\/v2\/product"}],"about":[{"href":"https:\/\/www.vansteenberge.com\/fr\/wp-json\/wp\/v2\/types\/product"}],"replies":[{"embeddable":true,"href":"https:\/\/www.vansteenberge.com\/fr\/wp-json\/wp\/v2\/comments?post=2450"}],"wp:featuredmedia":[{"embeddable":true,"href":"https:\/\/www.vansteenberge.com\/fr\/wp-json\/wp\/v2\/media\/1576"}],"wp:attachment":[{"href":"https:\/\/www.vansteenberge.com\/fr\/wp-json\/wp\/v2\/media?parent=2450"}],"wp:term":[{"taxonomy":"product_brand","embeddable":true,"href":"https:\/\/www.vansteenberge.com\/fr\/wp-json\/wp\/v2\/product_brand?post=2450"},{"taxonomy":"product_cat","embeddable":true,"href":"https:\/\/www.vansteenberge.com\/fr\/wp-json\/wp\/v2\/product_cat?post=2450"},{"taxonomy":"product_tag","embeddable":true,"href":"https:\/\/www.vansteenberge.com\/fr\/wp-json\/wp\/v2\/product_tag?post=2450"}],"curies":[{"name":"wp","href":"https:\/\/api.w.org\/{rel}","templated":true}]}}