{"id":2491,"date":"2023-08-02T10:58:28","date_gmt":"2023-08-02T10:58:28","guid":{"rendered":"https:\/\/www.vansteenberge.com\/product\/bornem-double\/"},"modified":"2026-04-28T20:21:45","modified_gmt":"2026-04-28T18:21:45","slug":"bornem-dubbel","status":"publish","type":"product","link":"https:\/\/www.vansteenberge.com\/fr\/product\/bornem-double-33cl\/","title":{"rendered":"Bornem Double &#8211; 33cl"},"content":{"rendered":"<p><strong>Histoire<\/strong><\/p>\n<p><span class=\"TextRun SCXW255067590 BCX0\" lang=\"FR-FR\" xml:lang=\"FR-FR\" data-contrast=\"auto\"><span class=\"NormalTextRun SCXW255067590 BCX0\">Les \u00e9tiquettes arborent un h\u00e9ron tenant un poisson\u00a0<\/span><span class=\"NormalTextRun SCXW255067590 BCX0\">dans son bec,\u00a0<\/span><span class=\"NormalTextRun SCXW255067590 BCX0\">symbole familier de la r\u00e9gion de Bornem<\/span><span class=\"NormalTextRun SCXW255067590 BCX0\">. Plusieurs \u00e9tablissements portent d<\/span><span class=\"NormalTextRun SCXW255067590 BCX0\">\u2019<\/span><span class=\"NormalTextRun SCXW255067590 BCX0\">ailleurs son nom. C<\/span><span class=\"NormalTextRun SCXW255067590 BCX0\">\u2019<\/span><span class=\"NormalTextRun SCXW255067590 BCX0\">est notre mani\u00e8re d<\/span><span class=\"NormalTextRun SCXW255067590 BCX0\">\u2019<\/span><span class=\"NormalTextRun SCXW255067590 BCX0\">honorer le lien profond\u00a0<\/span><span class=\"NormalTextRun SCXW255067590 BCX0\">qui unit cette riche bi\u00e8re d<\/span><span class=\"NormalTextRun SCXW255067590 BCX0\">\u2019<\/span><span class=\"NormalTextRun SCXW255067590 BCX0\">abbaye et sa r\u00e9gion d<\/span><span class=\"NormalTextRun SCXW255067590 BCX0\">\u2019<\/span><span class=\"NormalTextRun SCXW255067590 BCX0\">origine.<\/span><\/span><span class=\"EOP SCXW255067590 BCX0\" data-ccp-props=\"{&quot;201341983&quot;:0,&quot;335559739&quot;:0,&quot;335559740&quot;:240}\">\u00a0<\/span><\/p>\n<p><strong>Description de produit<\/strong><\/p>\n<p>Peu d&rsquo;autres doubles sombres peuvent rivaliser avec cette Bornem Double. Le double fonc\u00e9 est souvent servi avec des plats de viande, tels que des steaks, de la viande grill\u00e9e, du gibier ou m\u00eame des saucisses.<\/p>\n<p>&nbsp;<\/p>\n","protected":false},"excerpt":{"rendered":"<p>Een levend bier met een fruitige smaak.<\/p>\n","protected":false},"featured_media":1260,"comment_status":"closed","ping_status":"closed","template":"","meta":{"_acf_changed":false,"bwfblock_default_font":""},"product_brand":[],"product_cat":[162,158],"product_tag":[],"class_list":{"0":"post-2491","1":"product","2":"type-product","3":"status-publish","4":"has-post-thumbnail","6":"product_cat-biere","7":"product_cat-bornem-fr","8":"entry","9":"has-media","11":"first","12":"instock","13":"taxable","14":"shipping-taxable","15":"purchasable","16":"product-type-simple"},"acf":[],"_links":{"self":[{"href":"https:\/\/www.vansteenberge.com\/fr\/wp-json\/wp\/v2\/product\/2491","targetHints":{"allow":["GET"]}}],"collection":[{"href":"https:\/\/www.vansteenberge.com\/fr\/wp-json\/wp\/v2\/product"}],"about":[{"href":"https:\/\/www.vansteenberge.com\/fr\/wp-json\/wp\/v2\/types\/product"}],"replies":[{"embeddable":true,"href":"https:\/\/www.vansteenberge.com\/fr\/wp-json\/wp\/v2\/comments?post=2491"}],"wp:featuredmedia":[{"embeddable":true,"href":"https:\/\/www.vansteenberge.com\/fr\/wp-json\/wp\/v2\/media\/1260"}],"wp:attachment":[{"href":"https:\/\/www.vansteenberge.com\/fr\/wp-json\/wp\/v2\/media?parent=2491"}],"wp:term":[{"taxonomy":"product_brand","embeddable":true,"href":"https:\/\/www.vansteenberge.com\/fr\/wp-json\/wp\/v2\/product_brand?post=2491"},{"taxonomy":"product_cat","embeddable":true,"href":"https:\/\/www.vansteenberge.com\/fr\/wp-json\/wp\/v2\/product_cat?post=2491"},{"taxonomy":"product_tag","embeddable":true,"href":"https:\/\/www.vansteenberge.com\/fr\/wp-json\/wp\/v2\/product_tag?post=2491"}],"curies":[{"name":"wp","href":"https:\/\/api.w.org\/{rel}","templated":true}]}}