{"id":2523,"date":"2023-04-04T08:28:30","date_gmt":"2023-04-04T08:28:30","guid":{"rendered":"https:\/\/www.vansteenberge.com\/product\/verre-gulden-draak-33cl\/"},"modified":"2026-03-03T21:57:06","modified_gmt":"2026-03-03T20:57:06","slug":"gulden-draak-33cl-verre","status":"publish","type":"product","link":"https:\/\/www.vansteenberge.com\/fr\/product\/gulden-draak-33cl-verre\/","title":{"rendered":"Verre Gulden Draak &#8211; 33cl"},"content":{"rendered":"<div class=\"grid__12 grid__6@med flex flex-column flex-justify-center\">\n<p>Un symbole aussi imposant, qui perdure depuis plus de six si\u00e8cles, s&rsquo;accompagne d&rsquo;une bi\u00e8re tout aussi impressionnante. Alors que le dragon r\u00e8gne au sommet de la ville, la Gulden Draak figure depuis des ann\u00e9es parmi les meilleures bi\u00e8res du monde. Il s&rsquo;agit d&rsquo;une tripel fonc\u00e9e, ce qui en soi en fait une bi\u00e8re exceptionnelle, mais son go\u00fbt complexe avec des notes de caramel, de malt torr\u00e9fi\u00e9 et de caf\u00e9 la rend unique.<br \/>\nBref, la bi\u00e8re est digne de son nom.<\/p>\n<p>1 x verre \u00e0 \u0153uf de dragon Gulden Draak 33cl<\/p>\n<p>&nbsp;<\/p>\n<\/div>\n","protected":false},"excerpt":{"rendered":"<p>Verre Gulden Draak 33cl<\/p>\n","protected":false},"featured_media":1672,"comment_status":"closed","ping_status":"closed","template":"","meta":{"_acf_changed":false,"bwfblock_default_font":""},"product_brand":[],"product_cat":[213],"product_tag":[],"class_list":{"0":"post-2523","1":"product","2":"type-product","3":"status-publish","4":"has-post-thumbnail","6":"product_cat-verres-a-biere","7":"entry","8":"has-media","10":"first","11":"instock","12":"taxable","13":"shipping-taxable","14":"purchasable","15":"product-type-simple"},"acf":[],"_links":{"self":[{"href":"https:\/\/www.vansteenberge.com\/fr\/wp-json\/wp\/v2\/product\/2523","targetHints":{"allow":["GET"]}}],"collection":[{"href":"https:\/\/www.vansteenberge.com\/fr\/wp-json\/wp\/v2\/product"}],"about":[{"href":"https:\/\/www.vansteenberge.com\/fr\/wp-json\/wp\/v2\/types\/product"}],"replies":[{"embeddable":true,"href":"https:\/\/www.vansteenberge.com\/fr\/wp-json\/wp\/v2\/comments?post=2523"}],"wp:featuredmedia":[{"embeddable":true,"href":"https:\/\/www.vansteenberge.com\/fr\/wp-json\/wp\/v2\/media\/1672"}],"wp:attachment":[{"href":"https:\/\/www.vansteenberge.com\/fr\/wp-json\/wp\/v2\/media?parent=2523"}],"wp:term":[{"taxonomy":"product_brand","embeddable":true,"href":"https:\/\/www.vansteenberge.com\/fr\/wp-json\/wp\/v2\/product_brand?post=2523"},{"taxonomy":"product_cat","embeddable":true,"href":"https:\/\/www.vansteenberge.com\/fr\/wp-json\/wp\/v2\/product_cat?post=2523"},{"taxonomy":"product_tag","embeddable":true,"href":"https:\/\/www.vansteenberge.com\/fr\/wp-json\/wp\/v2\/product_tag?post=2523"}],"curies":[{"name":"wp","href":"https:\/\/api.w.org\/{rel}","templated":true}]}}