{"id":2525,"date":"2023-04-04T09:20:30","date_gmt":"2023-04-04T09:20:30","guid":{"rendered":"https:\/\/www.vansteenberge.com\/product\/verre-monks-cafe-33cl\/"},"modified":"2026-02-13T19:53:21","modified_gmt":"2026-02-13T18:53:21","slug":"monks-cafe-verre-33cl","status":"publish","type":"product","link":"https:\/\/www.vansteenberge.com\/fr\/product\/monks-cafe-verre-33cl\/","title":{"rendered":"Verre Monk&rsquo;s Caf\u00e9 &#8211; 33cl"},"content":{"rendered":"<p>La Monk&rsquo;s Caf\u00e9 Grand Cru est une bi\u00e8re de fermentation haute m\u00fbrie en cuve.<br \/>\n\u00c9lue meilleure bi\u00e8re brune au monde, World Beer Awards 2019.<\/p>\n<p>&nbsp;<\/p>\n<p>Verre Monk&rsquo;s Caf\u00e9 33cl<\/p>\n","protected":false},"excerpt":{"rendered":"<p>Verre Monk&rsquo;s Caf\u00e9 33cl<\/p>\n","protected":false},"featured_media":1692,"comment_status":"closed","ping_status":"closed","template":"","meta":{"_acf_changed":false,"bwfblock_default_font":""},"product_brand":[],"product_cat":[213],"product_tag":[],"class_list":{"0":"post-2525","1":"product","2":"type-product","3":"status-publish","4":"has-post-thumbnail","6":"product_cat-verres-a-biere","7":"entry","8":"has-media","10":"first","11":"instock","12":"taxable","13":"shipping-taxable","14":"purchasable","15":"product-type-simple"},"acf":[],"_links":{"self":[{"href":"https:\/\/www.vansteenberge.com\/fr\/wp-json\/wp\/v2\/product\/2525","targetHints":{"allow":["GET"]}}],"collection":[{"href":"https:\/\/www.vansteenberge.com\/fr\/wp-json\/wp\/v2\/product"}],"about":[{"href":"https:\/\/www.vansteenberge.com\/fr\/wp-json\/wp\/v2\/types\/product"}],"replies":[{"embeddable":true,"href":"https:\/\/www.vansteenberge.com\/fr\/wp-json\/wp\/v2\/comments?post=2525"}],"wp:featuredmedia":[{"embeddable":true,"href":"https:\/\/www.vansteenberge.com\/fr\/wp-json\/wp\/v2\/media\/1692"}],"wp:attachment":[{"href":"https:\/\/www.vansteenberge.com\/fr\/wp-json\/wp\/v2\/media?parent=2525"}],"wp:term":[{"taxonomy":"product_brand","embeddable":true,"href":"https:\/\/www.vansteenberge.com\/fr\/wp-json\/wp\/v2\/product_brand?post=2525"},{"taxonomy":"product_cat","embeddable":true,"href":"https:\/\/www.vansteenberge.com\/fr\/wp-json\/wp\/v2\/product_cat?post=2525"},{"taxonomy":"product_tag","embeddable":true,"href":"https:\/\/www.vansteenberge.com\/fr\/wp-json\/wp\/v2\/product_tag?post=2525"}],"curies":[{"name":"wp","href":"https:\/\/api.w.org\/{rel}","templated":true}]}}