{"id":2527,"date":"2023-05-30T12:12:47","date_gmt":"2023-05-30T12:12:47","guid":{"rendered":"https:\/\/www.vansteenberge.com\/product\/gulden-draak-2x33cl-verre\/"},"modified":"2026-02-22T11:43:19","modified_gmt":"2026-02-22T10:43:19","slug":"gulden-draak-2x33cl-verre","status":"publish","type":"product","link":"https:\/\/www.vansteenberge.com\/fr\/product\/gulden-draak-2x33cl-verre\/","title":{"rendered":"Gulden Draak &#8211; 2x33cl + verre"},"content":{"rendered":"<div class=\"grid__12 grid__6@med flex flex-column flex-justify-center\">\n<p>Un symbole aussi imposant, qui perdure depuis plus de six si\u00e8cles, s&rsquo;accompagne d&rsquo;une bi\u00e8re tout aussi impressionnante. Alors que le dragon r\u00e8gne au sommet de la ville, la Gulden Draak figure depuis des ann\u00e9es parmi les meilleures bi\u00e8res du monde. Il s&rsquo;agit d&rsquo;une tripel fonc\u00e9e, ce qui en soi en fait une bi\u00e8re exceptionnelle, mais son go\u00fbt complexe avec des notes de caramel, de malt torr\u00e9fi\u00e9 et de caf\u00e9 la rend unique.<br \/>\nBref, la bi\u00e8re est digne de son nom.<\/p>\n<p>Bo\u00eete cadeau Golden Dragon<\/p>\n<p>1 x verre \u00e0 \u0153uf de dragon Gulden Draak 33cl<\/p>\n<p>1 x Gulden Draak Classic 33cl<\/p>\n<p>1 x Gulden Draak 9000 Quadruple 33cl<\/p>\n<p>10,5% Alc. Vol.<\/p>\n<\/div>\n","protected":false},"excerpt":{"rendered":"<p>Bo\u00eete cadeau Gulden Draak<\/p>\n","protected":false},"featured_media":1664,"comment_status":"closed","ping_status":"closed","template":"","meta":{"_acf_changed":false,"bwfblock_default_font":""},"product_brand":[],"product_cat":[116,133],"product_tag":[189],"class_list":{"0":"post-2527","1":"product","2":"type-product","3":"status-publish","4":"has-post-thumbnail","6":"product_cat-gulden-draak","7":"product_cat-paquet-cadeau","8":"product_tag-hide-in-carousel-fr","9":"entry","10":"has-media","12":"first","13":"instock","14":"taxable","15":"shipping-taxable","16":"purchasable","17":"product-type-simple"},"acf":[],"_links":{"self":[{"href":"https:\/\/www.vansteenberge.com\/fr\/wp-json\/wp\/v2\/product\/2527","targetHints":{"allow":["GET"]}}],"collection":[{"href":"https:\/\/www.vansteenberge.com\/fr\/wp-json\/wp\/v2\/product"}],"about":[{"href":"https:\/\/www.vansteenberge.com\/fr\/wp-json\/wp\/v2\/types\/product"}],"replies":[{"embeddable":true,"href":"https:\/\/www.vansteenberge.com\/fr\/wp-json\/wp\/v2\/comments?post=2527"}],"wp:featuredmedia":[{"embeddable":true,"href":"https:\/\/www.vansteenberge.com\/fr\/wp-json\/wp\/v2\/media\/1664"}],"wp:attachment":[{"href":"https:\/\/www.vansteenberge.com\/fr\/wp-json\/wp\/v2\/media?parent=2527"}],"wp:term":[{"taxonomy":"product_brand","embeddable":true,"href":"https:\/\/www.vansteenberge.com\/fr\/wp-json\/wp\/v2\/product_brand?post=2527"},{"taxonomy":"product_cat","embeddable":true,"href":"https:\/\/www.vansteenberge.com\/fr\/wp-json\/wp\/v2\/product_cat?post=2527"},{"taxonomy":"product_tag","embeddable":true,"href":"https:\/\/www.vansteenberge.com\/fr\/wp-json\/wp\/v2\/product_tag?post=2527"}],"curies":[{"name":"wp","href":"https:\/\/api.w.org\/{rel}","templated":true}]}}