{"id":2548,"date":"2023-04-04T11:20:43","date_gmt":"2023-04-04T11:20:43","guid":{"rendered":"https:\/\/www.vansteenberge.com\/product\/1784-verre-dexportation-schelfaut-33cl\/"},"modified":"2025-12-30T14:15:58","modified_gmt":"2025-12-30T13:15:58","slug":"1784-schelfaut-export-glas-33cl","status":"publish","type":"product","link":"https:\/\/www.vansteenberge.com\/fr\/product\/1784-schelfaut-export-glas-33cl\/","title":{"rendered":"1784 Schelfaut Export Verre &#8211; 33cl"},"content":{"rendered":"<p>Avec la 1784 Schelfaut Export, la brasserie van Steenberge renoue avec une tradition du Meetjesland : une bi\u00e8re blonde l\u00e9g\u00e8re dans une bouteille de 33cl.<br \/>\n1784 fait r\u00e9f\u00e9rence \u00e0 l&rsquo;ann\u00e9e de cr\u00e9ation de la brasserie. Schelfaut en hommage \u00e0 Marie Schelfaut, la troisi\u00e8me g\u00e9n\u00e9ration de la famille de brasseurs Ertveld, qui a r\u00e9ussi \u00e0 pr\u00e9server l&rsquo;ind\u00e9pendance de la brasserie en 1919. Et c&rsquo;est toujours le cas !<\/p>\n<p>1784 Verre d&rsquo;exportation Schelfaut 33cl<\/p>\n","protected":false},"excerpt":{"rendered":"<p>1784 Verre d&rsquo;exportation Schelfaut 33cl<\/p>\n","protected":false},"featured_media":1704,"comment_status":"closed","ping_status":"closed","template":"","meta":{"_acf_changed":false,"bwfblock_default_font":""},"product_brand":[],"product_cat":[213],"product_tag":[],"class_list":{"0":"post-2548","1":"product","2":"type-product","3":"status-publish","4":"has-post-thumbnail","6":"product_cat-verres-a-biere","7":"entry","8":"has-media","10":"first","11":"instock","12":"taxable","13":"shipping-taxable","14":"purchasable","15":"product-type-simple"},"acf":[],"_links":{"self":[{"href":"https:\/\/www.vansteenberge.com\/fr\/wp-json\/wp\/v2\/product\/2548","targetHints":{"allow":["GET"]}}],"collection":[{"href":"https:\/\/www.vansteenberge.com\/fr\/wp-json\/wp\/v2\/product"}],"about":[{"href":"https:\/\/www.vansteenberge.com\/fr\/wp-json\/wp\/v2\/types\/product"}],"replies":[{"embeddable":true,"href":"https:\/\/www.vansteenberge.com\/fr\/wp-json\/wp\/v2\/comments?post=2548"}],"wp:featuredmedia":[{"embeddable":true,"href":"https:\/\/www.vansteenberge.com\/fr\/wp-json\/wp\/v2\/media\/1704"}],"wp:attachment":[{"href":"https:\/\/www.vansteenberge.com\/fr\/wp-json\/wp\/v2\/media?parent=2548"}],"wp:term":[{"taxonomy":"product_brand","embeddable":true,"href":"https:\/\/www.vansteenberge.com\/fr\/wp-json\/wp\/v2\/product_brand?post=2548"},{"taxonomy":"product_cat","embeddable":true,"href":"https:\/\/www.vansteenberge.com\/fr\/wp-json\/wp\/v2\/product_cat?post=2548"},{"taxonomy":"product_tag","embeddable":true,"href":"https:\/\/www.vansteenberge.com\/fr\/wp-json\/wp\/v2\/product_tag?post=2548"}],"curies":[{"name":"wp","href":"https:\/\/api.w.org\/{rel}","templated":true}]}}