{"id":29751,"date":"2024-10-01T13:05:06","date_gmt":"2024-10-01T11:05:06","guid":{"rendered":"https:\/\/www.vansteenberge.com\/?post_type=product&#038;p=29751"},"modified":"2026-04-15T19:51:31","modified_gmt":"2026-04-15T17:51:31","slug":"fourchette-grand-cru-sauvignon-blanc","status":"publish","type":"product","link":"https:\/\/www.vansteenberge.com\/fr\/product\/fourchette-grand-cru-sauvignon-blanc\/","title":{"rendered":"Fourchette Grand Cru Sauvignon Blanc &#8211; 75cl"},"content":{"rendered":"<div class=\"wpb-content-wrapper\">[vc_row][vc_column][vc_column_text]\n<div class=\"wpb_text_column wpb_content_element \">\n<div class=\"wpb_wrapper\">\n<p><span class=\"TextRun SCXW52535103 BCX0\" lang=\"FR-FR\" xml:lang=\"FR-FR\" data-contrast=\"auto\"><span class=\"NormalTextRun SCXW52535103 BCX0\">Cette Fourchette Grand Cru Sauvignon Blanc s\u2019inspire de la bi\u00e8re Fourchette classique, mais <\/span><\/span><span class=\"TextRun Highlight SCXW52535103 BCX0\" lang=\"FR-FR\" xml:lang=\"FR-FR\" data-contrast=\"auto\"><span class=\"NormalTextRun SCXW52535103 BCX0\">d\u00e9veloppe sa propre personnalit\u00e9<\/span><\/span><span class=\"TextRun SCXW52535103 BCX0\" lang=\"FR-FR\" xml:lang=\"FR-FR\" data-contrast=\"auto\"><span class=\"NormalTextRun SCXW52535103 BCX0\">. Pour <\/span><\/span><span class=\"TextRun Highlight SCXW52535103 BCX0\" lang=\"FR-FR\" xml:lang=\"FR-FR\" data-contrast=\"auto\"><span class=\"NormalTextRun SCXW52535103 BCX0\">le vieillissement de<\/span><\/span><span class=\"TextRun SCXW52535103 BCX0\" lang=\"FR-FR\" xml:lang=\"FR-FR\" data-contrast=\"auto\"><span class=\"NormalTextRun SCXW52535103 BCX0\"> cette \u00e9dition sp\u00e9ciale, la bi\u00e8re a <\/span><\/span><span class=\"TextRun Highlight SCXW52535103 BCX0\" lang=\"FR-FR\" xml:lang=\"FR-FR\" data-contrast=\"auto\"><span class=\"NormalTextRun SCXW52535103 BCX0\">s\u00e9journ\u00e9 p<\/span><\/span><span class=\"TextRun SCXW52535103 BCX0\" lang=\"FR-FR\" xml:lang=\"FR-FR\" data-contrast=\"auto\"><span class=\"NormalTextRun SCXW52535103 BCX0\">lus de 15 mois dans des f\u00fbts de sauvignon blanc.<\/span><\/span><span class=\"EOP SCXW52535103 BCX0\" data-ccp-props=\"{&quot;201341983&quot;:0,&quot;335559739&quot;:160,&quot;335559740&quot;:278}\">\u00a0<\/span><\/p>\n<div class=\"wpb_text_column wpb_content_element \">\n<div class=\"wpb_wrapper\"><\/div>\n<\/div>\n[\/vc_column_text][\/vc_column][\/vc_row]\n<\/div>\n<\/div>\n<\/div>","protected":false},"excerpt":{"rendered":"<p>Fourchette Grand Cru Sauvignon Blanc \u00e9lev\u00e9 pendant 15 mois en barriques de sauvignon blanc.<\/p>\n","protected":false},"featured_media":29755,"comment_status":"closed","ping_status":"closed","template":"","meta":{"_acf_changed":false,"bwfblock_default_font":""},"product_brand":[],"product_cat":[162,125],"product_tag":[189],"class_list":{"0":"post-29751","1":"product","2":"type-product","3":"status-publish","4":"has-post-thumbnail","6":"product_cat-biere","7":"product_cat-fourchette-fr","8":"product_tag-hide-in-carousel-fr","9":"entry","10":"has-media","12":"first","13":"instock","14":"taxable","15":"shipping-taxable","16":"purchasable","17":"product-type-simple"},"acf":[],"_links":{"self":[{"href":"https:\/\/www.vansteenberge.com\/fr\/wp-json\/wp\/v2\/product\/29751","targetHints":{"allow":["GET"]}}],"collection":[{"href":"https:\/\/www.vansteenberge.com\/fr\/wp-json\/wp\/v2\/product"}],"about":[{"href":"https:\/\/www.vansteenberge.com\/fr\/wp-json\/wp\/v2\/types\/product"}],"replies":[{"embeddable":true,"href":"https:\/\/www.vansteenberge.com\/fr\/wp-json\/wp\/v2\/comments?post=29751"}],"wp:featuredmedia":[{"embeddable":true,"href":"https:\/\/www.vansteenberge.com\/fr\/wp-json\/wp\/v2\/media\/29755"}],"wp:attachment":[{"href":"https:\/\/www.vansteenberge.com\/fr\/wp-json\/wp\/v2\/media?parent=29751"}],"wp:term":[{"taxonomy":"product_brand","embeddable":true,"href":"https:\/\/www.vansteenberge.com\/fr\/wp-json\/wp\/v2\/product_brand?post=29751"},{"taxonomy":"product_cat","embeddable":true,"href":"https:\/\/www.vansteenberge.com\/fr\/wp-json\/wp\/v2\/product_cat?post=29751"},{"taxonomy":"product_tag","embeddable":true,"href":"https:\/\/www.vansteenberge.com\/fr\/wp-json\/wp\/v2\/product_tag?post=29751"}],"curies":[{"name":"wp","href":"https:\/\/api.w.org\/{rel}","templated":true}]}}