{"id":3204,"date":"2023-09-28T11:40:09","date_gmt":"2023-09-28T11:40:09","guid":{"rendered":"https:\/\/www.vansteenberge.com\/?post_type=product&#038;p=3204"},"modified":"2026-04-14T22:32:19","modified_gmt":"2026-04-14T20:32:19","slug":"gulden-draak-cuvee-prestige-bourbon-75cl","status":"publish","type":"product","link":"https:\/\/www.vansteenberge.com\/fr\/product\/gulden-draak-cuvee-prestige-bourbon-75cl\/","title":{"rendered":"Gulden Draak Cuv\u00e9e Prestige Bourbon 75cl"},"content":{"rendered":"<div class=\"wpb-content-wrapper\">[vc_row][vc_column][vc_column_text]\n<div class=\"wpb_text_column wpb_content_element \">\n<div class=\"wpb_wrapper\">\n<p>Le Gulden Draak Cuv\u00e9e Prestige Bourbon est obtenu en faisant vieillir le Gulden Draak Classic pendant 24 semaines suppl\u00e9mentaires dans des f\u00fbts de bourbon sp\u00e9cialement s\u00e9lectionn\u00e9s apr\u00e8s le lagering. Ces f\u00fbts proviennent d&rsquo;Am\u00e9rique et n&rsquo;ont \u00e9t\u00e9 utilis\u00e9s que deux fois dans la distillerie d&rsquo;origine. Apr\u00e8s la maturation, la bi\u00e8re subit sa fermentation secondaire classique avec la levure de vin unique et brevet\u00e9e, ce qui garantit un \u00e9quilibre parfait. Les caract\u00e9ristiques gustatives typiques de la Gulden Draak Classic s&rsquo;harmonisent parfaitement avec les notes chaudes de miel, de raisins secs, de vanille et de bois (et les ar\u00f4mes l\u00e9g\u00e8rement sucr\u00e9s) des f\u00fbts de bourbon.<\/p>\n<\/div>\n<\/div>\n[\/vc_column_text][\/vc_column][\/vc_row]\n<\/div>","protected":false},"excerpt":{"rendered":"<p>\u00c9lev\u00e9 pendant 8 semaines en barriques de Bourbon<\/p>\n","protected":false},"featured_media":49438,"comment_status":"closed","ping_status":"closed","template":"","meta":{"_acf_changed":false,"bwfblock_default_font":""},"product_brand":[],"product_cat":[162,116],"product_tag":[189],"class_list":{"0":"post-3204","1":"product","2":"type-product","3":"status-publish","4":"has-post-thumbnail","6":"product_cat-biere","7":"product_cat-gulden-draak","8":"product_tag-hide-in-carousel-fr","9":"entry","10":"has-media","12":"first","13":"instock","14":"taxable","15":"shipping-taxable","16":"purchasable","17":"product-type-simple"},"acf":[],"_links":{"self":[{"href":"https:\/\/www.vansteenberge.com\/fr\/wp-json\/wp\/v2\/product\/3204","targetHints":{"allow":["GET"]}}],"collection":[{"href":"https:\/\/www.vansteenberge.com\/fr\/wp-json\/wp\/v2\/product"}],"about":[{"href":"https:\/\/www.vansteenberge.com\/fr\/wp-json\/wp\/v2\/types\/product"}],"replies":[{"embeddable":true,"href":"https:\/\/www.vansteenberge.com\/fr\/wp-json\/wp\/v2\/comments?post=3204"}],"wp:featuredmedia":[{"embeddable":true,"href":"https:\/\/www.vansteenberge.com\/fr\/wp-json\/wp\/v2\/media\/49438"}],"wp:attachment":[{"href":"https:\/\/www.vansteenberge.com\/fr\/wp-json\/wp\/v2\/media?parent=3204"}],"wp:term":[{"taxonomy":"product_brand","embeddable":true,"href":"https:\/\/www.vansteenberge.com\/fr\/wp-json\/wp\/v2\/product_brand?post=3204"},{"taxonomy":"product_cat","embeddable":true,"href":"https:\/\/www.vansteenberge.com\/fr\/wp-json\/wp\/v2\/product_cat?post=3204"},{"taxonomy":"product_tag","embeddable":true,"href":"https:\/\/www.vansteenberge.com\/fr\/wp-json\/wp\/v2\/product_tag?post=3204"}],"curies":[{"name":"wp","href":"https:\/\/api.w.org\/{rel}","templated":true}]}}