{"id":3209,"date":"2023-09-28T12:05:49","date_gmt":"2023-09-28T12:05:49","guid":{"rendered":"https:\/\/www.vansteenberge.com\/?post_type=product&#038;p=3209"},"modified":"2026-04-25T01:12:16","modified_gmt":"2026-04-24T23:12:16","slug":"gulden-draak-cuvee-prestige-laphroaig-75cl","status":"publish","type":"product","link":"https:\/\/www.vansteenberge.com\/fr\/product\/gulden-draak-cuvee-prestige-laphroaig-75cl\/","title":{"rendered":"Gulden Draak Cuv\u00e9e Prestige Laphroaig &#8211; 75cl"},"content":{"rendered":"<p>Apr\u00e8s une \u00e9dition pr\u00e9c\u00e9dente couronn\u00e9e de succ\u00e8s, cette Gulden Draak Cuv\u00e9e Prestige Laphroaig est \u00e0 nouveau disponible, cette fois avec notre troisi\u00e8me lot. Cette version a \u00e9t\u00e9 vieillie pendant 16 semaines dans des f\u00fbts de Laphroaig provenant de l&#8217;embl\u00e9matique distillerie \u00e9cossaise de l&rsquo;\u00eele d&rsquo;Islay. Laphroaig est connu pour son go\u00fbt prononc\u00e9 de tourbe, et ce caract\u00e8re fum\u00e9 et cors\u00e9 est clairement \u00e9vident dans ce Gulden Draak Cuv\u00e9e Prestige Laphroaig, ce qui en fait un m\u00e9lange unique et excentrique qui ne manquera pas de surprendre les aficionados.<\/p>\n<p>Nous sommes \u00e9galement fiers d&rsquo;annoncer que cette nouvelle cuv\u00e9e comporte une nouvelle \u00e9tiquette et un design enti\u00e8rement revu, soulignant encore davantage le caract\u00e8re haut de gamme de cette \u00e9dition unique.<\/p>\n","protected":false},"excerpt":{"rendered":"<p>\u00c9lev\u00e9 pendant 16 semaines en barriques de Laphroaig<\/p>\n","protected":false},"featured_media":36551,"comment_status":"closed","ping_status":"closed","template":"","meta":{"_acf_changed":false,"bwfblock_default_font":""},"product_brand":[],"product_cat":[162,116],"product_tag":[189],"class_list":{"0":"post-3209","1":"product","2":"type-product","3":"status-publish","4":"has-post-thumbnail","6":"product_cat-biere","7":"product_cat-gulden-draak","8":"product_tag-hide-in-carousel-fr","9":"entry","10":"has-media","12":"first","13":"instock","14":"taxable","15":"shipping-taxable","16":"purchasable","17":"product-type-simple"},"acf":[],"_links":{"self":[{"href":"https:\/\/www.vansteenberge.com\/fr\/wp-json\/wp\/v2\/product\/3209","targetHints":{"allow":["GET"]}}],"collection":[{"href":"https:\/\/www.vansteenberge.com\/fr\/wp-json\/wp\/v2\/product"}],"about":[{"href":"https:\/\/www.vansteenberge.com\/fr\/wp-json\/wp\/v2\/types\/product"}],"replies":[{"embeddable":true,"href":"https:\/\/www.vansteenberge.com\/fr\/wp-json\/wp\/v2\/comments?post=3209"}],"wp:featuredmedia":[{"embeddable":true,"href":"https:\/\/www.vansteenberge.com\/fr\/wp-json\/wp\/v2\/media\/36551"}],"wp:attachment":[{"href":"https:\/\/www.vansteenberge.com\/fr\/wp-json\/wp\/v2\/media?parent=3209"}],"wp:term":[{"taxonomy":"product_brand","embeddable":true,"href":"https:\/\/www.vansteenberge.com\/fr\/wp-json\/wp\/v2\/product_brand?post=3209"},{"taxonomy":"product_cat","embeddable":true,"href":"https:\/\/www.vansteenberge.com\/fr\/wp-json\/wp\/v2\/product_cat?post=3209"},{"taxonomy":"product_tag","embeddable":true,"href":"https:\/\/www.vansteenberge.com\/fr\/wp-json\/wp\/v2\/product_tag?post=3209"}],"curies":[{"name":"wp","href":"https:\/\/api.w.org\/{rel}","templated":true}]}}