{"id":40535,"date":"2023-03-09T10:58:47","date_gmt":"2023-03-09T09:58:47","guid":{"rendered":"https:\/\/www.vansteenberge.com\/product\/leute-bokbier\/"},"modified":"2025-03-04T15:55:03","modified_gmt":"2025-03-04T14:55:03","slug":"leute-bokbier","status":"publish","type":"product","link":"https:\/\/www.vansteenberge.com\/fr\/product\/leute-bokbier\/","title":{"rendered":"Leute Bokbier &#8211; 33cl"},"content":{"rendered":"<p>La Leute Bokbier a \u00e9t\u00e9 brass\u00e9e pour la premi\u00e8re fois par la brasserie Van Steenberge en 1927.<\/p>\n<p>Le bok et la cuve de houblon du logo font r\u00e9f\u00e9rence au bok de la ferme de la brasserie de l&rsquo;\u00e9poque et aux champs de houblon adjacents. Malheureusement, l&rsquo;arr\u00eat de l&rsquo;activit\u00e9 agricole s&rsquo;est accompagn\u00e9 de la disparition de la Leute Bokbier, qui n&rsquo;a \u00e9t\u00e9 produite qu&rsquo;en 1997. LEUTE BOKBIER allie toutes les qualit\u00e9s du pass\u00e9 et les connaissances du pr\u00e9sent. La LEUTE BOKBIER est une bi\u00e8re de haute fermentation, lourde et de couleur rouge fonc\u00e9, qui subit une fermentation secondaire en bouteille ou en f\u00fbt. Elle a un go\u00fbt tr\u00e8s aromatique, pas trop nettement sucr\u00e9, mais plein et doux en bouche. Cette bi\u00e8re est \u00e9galement livr\u00e9e avec un verre \u00e0 d\u00e9canter sp\u00e9cial avec une base en bois.<\/p>\n","protected":false},"excerpt":{"rendered":"<p>La LEUTE BOKBIER est une bi\u00e8re rouge fonc\u00e9 de haute fermentation qui subit une fermentation secondaire en bouteille ou en f\u00fbt.<\/p>\n","protected":false},"featured_media":33917,"comment_status":"closed","ping_status":"closed","template":"","meta":{"_acf_changed":false,"bwfblock_default_font":""},"product_brand":[],"product_cat":[162,414],"product_tag":[],"class_list":{"0":"post-40535","1":"product","2":"type-product","3":"status-publish","4":"has-post-thumbnail","6":"product_cat-biere","7":"product_cat-leute-bok-fr","8":"entry","9":"has-media","11":"first","12":"outofstock","13":"taxable","14":"shipping-taxable","15":"purchasable","16":"product-type-simple"},"acf":[],"_links":{"self":[{"href":"https:\/\/www.vansteenberge.com\/fr\/wp-json\/wp\/v2\/product\/40535","targetHints":{"allow":["GET"]}}],"collection":[{"href":"https:\/\/www.vansteenberge.com\/fr\/wp-json\/wp\/v2\/product"}],"about":[{"href":"https:\/\/www.vansteenberge.com\/fr\/wp-json\/wp\/v2\/types\/product"}],"replies":[{"embeddable":true,"href":"https:\/\/www.vansteenberge.com\/fr\/wp-json\/wp\/v2\/comments?post=40535"}],"wp:featuredmedia":[{"embeddable":true,"href":"https:\/\/www.vansteenberge.com\/fr\/wp-json\/wp\/v2\/media\/33917"}],"wp:attachment":[{"href":"https:\/\/www.vansteenberge.com\/fr\/wp-json\/wp\/v2\/media?parent=40535"}],"wp:term":[{"taxonomy":"product_brand","embeddable":true,"href":"https:\/\/www.vansteenberge.com\/fr\/wp-json\/wp\/v2\/product_brand?post=40535"},{"taxonomy":"product_cat","embeddable":true,"href":"https:\/\/www.vansteenberge.com\/fr\/wp-json\/wp\/v2\/product_cat?post=40535"},{"taxonomy":"product_tag","embeddable":true,"href":"https:\/\/www.vansteenberge.com\/fr\/wp-json\/wp\/v2\/product_tag?post=40535"}],"curies":[{"name":"wp","href":"https:\/\/api.w.org\/{rel}","templated":true}]}}