{"id":44789,"date":"2023-10-23T12:46:54","date_gmt":"2023-10-23T10:46:54","guid":{"rendered":"https:\/\/www.vansteenberge.com\/product\/gulden-draak-fire\/"},"modified":"2026-03-30T09:34:06","modified_gmt":"2026-03-30T07:34:06","slug":"gulden-draak-fire","status":"publish","type":"product","link":"https:\/\/www.vansteenberge.com\/fr\/product\/gulden-draak-fire\/","title":{"rendered":"Gulden Draak Fire &#8211; 33cl"},"content":{"rendered":"<p><strong>Histoire<\/strong><\/p>\n<p><span class=\"TextRun SCXW168274768 BCX0\" lang=\"FR-FR\" xml:lang=\"FR-FR\" data-contrast=\"auto\"><span class=\"NormalTextRun SCXW168274768 BCX0\">La l\u00e9gende ardente d<\/span><span class=\"NormalTextRun SCXW168274768 BCX0\">u<\/span><span class=\"NormalTextRun SCXW168274768 BCX0\">\u00a0Gulden\u00a0<\/span><span class=\"NormalTextRun SpellingErrorV2Themed SCXW168274768 BCX0\">Draak<\/span><span class=\"NormalTextRun SCXW168274768 BCX0\">\u00a0s<\/span><span class=\"NormalTextRun SCXW168274768 BCX0\">\u2019<\/span><span class=\"NormalTextRun SCXW168274768 BCX0\">exprime dans la Gulden\u00a0<\/span><span class=\"NormalTextRun SpellingErrorV2Themed SCXW168274768 BCX0\">Draak<\/span><span class=\"NormalTextRun SCXW168274768 BCX0\">\u00a0Fire. Inspir\u00e9e par le dragon d<\/span><span class=\"NormalTextRun SCXW168274768 BCX0\">\u2019<\/span><span class=\"NormalTextRun SCXW168274768 BCX0\">or qui tr\u00f4ne au sommet du beffroi de Gand, cette bi\u00e8re d\u00e9ploie une exp\u00e9rience gustative chaleureuse et puissante, qui restitue toute la force symbolique de son nom mythique.<\/span><\/span><span class=\"EOP SCXW168274768 BCX0\" data-ccp-props=\"{&quot;201341983&quot;:0,&quot;335559739&quot;:0,&quot;335559740&quot;:240}\">\u00a0<\/span><\/p>\n<p><strong>Description de produit<\/strong><\/p>\n<p>Bi\u00e8re belge fougueuse, riche et puissante \u00e0 fermentation secondaire.<\/p>\n<p><em>Cette bi\u00e8re sp\u00e9ciale est d&rsquo;un brun rouge profond et pr\u00e9sente un caract\u00e8re de caramel intens\u00e9ment sucr\u00e9 avec des accents de banane et de figues s\u00e9ch\u00e9es. Cependant, le feu est dans l&rsquo;arri\u00e8re-go\u00fbt, o\u00f9 le piment accentue brillamment les notes de malt et r\u00e9chauffe la gorge.<\/em><\/p>\n<p><em>Sofie Vanrafelghem<\/em><\/p>\n","protected":false},"excerpt":{"rendered":"<p>Gulden Draak Fire<\/p>\n","protected":false},"featured_media":46584,"comment_status":"closed","ping_status":"closed","template":"","meta":{"_acf_changed":false,"bwfblock_default_font":""},"product_brand":[],"product_cat":[162,116],"product_tag":[],"class_list":{"0":"post-44789","1":"product","2":"type-product","3":"status-publish","4":"has-post-thumbnail","6":"product_cat-biere","7":"product_cat-gulden-draak","8":"entry","9":"has-media","11":"first","12":"instock","13":"taxable","14":"shipping-taxable","15":"purchasable","16":"product-type-simple"},"acf":[],"_links":{"self":[{"href":"https:\/\/www.vansteenberge.com\/fr\/wp-json\/wp\/v2\/product\/44789","targetHints":{"allow":["GET"]}}],"collection":[{"href":"https:\/\/www.vansteenberge.com\/fr\/wp-json\/wp\/v2\/product"}],"about":[{"href":"https:\/\/www.vansteenberge.com\/fr\/wp-json\/wp\/v2\/types\/product"}],"replies":[{"embeddable":true,"href":"https:\/\/www.vansteenberge.com\/fr\/wp-json\/wp\/v2\/comments?post=44789"}],"wp:featuredmedia":[{"embeddable":true,"href":"https:\/\/www.vansteenberge.com\/fr\/wp-json\/wp\/v2\/media\/46584"}],"wp:attachment":[{"href":"https:\/\/www.vansteenberge.com\/fr\/wp-json\/wp\/v2\/media?parent=44789"}],"wp:term":[{"taxonomy":"product_brand","embeddable":true,"href":"https:\/\/www.vansteenberge.com\/fr\/wp-json\/wp\/v2\/product_brand?post=44789"},{"taxonomy":"product_cat","embeddable":true,"href":"https:\/\/www.vansteenberge.com\/fr\/wp-json\/wp\/v2\/product_cat?post=44789"},{"taxonomy":"product_tag","embeddable":true,"href":"https:\/\/www.vansteenberge.com\/fr\/wp-json\/wp\/v2\/product_tag?post=44789"}],"curies":[{"name":"wp","href":"https:\/\/api.w.org\/{rel}","templated":true}]}}