{"id":46514,"date":"2025-01-13T11:14:34","date_gmt":"2025-01-13T10:14:34","guid":{"rendered":"https:\/\/www.vansteenberge.com\/?post_type=product&#038;p=46514"},"modified":"2025-05-14T20:08:00","modified_gmt":"2025-05-14T18:08:00","slug":"gulden-draak-cuvee-prestige-porto-75cl","status":"publish","type":"product","link":"https:\/\/www.vansteenberge.com\/fr\/product\/gulden-draak-cuvee-prestige-porto-75cl\/","title":{"rendered":"Gulden Draak Cuv\u00e9e Prestige Porto &#8211; 75cl"},"content":{"rendered":"<div class=\"wpb-content-wrapper\">[vc_row][vc_column][vc_column_text css=\u00a0\u00bb\u00a0\u00bb]\n<div class=\"wpb_text_column wpb_content_element \">\n<div class=\"wpb_wrapper\">\n<p>Cette Gulden Draak Cuv\u00e9e Prestige a m\u00fbri pendant pas moins de 17 semaines dans d\u2019authentiques f\u00fbts de porto issus de la c\u00e9l\u00e8bre vall\u00e9e du Douro, au Portugal.<\/p>\n<\/div>\n<\/div>\n[\/vc_column_text][\/vc_column][\/vc_row]\n<\/div>","protected":false},"excerpt":{"rendered":"<p>17 semaines dans d\u2019authentiques f\u00fbts de porto de la c\u00e9l\u00e8bre vall\u00e9e du Douro, au Portugal.<\/p>\n","protected":false},"featured_media":47368,"comment_status":"closed","ping_status":"closed","template":"","meta":{"_acf_changed":false,"bwfblock_default_font":""},"product_brand":[],"product_cat":[162,116],"product_tag":[189],"class_list":{"0":"post-46514","1":"product","2":"type-product","3":"status-publish","4":"has-post-thumbnail","6":"product_cat-biere","7":"product_cat-gulden-draak","8":"product_tag-hide-in-carousel-fr","9":"entry","10":"has-media","12":"first","13":"outofstock","14":"taxable","15":"shipping-taxable","16":"purchasable","17":"product-type-simple"},"acf":[],"_links":{"self":[{"href":"https:\/\/www.vansteenberge.com\/fr\/wp-json\/wp\/v2\/product\/46514","targetHints":{"allow":["GET"]}}],"collection":[{"href":"https:\/\/www.vansteenberge.com\/fr\/wp-json\/wp\/v2\/product"}],"about":[{"href":"https:\/\/www.vansteenberge.com\/fr\/wp-json\/wp\/v2\/types\/product"}],"replies":[{"embeddable":true,"href":"https:\/\/www.vansteenberge.com\/fr\/wp-json\/wp\/v2\/comments?post=46514"}],"wp:featuredmedia":[{"embeddable":true,"href":"https:\/\/www.vansteenberge.com\/fr\/wp-json\/wp\/v2\/media\/47368"}],"wp:attachment":[{"href":"https:\/\/www.vansteenberge.com\/fr\/wp-json\/wp\/v2\/media?parent=46514"}],"wp:term":[{"taxonomy":"product_brand","embeddable":true,"href":"https:\/\/www.vansteenberge.com\/fr\/wp-json\/wp\/v2\/product_brand?post=46514"},{"taxonomy":"product_cat","embeddable":true,"href":"https:\/\/www.vansteenberge.com\/fr\/wp-json\/wp\/v2\/product_cat?post=46514"},{"taxonomy":"product_tag","embeddable":true,"href":"https:\/\/www.vansteenberge.com\/fr\/wp-json\/wp\/v2\/product_tag?post=46514"}],"curies":[{"name":"wp","href":"https:\/\/api.w.org\/{rel}","templated":true}]}}