{"id":47830,"date":"2025-02-03T10:04:41","date_gmt":"2025-02-03T09:04:41","guid":{"rendered":"https:\/\/www.vansteenberge.com\/?post_type=product&#038;p=47830"},"modified":"2026-04-15T13:13:40","modified_gmt":"2026-04-15T11:13:40","slug":"gulden-draak-imperial-stout-33cl","status":"publish","type":"product","link":"https:\/\/www.vansteenberge.com\/fr\/product\/gulden-draak-imperial-stout-33cl\/","title":{"rendered":"Gulden Draak Imperial Stout &#8211; 33cl"},"content":{"rendered":"<p>La Gulden Draak Imperial Stout est une bi\u00e8re de couleur marron fonc\u00e9 \u00e0 noire. C&rsquo;est la bi\u00e8re la plus lourde de la gamme Gulden Draak avec ses 11\u00b0 d&rsquo;alcool par volume. La saveur typique de torr\u00e9faction est obtenue par l&rsquo;ajout de malt torr\u00e9fi\u00e9 et caram\u00e9lis\u00e9 utilis\u00e9 exclusivement \u00e0 cette fin. C&rsquo;est une bi\u00e8re lourde tr\u00e8s bien \u00e9quilibr\u00e9e.<\/p>\n<p>La finale est riche et puissante. En d\u00e9gustant cette bi\u00e8re de sp\u00e9cialit\u00e9, vous d\u00e9couvrirez des ar\u00f4mes de banane et de chocolat. La fermentation secondaire prend tout son sens et \u00e9quilibre parfaitement les alcools les plus \u00e9lev\u00e9s.<\/p>\n<p>&nbsp;<\/p>\n","protected":false},"excerpt":{"rendered":"<p>Diep donker, rijk en krachtig.<\/p>\n","protected":false},"featured_media":4486,"comment_status":"closed","ping_status":"closed","template":"","meta":{"_acf_changed":false,"bwfblock_default_font":""},"product_brand":[],"product_cat":[162,116],"product_tag":[],"class_list":{"0":"post-47830","1":"product","2":"type-product","3":"status-publish","4":"has-post-thumbnail","6":"product_cat-biere","7":"product_cat-gulden-draak","8":"entry","9":"has-media","11":"first","12":"instock","13":"taxable","14":"shipping-taxable","15":"purchasable","16":"product-type-simple"},"acf":[],"_links":{"self":[{"href":"https:\/\/www.vansteenberge.com\/fr\/wp-json\/wp\/v2\/product\/47830","targetHints":{"allow":["GET"]}}],"collection":[{"href":"https:\/\/www.vansteenberge.com\/fr\/wp-json\/wp\/v2\/product"}],"about":[{"href":"https:\/\/www.vansteenberge.com\/fr\/wp-json\/wp\/v2\/types\/product"}],"replies":[{"embeddable":true,"href":"https:\/\/www.vansteenberge.com\/fr\/wp-json\/wp\/v2\/comments?post=47830"}],"wp:featuredmedia":[{"embeddable":true,"href":"https:\/\/www.vansteenberge.com\/fr\/wp-json\/wp\/v2\/media\/4486"}],"wp:attachment":[{"href":"https:\/\/www.vansteenberge.com\/fr\/wp-json\/wp\/v2\/media?parent=47830"}],"wp:term":[{"taxonomy":"product_brand","embeddable":true,"href":"https:\/\/www.vansteenberge.com\/fr\/wp-json\/wp\/v2\/product_brand?post=47830"},{"taxonomy":"product_cat","embeddable":true,"href":"https:\/\/www.vansteenberge.com\/fr\/wp-json\/wp\/v2\/product_cat?post=47830"},{"taxonomy":"product_tag","embeddable":true,"href":"https:\/\/www.vansteenberge.com\/fr\/wp-json\/wp\/v2\/product_tag?post=47830"}],"curies":[{"name":"wp","href":"https:\/\/api.w.org\/{rel}","templated":true}]}}