{"id":47858,"date":"2025-02-03T10:43:24","date_gmt":"2025-02-03T09:43:24","guid":{"rendered":"https:\/\/www.vansteenberge.com\/?post_type=product&#038;p=47858"},"modified":"2026-02-17T19:23:37","modified_gmt":"2026-02-17T18:23:37","slug":"monks-cafe-grand-cru-75cl","status":"publish","type":"product","link":"https:\/\/www.vansteenberge.com\/fr\/product\/monks-cafe-grand-cru-75cl\/","title":{"rendered":"Monk&rsquo;s Caf\u00e9 Grand Cru &#8211; 75cl"},"content":{"rendered":"<p>La Monk\u2019s Caf\u00e9 Grand Cru est une bi\u00e8re de fermentation haute, m\u00fbrie en cuve.<br \/>\n\u00c9lue meilleure bi\u00e8re brune au monde, World Beer Awards 2019.<\/p>\n<p>&nbsp;<\/p>\n","protected":false},"excerpt":{"rendered":"<p>Mildzuur oud bruin<\/p>\n","protected":false},"featured_media":1332,"comment_status":"closed","ping_status":"closed","template":"","meta":{"_acf_changed":false,"bwfblock_default_font":""},"product_brand":[],"product_cat":[162,147],"product_tag":[],"class_list":{"0":"post-47858","1":"product","2":"type-product","3":"status-publish","4":"has-post-thumbnail","6":"product_cat-biere","7":"product_cat-monks-fr","8":"entry","9":"has-media","11":"first","12":"outofstock","13":"taxable","14":"shipping-taxable","15":"purchasable","16":"product-type-simple"},"acf":[],"_links":{"self":[{"href":"https:\/\/www.vansteenberge.com\/fr\/wp-json\/wp\/v2\/product\/47858","targetHints":{"allow":["GET"]}}],"collection":[{"href":"https:\/\/www.vansteenberge.com\/fr\/wp-json\/wp\/v2\/product"}],"about":[{"href":"https:\/\/www.vansteenberge.com\/fr\/wp-json\/wp\/v2\/types\/product"}],"replies":[{"embeddable":true,"href":"https:\/\/www.vansteenberge.com\/fr\/wp-json\/wp\/v2\/comments?post=47858"}],"wp:featuredmedia":[{"embeddable":true,"href":"https:\/\/www.vansteenberge.com\/fr\/wp-json\/wp\/v2\/media\/1332"}],"wp:attachment":[{"href":"https:\/\/www.vansteenberge.com\/fr\/wp-json\/wp\/v2\/media?parent=47858"}],"wp:term":[{"taxonomy":"product_brand","embeddable":true,"href":"https:\/\/www.vansteenberge.com\/fr\/wp-json\/wp\/v2\/product_brand?post=47858"},{"taxonomy":"product_cat","embeddable":true,"href":"https:\/\/www.vansteenberge.com\/fr\/wp-json\/wp\/v2\/product_cat?post=47858"},{"taxonomy":"product_tag","embeddable":true,"href":"https:\/\/www.vansteenberge.com\/fr\/wp-json\/wp\/v2\/product_tag?post=47858"}],"curies":[{"name":"wp","href":"https:\/\/api.w.org\/{rel}","templated":true}]}}