{"id":47881,"date":"2025-02-03T11:28:55","date_gmt":"2025-02-03T10:28:55","guid":{"rendered":"https:\/\/www.vansteenberge.com\/?post_type=product&#038;p=47881"},"modified":"2026-02-24T18:45:21","modified_gmt":"2026-02-24T17:45:21","slug":"bornem-tripel-33cl-kopie","status":"publish","type":"product","link":"https:\/\/www.vansteenberge.com\/fr\/product\/bornem-tripel-75cl\/","title":{"rendered":"Bornem Tripel &#8211; 75cl"},"content":{"rendered":"<p>La Bornem Tripel est une bi\u00e8re puissante \u00e0 d\u00e9guster au dessert ou \u00e0 l&rsquo;ap\u00e9ritif. Certains le pr\u00e9f\u00e8rent avec des moules ou d&rsquo;autres fruits de mer. Cette bi\u00e8re d&rsquo;abbaye est \u00e9galement excellente avec un plat de fromage sal\u00e9.<\/p>\n<p>Le h\u00e9ron typique avec un poisson dans le bec qui orne les \u00e9tiquettes est un oiseau commun dans la r\u00e9gion de Bornem. Plusieurs \u00e9tablissements de restauration portent \u00ab h\u00e9ron \u00bb dans leur nom et nous rendons ainsi hommage aux racines de cette riche bi\u00e8re d&rsquo;abbaye.<\/p>\n<p>&nbsp;<\/p>\n","protected":false},"excerpt":{"rendered":"<p>Een krachtig bier om van te genieten.<\/p>\n","protected":false},"featured_media":1272,"comment_status":"closed","ping_status":"closed","template":"","meta":{"_acf_changed":false,"bwfblock_default_font":""},"product_brand":[],"product_cat":[162,158],"product_tag":[],"class_list":{"0":"post-47881","1":"product","2":"type-product","3":"status-publish","4":"has-post-thumbnail","6":"product_cat-biere","7":"product_cat-bornem-fr","8":"entry","9":"has-media","11":"first","12":"instock","13":"taxable","14":"shipping-taxable","15":"purchasable","16":"product-type-simple"},"acf":[],"_links":{"self":[{"href":"https:\/\/www.vansteenberge.com\/fr\/wp-json\/wp\/v2\/product\/47881","targetHints":{"allow":["GET"]}}],"collection":[{"href":"https:\/\/www.vansteenberge.com\/fr\/wp-json\/wp\/v2\/product"}],"about":[{"href":"https:\/\/www.vansteenberge.com\/fr\/wp-json\/wp\/v2\/types\/product"}],"replies":[{"embeddable":true,"href":"https:\/\/www.vansteenberge.com\/fr\/wp-json\/wp\/v2\/comments?post=47881"}],"wp:featuredmedia":[{"embeddable":true,"href":"https:\/\/www.vansteenberge.com\/fr\/wp-json\/wp\/v2\/media\/1272"}],"wp:attachment":[{"href":"https:\/\/www.vansteenberge.com\/fr\/wp-json\/wp\/v2\/media?parent=47881"}],"wp:term":[{"taxonomy":"product_brand","embeddable":true,"href":"https:\/\/www.vansteenberge.com\/fr\/wp-json\/wp\/v2\/product_brand?post=47881"},{"taxonomy":"product_cat","embeddable":true,"href":"https:\/\/www.vansteenberge.com\/fr\/wp-json\/wp\/v2\/product_cat?post=47881"},{"taxonomy":"product_tag","embeddable":true,"href":"https:\/\/www.vansteenberge.com\/fr\/wp-json\/wp\/v2\/product_tag?post=47881"}],"curies":[{"name":"wp","href":"https:\/\/api.w.org\/{rel}","templated":true}]}}