{"id":47898,"date":"2025-02-03T12:18:17","date_gmt":"2025-02-03T11:18:17","guid":{"rendered":"https:\/\/www.vansteenberge.com\/?post_type=product&#038;p=47898"},"modified":"2026-03-13T17:56:04","modified_gmt":"2026-03-13T16:56:04","slug":"piraat-33cl-kopie","status":"publish","type":"product","link":"https:\/\/www.vansteenberge.com\/fr\/product\/piraat-75-centilitre\/","title":{"rendered":"Piraat &#8211; 75cl"},"content":{"rendered":"<p>Cette bi\u00e8re blonde de fermentation haute et de fermentation secondaire pr\u00e9sente un ar\u00f4me tr\u00e8s cors\u00e9 et un \u00e9quilibre parfait entre le sucr\u00e9 et l&rsquo;amer, avec un arri\u00e8re-go\u00fbt agr\u00e9able. Une bi\u00e8re ambr\u00e9e et lourde \u00e0 d\u00e9guster pendant longtemps.<\/p>\n<p>La fermentation en bouteille et en barrique garantit une dur\u00e9e de conservation de plusieurs ann\u00e9es et une \u00e9volution de la saveur.<\/p>\n","protected":false},"excerpt":{"rendered":"<p>Licht amberkleurig bier met een volle, witte schuimkraag<\/p>\n","protected":false},"featured_media":1340,"comment_status":"closed","ping_status":"closed","template":"","meta":{"_acf_changed":false,"bwfblock_default_font":""},"product_brand":[],"product_cat":[162,123],"product_tag":[],"class_list":{"0":"post-47898","1":"product","2":"type-product","3":"status-publish","4":"has-post-thumbnail","6":"product_cat-biere","7":"product_cat-piraat-fr","8":"entry","9":"has-media","11":"first","12":"instock","13":"taxable","14":"shipping-taxable","15":"purchasable","16":"product-type-simple"},"acf":[],"_links":{"self":[{"href":"https:\/\/www.vansteenberge.com\/fr\/wp-json\/wp\/v2\/product\/47898","targetHints":{"allow":["GET"]}}],"collection":[{"href":"https:\/\/www.vansteenberge.com\/fr\/wp-json\/wp\/v2\/product"}],"about":[{"href":"https:\/\/www.vansteenberge.com\/fr\/wp-json\/wp\/v2\/types\/product"}],"replies":[{"embeddable":true,"href":"https:\/\/www.vansteenberge.com\/fr\/wp-json\/wp\/v2\/comments?post=47898"}],"wp:featuredmedia":[{"embeddable":true,"href":"https:\/\/www.vansteenberge.com\/fr\/wp-json\/wp\/v2\/media\/1340"}],"wp:attachment":[{"href":"https:\/\/www.vansteenberge.com\/fr\/wp-json\/wp\/v2\/media?parent=47898"}],"wp:term":[{"taxonomy":"product_brand","embeddable":true,"href":"https:\/\/www.vansteenberge.com\/fr\/wp-json\/wp\/v2\/product_brand?post=47898"},{"taxonomy":"product_cat","embeddable":true,"href":"https:\/\/www.vansteenberge.com\/fr\/wp-json\/wp\/v2\/product_cat?post=47898"},{"taxonomy":"product_tag","embeddable":true,"href":"https:\/\/www.vansteenberge.com\/fr\/wp-json\/wp\/v2\/product_tag?post=47898"}],"curies":[{"name":"wp","href":"https:\/\/api.w.org\/{rel}","templated":true}]}}