{"id":47914,"date":"2025-02-03T12:37:55","date_gmt":"2025-02-03T11:37:55","guid":{"rendered":"https:\/\/www.vansteenberge.com\/?post_type=product&#038;p=47914"},"modified":"2026-03-31T18:40:15","modified_gmt":"2026-03-31T16:40:15","slug":"fourchette-75cl-kopie","status":"publish","type":"product","link":"https:\/\/www.vansteenberge.com\/fr\/product\/fourchette-1-5l\/","title":{"rendered":"Fourchette Magnum &#8211; 1,5l"},"content":{"rendered":"<p>Fourchette na\u00eet de la rencontre de deux passions : le go\u00fbt raffin\u00e9 des grands chefs et le savoir-faire de six g\u00e9n\u00e9rations de ma\u00eetres brasseurs.<\/p>\n<p>La Fourchette est une bi\u00e8re vivante, fabriqu\u00e9e \u00e0 partir des meilleures mati\u00e8res premi\u00e8res : malt, bl\u00e9, houblon, mo\u00fbt, &#8230; Gr\u00e2ce au processus de fermentation haute et de fermentation secondaire en bouteille, nous cr\u00e9ons un \u00e9quilibre velout\u00e9 entre une l\u00e9g\u00e8re amertume et un agr\u00e9able rafra\u00eechissement.<\/p>\n<p style=\"text-align: center;\">\n","protected":false},"excerpt":{"rendered":"<p>Zacht bitter en aangenaam verfrissend.<\/p>\n","protected":false},"featured_media":49452,"comment_status":"closed","ping_status":"closed","template":"","meta":{"_acf_changed":false,"bwfblock_default_font":""},"product_brand":[],"product_cat":[162,125],"product_tag":[],"class_list":{"0":"post-47914","1":"product","2":"type-product","3":"status-publish","4":"has-post-thumbnail","6":"product_cat-biere","7":"product_cat-fourchette-fr","8":"entry","9":"has-media","11":"first","12":"instock","13":"taxable","14":"shipping-taxable","15":"purchasable","16":"product-type-simple"},"acf":[],"_links":{"self":[{"href":"https:\/\/www.vansteenberge.com\/fr\/wp-json\/wp\/v2\/product\/47914","targetHints":{"allow":["GET"]}}],"collection":[{"href":"https:\/\/www.vansteenberge.com\/fr\/wp-json\/wp\/v2\/product"}],"about":[{"href":"https:\/\/www.vansteenberge.com\/fr\/wp-json\/wp\/v2\/types\/product"}],"replies":[{"embeddable":true,"href":"https:\/\/www.vansteenberge.com\/fr\/wp-json\/wp\/v2\/comments?post=47914"}],"wp:featuredmedia":[{"embeddable":true,"href":"https:\/\/www.vansteenberge.com\/fr\/wp-json\/wp\/v2\/media\/49452"}],"wp:attachment":[{"href":"https:\/\/www.vansteenberge.com\/fr\/wp-json\/wp\/v2\/media?parent=47914"}],"wp:term":[{"taxonomy":"product_brand","embeddable":true,"href":"https:\/\/www.vansteenberge.com\/fr\/wp-json\/wp\/v2\/product_brand?post=47914"},{"taxonomy":"product_cat","embeddable":true,"href":"https:\/\/www.vansteenberge.com\/fr\/wp-json\/wp\/v2\/product_cat?post=47914"},{"taxonomy":"product_tag","embeddable":true,"href":"https:\/\/www.vansteenberge.com\/fr\/wp-json\/wp\/v2\/product_tag?post=47914"}],"curies":[{"name":"wp","href":"https:\/\/api.w.org\/{rel}","templated":true}]}}