{"id":47925,"date":"2025-02-03T12:54:55","date_gmt":"2025-02-03T11:54:55","guid":{"rendered":"https:\/\/www.vansteenberge.com\/?post_type=product&#038;p=47925"},"modified":"2026-04-10T11:52:42","modified_gmt":"2026-04-10T09:52:42","slug":"augustijn-blonde-33cl-kopie","status":"publish","type":"product","link":"https:\/\/www.vansteenberge.com\/fr\/product\/augustijn-blonde-75cl\/","title":{"rendered":"Augustijn Blonde &#8211; 75cl"},"content":{"rendered":"<p>Authentique bi\u00e8re blonde de monast\u00e8re de fermentation haute avec fermentation secondaire. Trois vari\u00e9t\u00e9s de levures diff\u00e9rentes apportent une saveur exceptionnelle avec une touche fruit\u00e9e. Si vous buvez la bi\u00e8re jeune (jusqu&rsquo;\u00e0 3 mois apr\u00e8s la mise en bouteille), vous d\u00e9couvrirez une saveur fruit\u00e9e et houblonn\u00e9e. En laissant vieillir la bi\u00e8re, la couleur devient plus profonde et la saveur plus prononc\u00e9e.<\/p>\n<p>&nbsp;<\/p>\n","protected":false},"excerpt":{"rendered":"<p>Blond kloosterbier van hoge gisting<\/p>\n","protected":false},"featured_media":1216,"comment_status":"closed","ping_status":"closed","template":"","meta":{"_acf_changed":false,"bwfblock_default_font":""},"product_brand":[],"product_cat":[109,162],"product_tag":[],"class_list":{"0":"post-47925","1":"product","2":"type-product","3":"status-publish","4":"has-post-thumbnail","6":"product_cat-augustijn-fr","7":"product_cat-biere","8":"entry","9":"has-media","11":"first","12":"instock","13":"taxable","14":"shipping-taxable","15":"purchasable","16":"product-type-simple"},"acf":[],"_links":{"self":[{"href":"https:\/\/www.vansteenberge.com\/fr\/wp-json\/wp\/v2\/product\/47925","targetHints":{"allow":["GET"]}}],"collection":[{"href":"https:\/\/www.vansteenberge.com\/fr\/wp-json\/wp\/v2\/product"}],"about":[{"href":"https:\/\/www.vansteenberge.com\/fr\/wp-json\/wp\/v2\/types\/product"}],"replies":[{"embeddable":true,"href":"https:\/\/www.vansteenberge.com\/fr\/wp-json\/wp\/v2\/comments?post=47925"}],"wp:featuredmedia":[{"embeddable":true,"href":"https:\/\/www.vansteenberge.com\/fr\/wp-json\/wp\/v2\/media\/1216"}],"wp:attachment":[{"href":"https:\/\/www.vansteenberge.com\/fr\/wp-json\/wp\/v2\/media?parent=47925"}],"wp:term":[{"taxonomy":"product_brand","embeddable":true,"href":"https:\/\/www.vansteenberge.com\/fr\/wp-json\/wp\/v2\/product_brand?post=47925"},{"taxonomy":"product_cat","embeddable":true,"href":"https:\/\/www.vansteenberge.com\/fr\/wp-json\/wp\/v2\/product_cat?post=47925"},{"taxonomy":"product_tag","embeddable":true,"href":"https:\/\/www.vansteenberge.com\/fr\/wp-json\/wp\/v2\/product_tag?post=47925"}],"curies":[{"name":"wp","href":"https:\/\/api.w.org\/{rel}","templated":true}]}}