{"id":47940,"date":"2025-02-03T13:04:13","date_gmt":"2025-02-03T12:04:13","guid":{"rendered":"https:\/\/www.vansteenberge.com\/?post_type=product&#038;p=47940"},"modified":"2026-02-24T20:42:09","modified_gmt":"2026-02-24T19:42:09","slug":"augustijn-brune-33cl-kopie","status":"publish","type":"product","link":"https:\/\/www.vansteenberge.com\/fr\/product\/augustijn-brune-75cl\/","title":{"rendered":"Augustijn Brune &#8211; 75cl"},"content":{"rendered":"<p>La bi\u00e8re n&rsquo;est pas franchement sucr\u00e9e, comme beaucoup l&rsquo;attendent d&rsquo;une bi\u00e8re de sp\u00e9cialit\u00e9 fonc\u00e9e.<br \/>\nIl a plut\u00f4t un go\u00fbt l\u00e9g\u00e8rement fum\u00e9 avec des notes de noix et de caramel.<\/p>\n<p>&nbsp;<\/p>\n","protected":false},"excerpt":{"rendered":"<p>Niet uitgesproken zoet, donker speciaalbier.<\/p>\n","protected":false},"featured_media":1224,"comment_status":"closed","ping_status":"closed","template":"","meta":{"_acf_changed":false,"bwfblock_default_font":""},"product_brand":[],"product_cat":[109,162],"product_tag":[],"class_list":{"0":"post-47940","1":"product","2":"type-product","3":"status-publish","4":"has-post-thumbnail","6":"product_cat-augustijn-fr","7":"product_cat-biere","8":"entry","9":"has-media","11":"first","12":"instock","13":"taxable","14":"shipping-taxable","15":"purchasable","16":"product-type-simple"},"acf":[],"_links":{"self":[{"href":"https:\/\/www.vansteenberge.com\/fr\/wp-json\/wp\/v2\/product\/47940","targetHints":{"allow":["GET"]}}],"collection":[{"href":"https:\/\/www.vansteenberge.com\/fr\/wp-json\/wp\/v2\/product"}],"about":[{"href":"https:\/\/www.vansteenberge.com\/fr\/wp-json\/wp\/v2\/types\/product"}],"replies":[{"embeddable":true,"href":"https:\/\/www.vansteenberge.com\/fr\/wp-json\/wp\/v2\/comments?post=47940"}],"wp:featuredmedia":[{"embeddable":true,"href":"https:\/\/www.vansteenberge.com\/fr\/wp-json\/wp\/v2\/media\/1224"}],"wp:attachment":[{"href":"https:\/\/www.vansteenberge.com\/fr\/wp-json\/wp\/v2\/media?parent=47940"}],"wp:term":[{"taxonomy":"product_brand","embeddable":true,"href":"https:\/\/www.vansteenberge.com\/fr\/wp-json\/wp\/v2\/product_brand?post=47940"},{"taxonomy":"product_cat","embeddable":true,"href":"https:\/\/www.vansteenberge.com\/fr\/wp-json\/wp\/v2\/product_cat?post=47940"},{"taxonomy":"product_tag","embeddable":true,"href":"https:\/\/www.vansteenberge.com\/fr\/wp-json\/wp\/v2\/product_tag?post=47940"}],"curies":[{"name":"wp","href":"https:\/\/api.w.org\/{rel}","templated":true}]}}