{"id":47975,"date":"2025-02-03T13:51:02","date_gmt":"2025-02-03T12:51:02","guid":{"rendered":"https:\/\/www.vansteenberge.com\/?post_type=product&#038;p=47975"},"modified":"2026-04-09T10:08:43","modified_gmt":"2026-04-09T08:08:43","slug":"gulden-draak-9000-quadruple-33cl-kopie","status":"publish","type":"product","link":"https:\/\/www.vansteenberge.com\/fr\/product\/gulden-draak-9000-quadruple-75cl\/","title":{"rendered":"Gulden Draak 9000 Quadruple &#8211; 75cl"},"content":{"rendered":"<div class=\"grid__12 grid__6@med flex flex-column flex-justify-center\">\n<div class=\"grid__12 grid__6@med flex flex-column flex-justify-center\">\n<div class=\"spacer block--lists\">\n<p><strong>Histoire<\/strong><\/p>\n<p><span data-contrast=\"auto\">Le dragon d\u2019or veille sur Gand du haut de son\u00a0beffroi depuis 1377. Symbole de force et de protection, sa l\u00e9gende inspire la Gulden\u00a0Draak, lanc\u00e9e en 1986 : une bi\u00e8re sombre et puissante, impr\u00e9gn\u00e9e de myst\u00e8re et de fiert\u00e9, \u00e0 l\u2019image de son embl\u00e8me.<\/span><span data-ccp-props=\"{&quot;201341983&quot;:0,&quot;335559739&quot;:0,&quot;335559740&quot;:240}\"> Tout comme le dragon tr\u00f4ne au sommet de la ville, la Gulden Draak fait partie depuis des ann\u00e9es des meilleures bi\u00e8res au monde.\u00a0<\/span><\/p>\n<p><strong>Description de produit\u00a0<\/strong><\/p>\n<p>Comme les autres bi\u00e8res sp\u00e9ciales de la brasserie Van Steenberge, la Gulden Draak 9000 Quadruple est une bi\u00e8re de fermentation haute avec une fermentation secondaire. Une levure de vin est utilis\u00e9e pour la fermentation secondaire, ce qui contribue non seulement \u00e0 la saveur incomparable, mais garantit \u00e9galement une dur\u00e9e de conservation de plusieurs ann\u00e9es avec une \u00e9volution du go\u00fbt.<\/p>\n<p>La nouvelle recette bas\u00e9e sur 4 fois plus de malt donne \u00e0 la Gulden Draak 9000 Quadruple une couleur ambr\u00e9e dor\u00e9e profonde et un ar\u00f4me l\u00e9g\u00e8rement fruit\u00e9. Associ\u00e9 \u00e0 la saveur douce et l\u00e9g\u00e8rement sucr\u00e9e, il cr\u00e9e un bouquet d&rsquo;une belle rondeur avec des notes de fruits secs. La palette de saveurs particuli\u00e8rement riche et complexe et la t\u00eate pleine se retrouvent \u00e9galement dans la Gulden Draak 9000 Quadruple.<\/p>\n<p>&nbsp;<\/p>\n<p>&nbsp;<\/p>\n<p>&nbsp;<\/p>\n<\/div>\n<\/div>\n<\/div>\n","protected":false},"excerpt":{"rendered":"<p>Un quadruple exceptionnel de couleur ambre.<\/p>\n","protected":false},"featured_media":1312,"comment_status":"closed","ping_status":"closed","template":"","meta":{"_acf_changed":false,"bwfblock_default_font":""},"product_brand":[],"product_cat":[162,116],"product_tag":[],"class_list":{"0":"post-47975","1":"product","2":"type-product","3":"status-publish","4":"has-post-thumbnail","6":"product_cat-biere","7":"product_cat-gulden-draak","8":"entry","9":"has-media","11":"first","12":"instock","13":"taxable","14":"shipping-taxable","15":"purchasable","16":"product-type-simple"},"acf":[],"_links":{"self":[{"href":"https:\/\/www.vansteenberge.com\/fr\/wp-json\/wp\/v2\/product\/47975","targetHints":{"allow":["GET"]}}],"collection":[{"href":"https:\/\/www.vansteenberge.com\/fr\/wp-json\/wp\/v2\/product"}],"about":[{"href":"https:\/\/www.vansteenberge.com\/fr\/wp-json\/wp\/v2\/types\/product"}],"replies":[{"embeddable":true,"href":"https:\/\/www.vansteenberge.com\/fr\/wp-json\/wp\/v2\/comments?post=47975"}],"wp:featuredmedia":[{"embeddable":true,"href":"https:\/\/www.vansteenberge.com\/fr\/wp-json\/wp\/v2\/media\/1312"}],"wp:attachment":[{"href":"https:\/\/www.vansteenberge.com\/fr\/wp-json\/wp\/v2\/media?parent=47975"}],"wp:term":[{"taxonomy":"product_brand","embeddable":true,"href":"https:\/\/www.vansteenberge.com\/fr\/wp-json\/wp\/v2\/product_brand?post=47975"},{"taxonomy":"product_cat","embeddable":true,"href":"https:\/\/www.vansteenberge.com\/fr\/wp-json\/wp\/v2\/product_cat?post=47975"},{"taxonomy":"product_tag","embeddable":true,"href":"https:\/\/www.vansteenberge.com\/fr\/wp-json\/wp\/v2\/product_tag?post=47975"}],"curies":[{"name":"wp","href":"https:\/\/api.w.org\/{rel}","templated":true}]}}