{"id":47984,"date":"2025-02-03T13:57:15","date_gmt":"2025-02-03T12:57:15","guid":{"rendered":"https:\/\/www.vansteenberge.com\/?post_type=product&#038;p=47984"},"modified":"2026-02-24T18:45:21","modified_gmt":"2026-02-24T17:45:21","slug":"gulden-draak-brewmaster-33cl-kopie","status":"publish","type":"product","link":"https:\/\/www.vansteenberge.com\/fr\/product\/gulden-draak-brewmaster-75cl\/","title":{"rendered":"Gulden Draak Brewmaster &#8211; 75cl"},"content":{"rendered":"<div class=\"grid__12 grid__6@med flex flex-column flex-justify-center\">\n<div class=\"grid__12 grid__6@med flex flex-column flex-justify-center\">\n<div class=\"spacer block--lists\">\n<p>Gulden Draak Brewmaster est un hommage du ma\u00eetre-brasseur de la sixi\u00e8me g\u00e9n\u00e9ration aux g\u00e9n\u00e9rations ant\u00e9rieures de brasseurs de la brasserie Van Steenberge, au savoir-faire de notre art brassicole traditionnel et en particulier au brasseur de la cinqui\u00e8me g\u00e9n\u00e9ration : Jozef Van Steenberge, qui se plongea dans les bi\u00e8res sp\u00e9ciales aux alentours de 1975, combin\u00e9 aux exp\u00e9riences du nouveau \u2018Craft beer world\u2019, le nouveau monde de la bi\u00e8re artisanale.<\/p>\n<p>Gulden Draak Brewmaster\u00a0: une affaire de famille<br \/>\nDans la Gulden Draak Brewmaster, les brasseurs font m\u00fbrir le brassin de base de la Gulden Draak Classic dans des f\u00fbts en bois d\u00e9riv\u00e9s de spiritueux, en fonction des disponibilit\u00e9s.<\/p>\n<\/div>\n<\/div>\n<\/div>\n","protected":false},"excerpt":{"rendered":"<p>Un hommage aux six g\u00e9n\u00e9rations ant\u00e9rieures de brasseurs.<\/p>\n","protected":false},"featured_media":1288,"comment_status":"closed","ping_status":"closed","template":"","meta":{"_acf_changed":false,"bwfblock_default_font":""},"product_brand":[],"product_cat":[162,116],"product_tag":[],"class_list":{"0":"post-47984","1":"product","2":"type-product","3":"status-publish","4":"has-post-thumbnail","6":"product_cat-biere","7":"product_cat-gulden-draak","8":"entry","9":"has-media","11":"first","12":"instock","13":"taxable","14":"shipping-taxable","15":"purchasable","16":"product-type-simple"},"acf":[],"_links":{"self":[{"href":"https:\/\/www.vansteenberge.com\/fr\/wp-json\/wp\/v2\/product\/47984","targetHints":{"allow":["GET"]}}],"collection":[{"href":"https:\/\/www.vansteenberge.com\/fr\/wp-json\/wp\/v2\/product"}],"about":[{"href":"https:\/\/www.vansteenberge.com\/fr\/wp-json\/wp\/v2\/types\/product"}],"replies":[{"embeddable":true,"href":"https:\/\/www.vansteenberge.com\/fr\/wp-json\/wp\/v2\/comments?post=47984"}],"wp:featuredmedia":[{"embeddable":true,"href":"https:\/\/www.vansteenberge.com\/fr\/wp-json\/wp\/v2\/media\/1288"}],"wp:attachment":[{"href":"https:\/\/www.vansteenberge.com\/fr\/wp-json\/wp\/v2\/media?parent=47984"}],"wp:term":[{"taxonomy":"product_brand","embeddable":true,"href":"https:\/\/www.vansteenberge.com\/fr\/wp-json\/wp\/v2\/product_brand?post=47984"},{"taxonomy":"product_cat","embeddable":true,"href":"https:\/\/www.vansteenberge.com\/fr\/wp-json\/wp\/v2\/product_cat?post=47984"},{"taxonomy":"product_tag","embeddable":true,"href":"https:\/\/www.vansteenberge.com\/fr\/wp-json\/wp\/v2\/product_tag?post=47984"}],"curies":[{"name":"wp","href":"https:\/\/api.w.org\/{rel}","templated":true}]}}