{"id":48609,"date":"2025-03-12T11:19:48","date_gmt":"2025-03-12T10:19:48","guid":{"rendered":"https:\/\/www.vansteenberge.com\/?post_type=product&#038;p=48609"},"modified":"2026-04-10T11:52:42","modified_gmt":"2026-04-10T09:52:42","slug":"gulden-draak-red-33cl","status":"publish","type":"product","link":"https:\/\/www.vansteenberge.com\/fr\/product\/gulden-draak-red-33cl\/","title":{"rendered":"Gulden Draak Red &#8211; 33cl"},"content":{"rendered":"<p><strong>Histoire<\/strong><\/p>\n<p><span class=\"TextRun SCXW239433266 BCX0\" lang=\"FR-FR\" xml:lang=\"FR-FR\" data-contrast=\"auto\"><span class=\"NormalTextRun SCXW239433266 BCX0\">La l\u00e9gende de la Gulden\u00a0<\/span><span class=\"NormalTextRun SpellingErrorV2Themed SCXW239433266 BCX0\">Draak<\/span><span class=\"NormalTextRun SCXW239433266 BCX0\">\u00a0prend sa source en Scandinavie, o\u00f9 la cr\u00e9ature mythique d\u00e9corait autrefois la proue d<\/span><span class=\"NormalTextRun SCXW239433266 BCX0\">\u2019<\/span><span class=\"NormalTextRun SCXW239433266 BCX0\">un navire viking avant de trouver sa place au sommet du Beffroi de Gand, symbole de libert\u00e9 et de puissance pour la ville.<\/span><\/span><\/p>\n<p><strong>Description de produit<\/strong><\/p>\n<p><span class=\"TextRun SCXW239433266 BCX0\" lang=\"FR-FR\" xml:lang=\"FR-FR\" data-contrast=\"auto\"><span class=\"NormalTextRun SCXW239433266 BCX0\"> Cette force l\u00e9gendaire, m\u00ealant fiert\u00e9 et caract\u00e8re, se refl\u00e8te\u00a0<\/span><span class=\"NormalTextRun SpellingErrorV2Themed SCXW239433266 BCX0\">aujourd<\/span><span class=\"NormalTextRun SCXW239433266 BCX0\">\u2019<\/span><span class=\"NormalTextRun SCXW239433266 BCX0\">hui dans cette b<\/span><\/span>i\u00e8re rouge de haute fermentation avec un d\u00e9licieux caract\u00e8re fruit\u00e9. Bi\u00e8re de fermentation haute avec une fermentation secondaire en bouteille ou en f\u00fbt.<\/p>\n","protected":false},"excerpt":{"rendered":"<p>Gulden Draak Red<\/p>\n","protected":false},"featured_media":48604,"comment_status":"closed","ping_status":"closed","template":"","meta":{"_acf_changed":false,"bwfblock_default_font":""},"product_brand":[],"product_cat":[162,116],"product_tag":[],"class_list":{"0":"post-48609","1":"product","2":"type-product","3":"status-publish","4":"has-post-thumbnail","6":"product_cat-biere","7":"product_cat-gulden-draak","8":"entry","9":"has-media","11":"first","12":"instock","13":"taxable","14":"shipping-taxable","15":"purchasable","16":"product-type-simple"},"acf":[],"_links":{"self":[{"href":"https:\/\/www.vansteenberge.com\/fr\/wp-json\/wp\/v2\/product\/48609","targetHints":{"allow":["GET"]}}],"collection":[{"href":"https:\/\/www.vansteenberge.com\/fr\/wp-json\/wp\/v2\/product"}],"about":[{"href":"https:\/\/www.vansteenberge.com\/fr\/wp-json\/wp\/v2\/types\/product"}],"replies":[{"embeddable":true,"href":"https:\/\/www.vansteenberge.com\/fr\/wp-json\/wp\/v2\/comments?post=48609"}],"wp:featuredmedia":[{"embeddable":true,"href":"https:\/\/www.vansteenberge.com\/fr\/wp-json\/wp\/v2\/media\/48604"}],"wp:attachment":[{"href":"https:\/\/www.vansteenberge.com\/fr\/wp-json\/wp\/v2\/media?parent=48609"}],"wp:term":[{"taxonomy":"product_brand","embeddable":true,"href":"https:\/\/www.vansteenberge.com\/fr\/wp-json\/wp\/v2\/product_brand?post=48609"},{"taxonomy":"product_cat","embeddable":true,"href":"https:\/\/www.vansteenberge.com\/fr\/wp-json\/wp\/v2\/product_cat?post=48609"},{"taxonomy":"product_tag","embeddable":true,"href":"https:\/\/www.vansteenberge.com\/fr\/wp-json\/wp\/v2\/product_tag?post=48609"}],"curies":[{"name":"wp","href":"https:\/\/api.w.org\/{rel}","templated":true}]}}