{"id":48614,"date":"2025-03-12T11:45:15","date_gmt":"2025-03-12T10:45:15","guid":{"rendered":"https:\/\/www.vansteenberge.com\/?post_type=product&#038;p=48614"},"modified":"2026-04-11T17:18:23","modified_gmt":"2026-04-11T15:18:23","slug":"gulden-draak-blonde-33cl","status":"publish","type":"product","link":"https:\/\/www.vansteenberge.com\/fr\/product\/gulden-draak-blonde-33cl\/","title":{"rendered":"Gulden Draak Blonde &#8211; 33cl"},"content":{"rendered":"<p><strong>Histoire<\/strong><\/p>\n<p>Au sein de la gamme Gulden Draak, les bi\u00e8res \u00e0 10,5 % d&rsquo;alcool constituent depuis des ann\u00e9es le c\u0153ur embl\u00e9matique de la ligne. Afin d&rsquo;apporter une touche contemporaine \u00e0 ce succ\u00e8s, la brasserie Van Steenberge a d\u00e9velopp\u00e9 une variante blonde plus l\u00e9g\u00e8re \u00e0 8 %. Elle conserve la m\u00eame symbolique de force et de fiert\u00e9, sous une forme plus l\u00e9g\u00e8re et raffin\u00e9e.<\/p>\n<p><strong>Description de produit<\/strong><\/p>\n<p>Cette bi\u00e8re blonde de fermentation haute et de fermentation secondaire pr\u00e9sente un ar\u00f4me tr\u00e8s cors\u00e9 et un \u00e9quilibre parfait entre le sucr\u00e9 et l\u2019amer, avec un arri\u00e8re-go\u00fbt agr\u00e9able. Une bi\u00e8re blonde et lourde \u00e0 d\u00e9guster pendant longtemps. La fermentation en bouteille et en barrique garantit une dur\u00e9e de conservation de plusieurs ann\u00e9es et une \u00e9volution de la saveur.<\/p>\n","protected":false},"excerpt":{"rendered":"<p>Gulden Draak Blonde<\/p>\n","protected":false},"featured_media":48599,"comment_status":"closed","ping_status":"closed","template":"","meta":{"_acf_changed":false,"bwfblock_default_font":""},"product_brand":[],"product_cat":[162,116],"product_tag":[],"class_list":{"0":"post-48614","1":"product","2":"type-product","3":"status-publish","4":"has-post-thumbnail","6":"product_cat-biere","7":"product_cat-gulden-draak","8":"entry","9":"has-media","11":"first","12":"instock","13":"taxable","14":"shipping-taxable","15":"purchasable","16":"product-type-simple"},"acf":[],"_links":{"self":[{"href":"https:\/\/www.vansteenberge.com\/fr\/wp-json\/wp\/v2\/product\/48614","targetHints":{"allow":["GET"]}}],"collection":[{"href":"https:\/\/www.vansteenberge.com\/fr\/wp-json\/wp\/v2\/product"}],"about":[{"href":"https:\/\/www.vansteenberge.com\/fr\/wp-json\/wp\/v2\/types\/product"}],"replies":[{"embeddable":true,"href":"https:\/\/www.vansteenberge.com\/fr\/wp-json\/wp\/v2\/comments?post=48614"}],"wp:featuredmedia":[{"embeddable":true,"href":"https:\/\/www.vansteenberge.com\/fr\/wp-json\/wp\/v2\/media\/48599"}],"wp:attachment":[{"href":"https:\/\/www.vansteenberge.com\/fr\/wp-json\/wp\/v2\/media?parent=48614"}],"wp:term":[{"taxonomy":"product_brand","embeddable":true,"href":"https:\/\/www.vansteenberge.com\/fr\/wp-json\/wp\/v2\/product_brand?post=48614"},{"taxonomy":"product_cat","embeddable":true,"href":"https:\/\/www.vansteenberge.com\/fr\/wp-json\/wp\/v2\/product_cat?post=48614"},{"taxonomy":"product_tag","embeddable":true,"href":"https:\/\/www.vansteenberge.com\/fr\/wp-json\/wp\/v2\/product_tag?post=48614"}],"curies":[{"name":"wp","href":"https:\/\/api.w.org\/{rel}","templated":true}]}}