{"id":49896,"date":"2025-04-30T13:55:09","date_gmt":"2025-04-30T11:55:09","guid":{"rendered":"https:\/\/www.vansteenberge.com\/?post_type=product&#038;p=49896"},"modified":"2025-08-13T10:21:07","modified_gmt":"2025-08-13T08:21:07","slug":"coffret-gulden-draak-cuvee-prestige-3x75cl-3-verres-gulden-draak-offerts","status":"publish","type":"product","link":"https:\/\/www.vansteenberge.com\/fr\/product\/coffret-gulden-draak-cuvee-prestige-3x75cl-3-verres-gulden-draak-offerts\/","title":{"rendered":"Coffret Gulden Draak Cuv\u00e9e Prestige 3x75cl + 3 verres Gulden Draak offerts"},"content":{"rendered":"<p><strong>Cuv\u00e9e Prestige Bourbon<\/strong><br \/>\nVanille, ch\u00eane, caramel et une pointe d\u2019\u00e9pices &#8211; une bi\u00e8re m\u00fbrie en f\u00fbts de bourbon am\u00e9ricain d\u2019origine.<\/p>\n<p><strong>Cuv\u00e9e Prestige Porto<\/strong><br \/>\nFruits rouges m\u00fbrs, figues s\u00e8ches, miel et subtiles notes de ch\u00eane &#8211; un go\u00fbt velout\u00e9 et complexe.<\/p>\n<p><strong>Cuv\u00e9e Prestige Laphroaig<\/strong><br \/>\nFum\u00e9e de tourbe, algues et malt &#8211; une bi\u00e8re puissante et fum\u00e9e, pour les vrais amateurs.<\/p>\n<p><strong>\u00a0<\/strong><\/p>\n<p><strong>Lors de votre commande, vous recevez gratuitement <\/strong><strong>3 verres Gulden Draak authentiques <\/strong>pour d\u00e9guster ces bi\u00e8res avec style.<\/p>\n","protected":false},"excerpt":{"rendered":"<p><strong>Cuv\u00e9e Prestige Bourbon<\/strong><br \/>\nVanille, ch\u00eane, caramel et une pointe d\u2019\u00e9pices &#8211; une bi\u00e8re m\u00fbrie en f\u00fbts de bourbon am\u00e9ricain d\u2019origine.<\/p>\n<p><strong>Cuv\u00e9e Prestige Porto<\/strong><br \/>\nFruits rouges m\u00fbrs, figues s\u00e8ches, miel et subtiles notes de ch\u00eane &#8211; un go\u00fbt velout\u00e9 et complexe.<\/p>\n<p><strong>Cuv\u00e9e Prestige Laphroaig<\/strong><br \/>\nFum\u00e9e de tourbe, algues et malt &#8211; une bi\u00e8re puissante et fum\u00e9e, pour les vrais amateurs.<\/p>\n<p><strong>\u00a0<\/strong><\/p>\n<p><strong>Lors de votre commande, vous recevez gratuitement <\/strong><strong>3 verres Gulden Draak authentiques <\/strong>pour d\u00e9guster ces bi\u00e8res avec style.<\/p>\n","protected":false},"featured_media":49756,"comment_status":"closed","ping_status":"closed","template":"","meta":{"_acf_changed":false,"bwfblock_default_font":""},"product_brand":[],"product_cat":[162,116],"product_tag":[189],"class_list":{"0":"post-49896","1":"product","2":"type-product","3":"status-publish","4":"has-post-thumbnail","6":"product_cat-biere","7":"product_cat-gulden-draak","8":"product_tag-hide-in-carousel-fr","9":"entry","10":"has-media","12":"first","13":"outofstock","14":"taxable","15":"shipping-taxable","16":"purchasable","17":"product-type-simple"},"acf":[],"_links":{"self":[{"href":"https:\/\/www.vansteenberge.com\/fr\/wp-json\/wp\/v2\/product\/49896","targetHints":{"allow":["GET"]}}],"collection":[{"href":"https:\/\/www.vansteenberge.com\/fr\/wp-json\/wp\/v2\/product"}],"about":[{"href":"https:\/\/www.vansteenberge.com\/fr\/wp-json\/wp\/v2\/types\/product"}],"replies":[{"embeddable":true,"href":"https:\/\/www.vansteenberge.com\/fr\/wp-json\/wp\/v2\/comments?post=49896"}],"wp:featuredmedia":[{"embeddable":true,"href":"https:\/\/www.vansteenberge.com\/fr\/wp-json\/wp\/v2\/media\/49756"}],"wp:attachment":[{"href":"https:\/\/www.vansteenberge.com\/fr\/wp-json\/wp\/v2\/media?parent=49896"}],"wp:term":[{"taxonomy":"product_brand","embeddable":true,"href":"https:\/\/www.vansteenberge.com\/fr\/wp-json\/wp\/v2\/product_brand?post=49896"},{"taxonomy":"product_cat","embeddable":true,"href":"https:\/\/www.vansteenberge.com\/fr\/wp-json\/wp\/v2\/product_cat?post=49896"},{"taxonomy":"product_tag","embeddable":true,"href":"https:\/\/www.vansteenberge.com\/fr\/wp-json\/wp\/v2\/product_tag?post=49896"}],"curies":[{"name":"wp","href":"https:\/\/api.w.org\/{rel}","templated":true}]}}