{"id":52628,"date":"2025-08-25T10:32:58","date_gmt":"2025-08-25T08:32:58","guid":{"rendered":"https:\/\/www.vansteenberge.com\/product\/gulden-draak-3x8-pakket\/"},"modified":"2026-04-11T17:18:23","modified_gmt":"2026-04-11T15:18:23","slug":"gulden-draak-3x8-pakket","status":"publish","type":"product","link":"https:\/\/www.vansteenberge.com\/fr\/product\/gulden-draak-offret-3x8\/","title":{"rendered":"Gulden Draak Coffret 3&#215;8 + 2 verres Gulden Draak"},"content":{"rendered":"<p data-pm-slice=\"1 1 []\"><strong>Huit bi\u00e8res. 1 l\u00e9gende.<\/strong><\/p>\n<p>Pour la premi\u00e8re fois, toutes les variantes de la Gulden Draak sont r\u00e9unies dans un coffret exclusif :<\/p>\n<ul>\n<li>3x Gulden Draak Classic<\/li>\n<li>3x Gulden Draak 9000 Quadruple<\/li>\n<li>3x Gulden Draak Brewmaster<\/li>\n<li>3x Gulden Draak Imperial Stout<\/li>\n<li>3x Gulden Draak Fire<\/li>\n<li>3x Gulden Draak Blond<\/li>\n<li>3x Gulden Draak Red<\/li>\n<li>3x Gulden Draak Smoked<\/li>\n<\/ul>\n<p>Inclus : deux \u00e9l\u00e9gants verres de d\u00e9gustation Gulden Draak (33 cl).<\/p>\n<p>Un coffret unique pour celles et ceux qui souhaitent d\u00e9couvrir pleinement le caract\u00e8re et la complexit\u00e9 de la Gulden Draak.<\/p>\n<p><u>Commandez votre coffret exclusif et explorez toute la richesse de la palette de saveurs de cette l\u00e9gende<\/u><\/p>\n","protected":false},"excerpt":{"rendered":"<ul>\n<li>3x Gulden Draak Classic<\/li>\n<li>3x Gulden Draak 9000 Quadruple<\/li>\n<li>3x Gulden Draak Brewmaster<\/li>\n<li>3x Gulden Draak Imperial Stout<\/li>\n<li>3x Gulden Draak Fire<\/li>\n<li>3x Gulden Draak Blond<\/li>\n<li>3x Gulden Draak Red<\/li>\n<li>3x Gulden Draak Smoked<\/li>\n<li>2x Gulden Draak verres (33 cl)<\/li>\n<\/ul>\n","protected":false},"featured_media":52517,"comment_status":"closed","ping_status":"closed","template":"","meta":{"_acf_changed":false,"bwfblock_default_font":""},"product_brand":[],"product_cat":[162,116],"product_tag":[189],"class_list":{"0":"post-52628","1":"product","2":"type-product","3":"status-publish","4":"has-post-thumbnail","6":"product_cat-biere","7":"product_cat-gulden-draak","8":"product_tag-hide-in-carousel-fr","9":"entry","10":"has-media","12":"first","13":"instock","14":"taxable","15":"shipping-taxable","16":"purchasable","17":"product-type-simple"},"acf":[],"_links":{"self":[{"href":"https:\/\/www.vansteenberge.com\/fr\/wp-json\/wp\/v2\/product\/52628","targetHints":{"allow":["GET"]}}],"collection":[{"href":"https:\/\/www.vansteenberge.com\/fr\/wp-json\/wp\/v2\/product"}],"about":[{"href":"https:\/\/www.vansteenberge.com\/fr\/wp-json\/wp\/v2\/types\/product"}],"replies":[{"embeddable":true,"href":"https:\/\/www.vansteenberge.com\/fr\/wp-json\/wp\/v2\/comments?post=52628"}],"wp:featuredmedia":[{"embeddable":true,"href":"https:\/\/www.vansteenberge.com\/fr\/wp-json\/wp\/v2\/media\/52517"}],"wp:attachment":[{"href":"https:\/\/www.vansteenberge.com\/fr\/wp-json\/wp\/v2\/media?parent=52628"}],"wp:term":[{"taxonomy":"product_brand","embeddable":true,"href":"https:\/\/www.vansteenberge.com\/fr\/wp-json\/wp\/v2\/product_brand?post=52628"},{"taxonomy":"product_cat","embeddable":true,"href":"https:\/\/www.vansteenberge.com\/fr\/wp-json\/wp\/v2\/product_cat?post=52628"},{"taxonomy":"product_tag","embeddable":true,"href":"https:\/\/www.vansteenberge.com\/fr\/wp-json\/wp\/v2\/product_tag?post=52628"}],"curies":[{"name":"wp","href":"https:\/\/api.w.org\/{rel}","templated":true}]}}