{"id":53864,"date":"2025-10-03T14:44:27","date_gmt":"2025-10-03T12:44:27","guid":{"rendered":"https:\/\/www.vansteenberge.com\/product\/gulden-draak-cuvee-prestige-bourbon-33cl\/"},"modified":"2026-03-28T22:13:52","modified_gmt":"2026-03-28T21:13:52","slug":"gulden-draak-cuvee-prestige-bourbon-33cl","status":"publish","type":"product","link":"https:\/\/www.vansteenberge.com\/fr\/product\/gulden-draak-cuvee-prestige-bourbon-33cl\/","title":{"rendered":"Gulden Draak Cuv\u00e9e Prestige Bourbon 33cl"},"content":{"rendered":"<div class=\"wpb-content-wrapper\"><article class=\"text-token-text-primary w-full focus:outline-none [--shadow-height:45px] has-data-writing-block:pointer-events-none has-data-writing-block:-mt-(--shadow-height) has-data-writing-block:pt-(--shadow-height) [&amp;:has([data-writing-block])&gt;*]:pointer-events-auto scroll-mt-[calc(var(--header-height)+min(200px,max(70px,20svh)))]\" dir=\"auto\" tabindex=\"-1\" data-turn-id=\"request-WEB:411c4267-885d-4a8a-9f66-1361ac23caa6-14\" data-testid=\"conversation-turn-14\" data-scroll-anchor=\"true\" data-turn=\"assistant\">\n<div class=\"text-base my-auto mx-auto pb-10 [--thread-content-margin:--spacing(4)] thread-sm:[--thread-content-margin:--spacing(6)] thread-lg:[--thread-content-margin:--spacing(16)] px-(--thread-content-margin)\">\n<div class=\"[--thread-content-max-width:40rem] thread-lg:[--thread-content-max-width:48rem] mx-auto max-w-(--thread-content-max-width) flex-1 group\/turn-messages focus-visible:outline-hidden relative flex w-full min-w-0 flex-col agent-turn\" tabindex=\"-1\">\n<div class=\"flex max-w-full flex-col grow\">\n<div class=\"min-h-8 text-message relative flex w-full flex-col items-end gap-2 text-start break-words whitespace-normal [.text-message+&amp;]:mt-1\" dir=\"auto\" data-message-author-role=\"assistant\" data-message-id=\"c84a471d-d507-4c95-a89d-a7b1ef044851\" data-message-model-slug=\"gpt-5\">\n<div class=\"flex w-full flex-col gap-1 empty:hidden first:pt-[1px]\">\n<div class=\"markdown prose dark:prose-invert w-full break-words light markdown-new-styling\">\n<p><strong>Histoire<\/strong><\/p>\n<p>La Cuv\u00e9e Prestige Bourbon s\u2019inscrit dans la continuit\u00e9 de la riche histoire de l\u2019embl\u00e9matique Gulden Draak. Apr\u00e8s sa fermentation principale, cette bi\u00e8re exceptionnelle m\u00fbrit durant plusieurs mois en f\u00fbts de bourbon, o\u00f9 elle acquiert une complexit\u00e9 ample, chaleureuse et nuanc\u00e9e. Une cr\u00e9ation magistrale, fid\u00e8le \u00e0 la stature de son nom.<\/p>\n<p><strong>Description de produit<\/strong><\/p>\n<div class=\"vcex-post-content product-data\">\n<div class=\"vcex-post-content-c wpex-clr\">\n<div class=\"wpb-content-wrapper\">\n<div class=\"vc_row wpb_row vc_row-fluid wpex-relative\">\n<div class=\"wpb_column vc_column_container vc_col-sm-12\">\n<div class=\"vc_column-inner\">\n<div class=\"wpb_wrapper\">\n<div class=\"wpb_text_column wpb_content_element\">\n<div class=\"wpb_wrapper\">\n<div class=\"wpb_text_column wpb_content_element \">\n<div class=\"wpb_wrapper\">\n<p>Le Gulden Draak Cuv\u00e9e Prestige Bourbon est obtenu en faisant vieillir le Gulden Draak Classic pendant 24 semaines suppl\u00e9mentaires dans des f\u00fbts de bourbon sp\u00e9cialement s\u00e9lectionn\u00e9s apr\u00e8s le lagering. Ces f\u00fbts proviennent d\u2019Am\u00e9rique et n\u2019ont \u00e9t\u00e9 utilis\u00e9s que deux fois dans la distillerie d\u2019origine.<\/p>\n<p>Apr\u00e8s la maturation, la bi\u00e8re subit sa fermentation secondaire classique avec la levure de vin unique et brevet\u00e9e, ce qui garantit un \u00e9quilibre parfait. Les caract\u00e9ristiques gustatives typiques de la Gulden Draak Classic s\u2019harmonisent parfaitement avec les notes chaudes de miel, de raisins secs, de vanille et de bois (et les ar\u00f4mes l\u00e9g\u00e8rement sucr\u00e9s) des f\u00fbts de bourbon.<\/p>\n<\/div>\n<\/div>\n<\/div>\n<\/div>\n<\/div>\n<\/div>\n<\/div>\n<\/div>\n<\/div>\n<\/div>\n<\/div>\n<div class=\"vcex-shortcode wpex-clr\"><\/div>\n<\/div>\n<\/div>\n<\/div>\n<\/div>\n<\/div>\n<\/div>\n<\/article>\n<\/div>","protected":false},"excerpt":{"rendered":"<p>Histoire La Cuv\u00e9e Prestige Bourbon s\u2019inscrit dans la continuit\u00e9 de la riche histoire de l\u2019embl\u00e9matique Gulden Draak. Apr\u00e8s sa fermentation principale, cette bi\u00e8re exceptionnelle m\u00fbrit durant plusieurs mois en f\u00fbts de bourbon, o\u00f9 elle acquiert une complexit\u00e9 ample, chaleureuse et nuanc\u00e9e. Une cr\u00e9ation magistrale, fid\u00e8le \u00e0 la stature de son nom. Description de produit Le&hellip;<\/p>\n","protected":false},"featured_media":53694,"comment_status":"closed","ping_status":"closed","template":"","meta":{"_acf_changed":false,"bwfblock_default_font":""},"product_brand":[],"product_cat":[162],"product_tag":[],"class_list":{"0":"post-53864","1":"product","2":"type-product","3":"status-publish","4":"has-post-thumbnail","6":"product_cat-biere","7":"entry","8":"has-media","10":"first","11":"instock","12":"taxable","13":"shipping-taxable","14":"purchasable","15":"product-type-simple"},"acf":[],"_links":{"self":[{"href":"https:\/\/www.vansteenberge.com\/fr\/wp-json\/wp\/v2\/product\/53864","targetHints":{"allow":["GET"]}}],"collection":[{"href":"https:\/\/www.vansteenberge.com\/fr\/wp-json\/wp\/v2\/product"}],"about":[{"href":"https:\/\/www.vansteenberge.com\/fr\/wp-json\/wp\/v2\/types\/product"}],"replies":[{"embeddable":true,"href":"https:\/\/www.vansteenberge.com\/fr\/wp-json\/wp\/v2\/comments?post=53864"}],"wp:featuredmedia":[{"embeddable":true,"href":"https:\/\/www.vansteenberge.com\/fr\/wp-json\/wp\/v2\/media\/53694"}],"wp:attachment":[{"href":"https:\/\/www.vansteenberge.com\/fr\/wp-json\/wp\/v2\/media?parent=53864"}],"wp:term":[{"taxonomy":"product_brand","embeddable":true,"href":"https:\/\/www.vansteenberge.com\/fr\/wp-json\/wp\/v2\/product_brand?post=53864"},{"taxonomy":"product_cat","embeddable":true,"href":"https:\/\/www.vansteenberge.com\/fr\/wp-json\/wp\/v2\/product_cat?post=53864"},{"taxonomy":"product_tag","embeddable":true,"href":"https:\/\/www.vansteenberge.com\/fr\/wp-json\/wp\/v2\/product_tag?post=53864"}],"curies":[{"name":"wp","href":"https:\/\/api.w.org\/{rel}","templated":true}]}}