{"id":53866,"date":"2025-10-09T10:31:24","date_gmt":"2025-10-09T08:31:24","guid":{"rendered":"https:\/\/www.vansteenberge.com\/product\/bornem-red-33cl\/"},"modified":"2025-11-19T21:20:47","modified_gmt":"2025-11-19T20:20:47","slug":"bornem-red-33cl","status":"publish","type":"product","link":"https:\/\/www.vansteenberge.com\/fr\/product\/bornem-red\/","title":{"rendered":"Bornem Red 33cl"},"content":{"rendered":"<p><strong>Histoire<\/strong><\/p>\n<p>\u00c0 Bornem, l\u2019esprit de l\u2019abbaye Saint-Bernard perdure dans la bi\u00e8re d\u2019abbaye Bornem. Brass\u00e9e depuis 1971 dans le respect de la tradition par la Brasserie Van Steenberge, elle a re\u00e7u en 1999 le label officiel \u2018Bi\u00e8re d\u2019Abbaye Belge Reconnue\u2019. Le h\u00e9ron tenant un poisson repr\u00e9sent\u00e9 sur l\u2019\u00e9tiquette renvoie \u00e0 la r\u00e9gion et symbolise le lien entre la bi\u00e8re et son origine.<\/p>\n<p><strong>Description de produit<\/strong><\/p>\n<p>La Bornem Red est une bi\u00e8re d\u2019abbaye belge de couleur ambr\u00e9e aux reflets cuivr\u00e9s, titrant 8 %. Cette bi\u00e8re fruit\u00e9e m\u00eale des saveurs de fruits rouges \u2013 baies, cerises \u2013 \u00e0 des accents doux et malt\u00e9s. Sa finale souple et fruit\u00e9e en fait un rafra\u00eechissement d\u2019\u00e9t\u00e9 tout autant qu\u2019une \u00e9l\u00e9gante bi\u00e8re de dessert.<\/p>\n","protected":false},"excerpt":{"rendered":"<p>Histoire \u00c0 Bornem, l\u2019esprit de l\u2019abbaye Saint-Bernard perdure dans la bi\u00e8re d\u2019abbaye Bornem. Brass\u00e9e depuis 1971 dans le respect de la tradition par la Brasserie Van Steenberge, elle a re\u00e7u en 1999 le label officiel \u2018Bi\u00e8re d\u2019Abbaye Belge Reconnue\u2019. Le h\u00e9ron tenant un poisson repr\u00e9sent\u00e9 sur l\u2019\u00e9tiquette renvoie \u00e0 la r\u00e9gion et symbolise le lien&hellip;<\/p>\n","protected":false},"featured_media":53679,"comment_status":"closed","ping_status":"closed","template":"","meta":{"_acf_changed":false,"bwfblock_default_font":""},"product_brand":[],"product_cat":[162,158],"product_tag":[189],"class_list":{"0":"post-53866","1":"product","2":"type-product","3":"status-publish","4":"has-post-thumbnail","6":"product_cat-biere","7":"product_cat-bornem-fr","8":"product_tag-hide-in-carousel-fr","9":"entry","10":"has-media","12":"first","13":"instock","14":"taxable","15":"shipping-taxable","16":"product-type-simple"},"acf":[],"_links":{"self":[{"href":"https:\/\/www.vansteenberge.com\/fr\/wp-json\/wp\/v2\/product\/53866","targetHints":{"allow":["GET"]}}],"collection":[{"href":"https:\/\/www.vansteenberge.com\/fr\/wp-json\/wp\/v2\/product"}],"about":[{"href":"https:\/\/www.vansteenberge.com\/fr\/wp-json\/wp\/v2\/types\/product"}],"replies":[{"embeddable":true,"href":"https:\/\/www.vansteenberge.com\/fr\/wp-json\/wp\/v2\/comments?post=53866"}],"wp:featuredmedia":[{"embeddable":true,"href":"https:\/\/www.vansteenberge.com\/fr\/wp-json\/wp\/v2\/media\/53679"}],"wp:attachment":[{"href":"https:\/\/www.vansteenberge.com\/fr\/wp-json\/wp\/v2\/media?parent=53866"}],"wp:term":[{"taxonomy":"product_brand","embeddable":true,"href":"https:\/\/www.vansteenberge.com\/fr\/wp-json\/wp\/v2\/product_brand?post=53866"},{"taxonomy":"product_cat","embeddable":true,"href":"https:\/\/www.vansteenberge.com\/fr\/wp-json\/wp\/v2\/product_cat?post=53866"},{"taxonomy":"product_tag","embeddable":true,"href":"https:\/\/www.vansteenberge.com\/fr\/wp-json\/wp\/v2\/product_tag?post=53866"}],"curies":[{"name":"wp","href":"https:\/\/api.w.org\/{rel}","templated":true}]}}