{"id":53885,"date":"2025-10-03T14:49:40","date_gmt":"2025-10-03T12:49:40","guid":{"rendered":"https:\/\/www.vansteenberge.com\/product\/gulden-draak-cuvee-prestige-scotch-whisky\/"},"modified":"2026-03-28T22:13:52","modified_gmt":"2026-03-28T21:13:52","slug":"gulden-draak-cuvee-prestige-scotch-whisky","status":"publish","type":"product","link":"https:\/\/www.vansteenberge.com\/fr\/product\/gulden-draak-cuvee-prestige-scotch-whisky\/","title":{"rendered":"Gulden Draak Cuv\u00e9e Prestige Scotch Whisky 33cl"},"content":{"rendered":"<p><strong>Histoire<\/strong><\/p>\n<p>Cr\u00e9\u00e9e en 1986 en hommage au dragon d\u2019or qui tr\u00f4ne au sommet du Beffroi de Gand, la gamme Gulden Draak c\u00e9l\u00e8bre la force et la protection. La Cuv\u00e9e Prestige Scotch Whisky s\u2019inscrit pleinement dans cette tradition en faisant maturer la Gulden Draak Classic dans de v\u00e9ritables f\u00fbts de whisky \u00e9cossais, l\u00e0 o\u00f9 le savoir-faire et l\u2019histoire se rejoignent.<\/p>\n<p><strong>Description de produit<\/strong><\/p>\n<p>Pour cette cuv\u00e9e d\u2019exception, la Gulden Draak Classic prolonge son vieillissement en f\u00fbts apr\u00e8s la garde. \u00c0 l\u2019issue de cette maturation, la bi\u00e8re entame une fermentation secondaire classique avec la levure embl\u00e9matique de la maison, garantissant un \u00e9quilibre parfaitement ma\u00eetris\u00e9.<\/p>\n","protected":false},"excerpt":{"rendered":"<p>Histoire Cr\u00e9\u00e9e en 1986 en hommage au dragon d\u2019or qui tr\u00f4ne au sommet du Beffroi de Gand, la gamme Gulden Draak c\u00e9l\u00e8bre la force et la protection. La Cuv\u00e9e Prestige Scotch Whisky s\u2019inscrit pleinement dans cette tradition en faisant maturer la Gulden Draak Classic dans de v\u00e9ritables f\u00fbts de whisky \u00e9cossais, l\u00e0 o\u00f9 le savoir-faire&hellip;<\/p>\n","protected":false},"featured_media":53699,"comment_status":"closed","ping_status":"closed","template":"","meta":{"_acf_changed":false,"bwfblock_default_font":""},"product_brand":[],"product_cat":[162],"product_tag":[189],"class_list":{"0":"post-53885","1":"product","2":"type-product","3":"status-publish","4":"has-post-thumbnail","6":"product_cat-biere","7":"product_tag-hide-in-carousel-fr","8":"entry","9":"has-media","11":"first","12":"instock","13":"taxable","14":"shipping-taxable","15":"purchasable","16":"product-type-simple"},"acf":[],"_links":{"self":[{"href":"https:\/\/www.vansteenberge.com\/fr\/wp-json\/wp\/v2\/product\/53885","targetHints":{"allow":["GET"]}}],"collection":[{"href":"https:\/\/www.vansteenberge.com\/fr\/wp-json\/wp\/v2\/product"}],"about":[{"href":"https:\/\/www.vansteenberge.com\/fr\/wp-json\/wp\/v2\/types\/product"}],"replies":[{"embeddable":true,"href":"https:\/\/www.vansteenberge.com\/fr\/wp-json\/wp\/v2\/comments?post=53885"}],"wp:featuredmedia":[{"embeddable":true,"href":"https:\/\/www.vansteenberge.com\/fr\/wp-json\/wp\/v2\/media\/53699"}],"wp:attachment":[{"href":"https:\/\/www.vansteenberge.com\/fr\/wp-json\/wp\/v2\/media?parent=53885"}],"wp:term":[{"taxonomy":"product_brand","embeddable":true,"href":"https:\/\/www.vansteenberge.com\/fr\/wp-json\/wp\/v2\/product_brand?post=53885"},{"taxonomy":"product_cat","embeddable":true,"href":"https:\/\/www.vansteenberge.com\/fr\/wp-json\/wp\/v2\/product_cat?post=53885"},{"taxonomy":"product_tag","embeddable":true,"href":"https:\/\/www.vansteenberge.com\/fr\/wp-json\/wp\/v2\/product_tag?post=53885"}],"curies":[{"name":"wp","href":"https:\/\/api.w.org\/{rel}","templated":true}]}}