{"id":6759,"date":"2024-07-03T15:47:59","date_gmt":"2024-07-03T13:47:59","guid":{"rendered":"https:\/\/www.vansteenberge.com\/?post_type=product&#038;p=6759"},"modified":"2026-02-24T20:42:08","modified_gmt":"2026-02-24T19:42:08","slug":"verre-augustijn-33cl","status":"publish","type":"product","link":"https:\/\/www.vansteenberge.com\/fr\/product\/verre-piraat-33cl-kopie\/","title":{"rendered":"Verre Augustijn &#8211; 33cl"},"content":{"rendered":"<p>Les souches de levure historiques conf\u00e8rent \u00e0 la bi\u00e8re de monast\u00e8re Augustijn un go\u00fbt doux, moelleux mais tr\u00e8s riche. Une bi\u00e8re pour toutes les occasions qui marque des points dans toutes les occasions de d\u00e9gustation d\u00e9contract\u00e9e.<\/p>\n<p>1 x Verre Augustijn 33cl<\/p>\n<p>&nbsp;<\/p>\n<p>&nbsp;<\/p>\n<p>&nbsp;<\/p>\n","protected":false},"excerpt":{"rendered":"<p>Verre Augustijn 33cl<\/p>\n","protected":false},"featured_media":6763,"comment_status":"closed","ping_status":"closed","template":"","meta":{"_acf_changed":false,"bwfblock_default_font":""},"product_brand":[],"product_cat":[213],"product_tag":[],"class_list":{"0":"post-6759","1":"product","2":"type-product","3":"status-publish","4":"has-post-thumbnail","6":"product_cat-verres-a-biere","7":"entry","8":"has-media","10":"first","11":"instock","12":"taxable","13":"shipping-taxable","14":"purchasable","15":"product-type-simple"},"acf":[],"_links":{"self":[{"href":"https:\/\/www.vansteenberge.com\/fr\/wp-json\/wp\/v2\/product\/6759","targetHints":{"allow":["GET"]}}],"collection":[{"href":"https:\/\/www.vansteenberge.com\/fr\/wp-json\/wp\/v2\/product"}],"about":[{"href":"https:\/\/www.vansteenberge.com\/fr\/wp-json\/wp\/v2\/types\/product"}],"replies":[{"embeddable":true,"href":"https:\/\/www.vansteenberge.com\/fr\/wp-json\/wp\/v2\/comments?post=6759"}],"wp:featuredmedia":[{"embeddable":true,"href":"https:\/\/www.vansteenberge.com\/fr\/wp-json\/wp\/v2\/media\/6763"}],"wp:attachment":[{"href":"https:\/\/www.vansteenberge.com\/fr\/wp-json\/wp\/v2\/media?parent=6759"}],"wp:term":[{"taxonomy":"product_brand","embeddable":true,"href":"https:\/\/www.vansteenberge.com\/fr\/wp-json\/wp\/v2\/product_brand?post=6759"},{"taxonomy":"product_cat","embeddable":true,"href":"https:\/\/www.vansteenberge.com\/fr\/wp-json\/wp\/v2\/product_cat?post=6759"},{"taxonomy":"product_tag","embeddable":true,"href":"https:\/\/www.vansteenberge.com\/fr\/wp-json\/wp\/v2\/product_tag?post=6759"}],"curies":[{"name":"wp","href":"https:\/\/api.w.org\/{rel}","templated":true}]}}