{"id":2103,"date":"2023-09-19T09:39:11","date_gmt":"2023-09-19T09:39:11","guid":{"rendered":"https:\/\/www.vansteenberge.com\/sostenibilita\/"},"modified":"2023-09-22T13:03:58","modified_gmt":"2023-09-22T13:03:58","slug":"sostenibilita","status":"publish","type":"page","link":"https:\/\/www.vansteenberge.com\/it\/sostenibilita\/","title":{"rendered":"Sostenibilit\u00e0"},"content":{"rendered":"<div class=\"wpb-content-wrapper\">[vc_row full_width=&#8221;stretch_row&#8221; equal_height=&#8221;yes&#8221; el_class=&#8221;padding-row&#8221;][vc_column width=&#8221;1\/2&#8243;]<h2 class=\"vcex-heading vcex-heading-side-border vcex-module wpex-heading wpex-text-2xl wpex-h2 wpex-flex wpex-items-center\"><span class=\"vcex-heading-inner wpex-inline-block\">Un processo di miglioramento continuo.<\/span><span class=\"vcex-heading-side-border__border wpex-flex-grow wpex-h-0 wpex-border-solid wpex-border-gray-900 wpex-ml-15 wpex-border-b\"><\/span><\/h2>[vc_column_text]Il birrificio Van Steenberge \u00e8 sinonimo di indipendenza, progresso e crescita. Poniamo l&#8217;accento sulla produzione di birra tradizionale adattata alle evoluzioni tecnologiche e garantiamo una qualit\u00e0 e un servizio affidabili. Il rispetto per i dipendenti e l&#8217;attenzione per l&#8217;ambiente sono al centro della politica.[\/vc_column_text]<div class=\"vcex-spacing wpex-w-100 wpex-clear\"><\/div>[\/vc_column][vc_column width=&#8221;1\/2&#8243;]<figure class=\"vcex-image vcex-module\"><div class=\"vcex-image-inner wpex-relative wpex-inline-block\"><img width=\"2000\" height=\"1500\" src=\"https:\/\/www.vansteenberge.com\/wp-content\/uploads\/2023\/09\/BROUWERIJ_VAN_STEENBERGE.png\" class=\"vcex-image-img wpex-align-middle\" alt=\"\" loading=\"lazy\" decoding=\"async\" srcset=\"https:\/\/www.vansteenberge.com\/wp-content\/uploads\/2023\/09\/BROUWERIJ_VAN_STEENBERGE.png 2000w, https:\/\/www.vansteenberge.com\/wp-content\/uploads\/2023\/09\/BROUWERIJ_VAN_STEENBERGE-300x225.png 300w, https:\/\/www.vansteenberge.com\/wp-content\/uploads\/2023\/09\/BROUWERIJ_VAN_STEENBERGE-1024x768.png 1024w, https:\/\/www.vansteenberge.com\/wp-content\/uploads\/2023\/09\/BROUWERIJ_VAN_STEENBERGE-768x576.png 768w, https:\/\/www.vansteenberge.com\/wp-content\/uploads\/2023\/09\/BROUWERIJ_VAN_STEENBERGE-1536x1152.png 1536w, https:\/\/www.vansteenberge.com\/wp-content\/uploads\/2023\/09\/BROUWERIJ_VAN_STEENBERGE-600x450.png 600w\" sizes=\"auto, (max-width: 2000px) 100vw, 2000px\" \/><\/div><\/figure>[\/vc_column][\/vc_row][vc_row full_width=&#8221;stretch_row&#8221; equal_height=&#8221;yes&#8221; el_class=&#8221;padding-row&#8221;][vc_column width=&#8221;1\/2&#8243;]<figure class=\"vcex-image vcex-module\"><div class=\"vcex-image-inner wpex-relative wpex-inline-block\"><img width=\"2560\" height=\"1707\" src=\"https:\/\/www.vansteenberge.com\/wp-content\/uploads\/2023\/09\/Lagering_BarBaptist_Brouwerij_Van_Steenberge-scaled.jpg\" class=\"vcex-image-img wpex-align-middle\" alt=\"\" loading=\"lazy\" decoding=\"async\" srcset=\"https:\/\/www.vansteenberge.com\/wp-content\/uploads\/2023\/09\/Lagering_BarBaptist_Brouwerij_Van_Steenberge-scaled.jpg 2560w, https:\/\/www.vansteenberge.com\/wp-content\/uploads\/2023\/09\/Lagering_BarBaptist_Brouwerij_Van_Steenberge-300x200.jpg 300w, https:\/\/www.vansteenberge.com\/wp-content\/uploads\/2023\/09\/Lagering_BarBaptist_Brouwerij_Van_Steenberge-1024x683.jpg 1024w, https:\/\/www.vansteenberge.com\/wp-content\/uploads\/2023\/09\/Lagering_BarBaptist_Brouwerij_Van_Steenberge-768x512.jpg 768w, https:\/\/www.vansteenberge.com\/wp-content\/uploads\/2023\/09\/Lagering_BarBaptist_Brouwerij_Van_Steenberge-1536x1024.jpg 1536w, https:\/\/www.vansteenberge.com\/wp-content\/uploads\/2023\/09\/Lagering_BarBaptist_Brouwerij_Van_Steenberge-2048x1365.jpg 2048w, https:\/\/www.vansteenberge.com\/wp-content\/uploads\/2023\/09\/Lagering_BarBaptist_Brouwerij_Van_Steenberge-600x400.jpg 600w\" sizes=\"auto, (max-width: 2560px) 100vw, 2560px\" \/><\/div><\/figure>[\/vc_column][vc_column width=&#8221;1\/2&#8243;]<h2 class=\"vcex-heading vcex-heading-side-border vcex-module wpex-heading wpex-text-2xl wpex-h2 wpex-flex wpex-items-center\"><span class=\"vcex-heading-inner wpex-inline-block\">Tutto inizia con l&apos;acqua<\/span><span class=\"vcex-heading-side-border__border wpex-flex-grow wpex-h-0 wpex-border-solid wpex-border-gray-900 wpex-ml-15 wpex-border-b\"><\/span><\/h2>[vc_column_text]L&#8217;acqua viene utilizzata durante il processo di produzione della birra, oltre che per il raffreddamento e la pulizia. Purtroppo l&#8217;acqua non \u00e8 inesauribile, per questo motivo facciamo tutto il possibile per essere il pi\u00f9 efficienti possibile con l&#8217;acqua e ridurre il nostro consumo idrico. Ma anche di riciclare e riutilizzare al meglio le nostre acque reflue.<\/p>\n[\/vc_column_text]<div class=\"vcex-spacing wpex-w-100 wpex-clear\"><\/div>[\/vc_column][\/vc_row][vc_row full_width=&#8221;stretch_row&#8221; equal_height=&#8221;yes&#8221; el_class=&#8221;padding-row&#8221;][vc_column width=&#8221;1\/2&#8243;]<h2 class=\"vcex-heading vcex-heading-side-border vcex-module wpex-heading wpex-text-2xl wpex-h2 wpex-flex wpex-items-center\"><span class=\"vcex-heading-inner wpex-inline-block\">Energia rinnovabile<\/span><span class=\"vcex-heading-side-border__border wpex-flex-grow wpex-h-0 wpex-border-solid wpex-border-gray-900 wpex-ml-15 wpex-border-b\"><\/span><\/h2>[vc_column_text]Osiamo dire che il 100% dell&#8217;elettricit\u00e0 consumata dal nostro birrificio \u00e8 di origine rinnovabile. Grazie ai nostri pannelli solari, generiamo gran parte della nostra elettricit\u00e0, permettendoci di sfruttare quasi il 100% della nostra energia nei mesi estivi.<\/p>\n<p>Ma non ci fermeremo solo all&#8217;energia solare, continueremo a ottimizzare i nostri processi e a renderli pi\u00f9 puliti con gli obiettivi principali:<\/p>\n<p>&#8211; aumentare l&#8217;uso di fonti energetiche rinnovabili<br \/>\n&#8211; continuare a ottimizzare la nostra efficienza energetica<br \/>\n&#8211; mantenere le nostre emissioni di CO2 il pi\u00f9 basse possibile<\/p>\n[\/vc_column_text]<div class=\"vcex-spacing wpex-w-100 wpex-clear\"><\/div>[\/vc_column][vc_column width=&#8221;1\/2&#8243;]<figure class=\"vcex-image vcex-module\"><div class=\"vcex-image-inner wpex-relative wpex-inline-block\"><img width=\"2560\" height=\"1707\" src=\"https:\/\/www.vansteenberge.com\/wp-content\/uploads\/2023\/09\/Lagering_BarBaptist_Brouwerij_Van_Steenberge-scaled.jpg\" class=\"vcex-image-img wpex-align-middle\" alt=\"\" loading=\"lazy\" decoding=\"async\" srcset=\"https:\/\/www.vansteenberge.com\/wp-content\/uploads\/2023\/09\/Lagering_BarBaptist_Brouwerij_Van_Steenberge-scaled.jpg 2560w, https:\/\/www.vansteenberge.com\/wp-content\/uploads\/2023\/09\/Lagering_BarBaptist_Brouwerij_Van_Steenberge-300x200.jpg 300w, https:\/\/www.vansteenberge.com\/wp-content\/uploads\/2023\/09\/Lagering_BarBaptist_Brouwerij_Van_Steenberge-1024x683.jpg 1024w, https:\/\/www.vansteenberge.com\/wp-content\/uploads\/2023\/09\/Lagering_BarBaptist_Brouwerij_Van_Steenberge-768x512.jpg 768w, https:\/\/www.vansteenberge.com\/wp-content\/uploads\/2023\/09\/Lagering_BarBaptist_Brouwerij_Van_Steenberge-1536x1024.jpg 1536w, https:\/\/www.vansteenberge.com\/wp-content\/uploads\/2023\/09\/Lagering_BarBaptist_Brouwerij_Van_Steenberge-2048x1365.jpg 2048w, https:\/\/www.vansteenberge.com\/wp-content\/uploads\/2023\/09\/Lagering_BarBaptist_Brouwerij_Van_Steenberge-600x400.jpg 600w\" sizes=\"auto, (max-width: 2560px) 100vw, 2560px\" \/><\/div><\/figure>[\/vc_column][\/vc_row][vc_row full_width=&#8221;stretch_row&#8221; equal_height=&#8221;yes&#8221; el_class=&#8221;padding-row&#8221;][vc_column width=&#8221;1\/2&#8243;]<figure class=\"vcex-image vcex-module\"><div class=\"vcex-image-inner wpex-relative wpex-inline-block\"><img width=\"2560\" height=\"1707\" src=\"https:\/\/www.vansteenberge.com\/wp-content\/uploads\/2023\/09\/Lagering_BarBaptist_Brouwerij_Van_Steenberge-scaled.jpg\" class=\"vcex-image-img wpex-align-middle\" alt=\"\" loading=\"lazy\" decoding=\"async\" srcset=\"https:\/\/www.vansteenberge.com\/wp-content\/uploads\/2023\/09\/Lagering_BarBaptist_Brouwerij_Van_Steenberge-scaled.jpg 2560w, https:\/\/www.vansteenberge.com\/wp-content\/uploads\/2023\/09\/Lagering_BarBaptist_Brouwerij_Van_Steenberge-300x200.jpg 300w, https:\/\/www.vansteenberge.com\/wp-content\/uploads\/2023\/09\/Lagering_BarBaptist_Brouwerij_Van_Steenberge-1024x683.jpg 1024w, https:\/\/www.vansteenberge.com\/wp-content\/uploads\/2023\/09\/Lagering_BarBaptist_Brouwerij_Van_Steenberge-768x512.jpg 768w, https:\/\/www.vansteenberge.com\/wp-content\/uploads\/2023\/09\/Lagering_BarBaptist_Brouwerij_Van_Steenberge-1536x1024.jpg 1536w, https:\/\/www.vansteenberge.com\/wp-content\/uploads\/2023\/09\/Lagering_BarBaptist_Brouwerij_Van_Steenberge-2048x1365.jpg 2048w, https:\/\/www.vansteenberge.com\/wp-content\/uploads\/2023\/09\/Lagering_BarBaptist_Brouwerij_Van_Steenberge-600x400.jpg 600w\" sizes=\"auto, (max-width: 2560px) 100vw, 2560px\" \/><\/div><\/figure>[\/vc_column][vc_column width=&#8221;1\/2&#8243;]<h2 class=\"vcex-heading vcex-heading-side-border vcex-module wpex-heading wpex-text-2xl wpex-h2 wpex-flex wpex-items-center\"><span class=\"vcex-heading-inner wpex-inline-block\">Nuova linea di riempimento nell&apos;impianto di imbottigliamento<\/span><span class=\"vcex-heading-side-border__border wpex-flex-grow wpex-h-0 wpex-border-solid wpex-border-gray-900 wpex-ml-15 wpex-border-b\"><\/span><\/h2>[vc_column_text]L&#8217;edificio ristrutturato dovrebbe, da un lato, accogliere la crescente crescita dei propri marchi e, dall&#8217;altro, sostenere la crescente domanda di birre locali da parte dei produttori locali. \u00c8 stato preso in considerazione anche il benessere dei dipendenti, compresi gli aspetti ergonomici.<\/p>\n<p>Questo ci permette di monitorare ancora meglio la qualit\u00e0 e di produrre il doppio, ma certamente anche di ridurre in modo significativo la nostra impronta di carbonio.[\/vc_column_text]<div class=\"vcex-spacing wpex-w-100 wpex-clear\"><\/div>[\/vc_column][\/vc_row][vc_row full_width=&#8221;stretch_row&#8221; equal_height=&#8221;yes&#8221; el_class=&#8221;padding-row&#8221;][vc_column width=&#8221;1\/2&#8243;]<h2 class=\"vcex-heading vcex-heading-side-border vcex-module wpex-heading wpex-text-2xl wpex-h2 wpex-flex wpex-items-center\"><span class=\"vcex-heading-inner wpex-inline-block\">Membro di CEOs 4 Climate.<\/span><span class=\"vcex-heading-side-border__border wpex-flex-grow wpex-h-0 wpex-border-solid wpex-border-gray-900 wpex-ml-15 wpex-border-b\"><\/span><\/h2>[vc_column_text]CEOs 4 Climate \u00e8 una rete di imprenditori attenti al clima, di cui fa parte anche il birrificio Van Steenberge, e diventando membro di CEOs 4 Climate sono gi\u00e0 stati piantati 20 alberi nella Congo ism Go Forrest.<\/p>\n<p>La visione di C4C &#8220;CEOs 4 Climate<br \/>\nIl riscaldamento globale \u00e8 una minaccia importante e globale, che ha un impatto su tutto e tutti. Anche su di noi e sulla nostra economia. Tuttavia, il problema \u00e8 risolvibile.<\/p>\n<p>I mezzi per compiere i primi importanti passi ci sono. E questi passi sono realizzabili. C4C ritiene che gli imprenditori svolgano un ruolo importante e positivo nel cambiamento climatico.<\/p>\n<p>Perch\u00e9 gli imprenditori trasformano le minacce in opportunit\u00e0. Perch\u00e9 gli imprenditori sono persone che vanno avanti, anche quando il gioco si fa duro.[\/vc_column_text]<div class=\"vcex-spacing wpex-w-100 wpex-clear\"><\/div>[\/vc_column][vc_column width=&#8221;1\/2&#8243;]<figure class=\"vcex-image vcex-module\"><div class=\"vcex-image-inner wpex-relative wpex-inline-block\"><img width=\"2560\" height=\"1707\" src=\"https:\/\/www.vansteenberge.com\/wp-content\/uploads\/2023\/09\/Lagering_BarBaptist_Brouwerij_Van_Steenberge-scaled.jpg\" class=\"vcex-image-img wpex-align-middle\" alt=\"\" loading=\"lazy\" decoding=\"async\" srcset=\"https:\/\/www.vansteenberge.com\/wp-content\/uploads\/2023\/09\/Lagering_BarBaptist_Brouwerij_Van_Steenberge-scaled.jpg 2560w, https:\/\/www.vansteenberge.com\/wp-content\/uploads\/2023\/09\/Lagering_BarBaptist_Brouwerij_Van_Steenberge-300x200.jpg 300w, https:\/\/www.vansteenberge.com\/wp-content\/uploads\/2023\/09\/Lagering_BarBaptist_Brouwerij_Van_Steenberge-1024x683.jpg 1024w, https:\/\/www.vansteenberge.com\/wp-content\/uploads\/2023\/09\/Lagering_BarBaptist_Brouwerij_Van_Steenberge-768x512.jpg 768w, https:\/\/www.vansteenberge.com\/wp-content\/uploads\/2023\/09\/Lagering_BarBaptist_Brouwerij_Van_Steenberge-1536x1024.jpg 1536w, https:\/\/www.vansteenberge.com\/wp-content\/uploads\/2023\/09\/Lagering_BarBaptist_Brouwerij_Van_Steenberge-2048x1365.jpg 2048w, https:\/\/www.vansteenberge.com\/wp-content\/uploads\/2023\/09\/Lagering_BarBaptist_Brouwerij_Van_Steenberge-600x400.jpg 600w\" sizes=\"auto, (max-width: 2560px) 100vw, 2560px\" \/><\/div><\/figure>[\/vc_column][\/vc_row][vc_row full_width=&#8221;stretch_row&#8221; equal_height=&#8221;yes&#8221; el_class=&#8221;padding-row&#8221;][vc_column width=&#8221;1\/2&#8243;]<figure class=\"vcex-image vcex-module\"><div class=\"vcex-image-inner wpex-relative wpex-inline-block\"><img width=\"2560\" height=\"1707\" src=\"https:\/\/www.vansteenberge.com\/wp-content\/uploads\/2023\/09\/Lagering_BarBaptist_Brouwerij_Van_Steenberge-scaled.jpg\" class=\"vcex-image-img wpex-align-middle\" alt=\"\" loading=\"lazy\" decoding=\"async\" srcset=\"https:\/\/www.vansteenberge.com\/wp-content\/uploads\/2023\/09\/Lagering_BarBaptist_Brouwerij_Van_Steenberge-scaled.jpg 2560w, https:\/\/www.vansteenberge.com\/wp-content\/uploads\/2023\/09\/Lagering_BarBaptist_Brouwerij_Van_Steenberge-300x200.jpg 300w, https:\/\/www.vansteenberge.com\/wp-content\/uploads\/2023\/09\/Lagering_BarBaptist_Brouwerij_Van_Steenberge-1024x683.jpg 1024w, https:\/\/www.vansteenberge.com\/wp-content\/uploads\/2023\/09\/Lagering_BarBaptist_Brouwerij_Van_Steenberge-768x512.jpg 768w, https:\/\/www.vansteenberge.com\/wp-content\/uploads\/2023\/09\/Lagering_BarBaptist_Brouwerij_Van_Steenberge-1536x1024.jpg 1536w, https:\/\/www.vansteenberge.com\/wp-content\/uploads\/2023\/09\/Lagering_BarBaptist_Brouwerij_Van_Steenberge-2048x1365.jpg 2048w, https:\/\/www.vansteenberge.com\/wp-content\/uploads\/2023\/09\/Lagering_BarBaptist_Brouwerij_Van_Steenberge-600x400.jpg 600w\" sizes=\"auto, (max-width: 2560px) 100vw, 2560px\" \/><\/div><\/figure>[\/vc_column][vc_column width=&#8221;1\/2&#8243;]<h2 class=\"vcex-heading vcex-heading-side-border vcex-module wpex-heading wpex-text-2xl wpex-h2 wpex-flex wpex-items-center\"><span class=\"vcex-heading-inner wpex-inline-block\">Forte ancoraggio locale<\/span><span class=\"vcex-heading-side-border__border wpex-flex-grow wpex-h-0 wpex-border-solid wpex-border-gray-900 wpex-ml-15 wpex-border-b\"><\/span><\/h2>[vc_column_text]Carote nel Meetjesland, \u00e8 la regione in cui agricoltori e produttori producono i prodotti pi\u00f9 gustosi da tempo immemorabile. Questa \u00e8 la natura di Meetjesland e la genesi del birrificio Van Steenberge. L&#8217;inconfondibile attenzione ai dettagli e l&#8217;orgoglio del produttore.<\/p>\n<p>Ma anche orgogliosi della regione e di tutto ci\u00f2 che vi accade, ed \u00e8 per questo che sosteniamo il maggior numero possibile di associazioni e iniziative locali.<\/p>\n[\/vc_column_text]<div class=\"vcex-spacing wpex-w-100 wpex-clear\"><\/div>[\/vc_column][\/vc_row][vc_row full_width=&#8221;stretch_row&#8221; equal_height=&#8221;yes&#8221; el_class=&#8221;padding-row&#8221;][vc_column width=&#8221;1\/2&#8243;]<h2 class=\"vcex-heading vcex-heading-side-border vcex-module wpex-heading wpex-text-2xl wpex-h2 wpex-flex wpex-items-center\"><span class=\"vcex-heading-inner wpex-inline-block\">Collaborazione con Workshop Gandae<\/span><span class=\"vcex-heading-side-border__border wpex-flex-grow wpex-h-0 wpex-border-solid wpex-border-gray-900 wpex-ml-15 wpex-border-b\"><\/span><\/h2>[vc_column_text]\n<div class=\"inner inner-wysiwyg col-md-6 right\">\n<p>GandaeHandlingAtelier offre lavoro a persone qualificate con disabilit\u00e0 mentali lievi o moderate, che si ritiene non siano in grado di lavorare all&#8217;interno della comunit\u00e0 imprenditoriale tradizionale. Impiegano persone autorizzate dal governo a lavorare in laboratori protetti.<\/p>\n<div class=\"col-md-3 vcenter right text\">\n<div class=\"inner inner-text title c-white p-r-20\">Anche a loro vogliamo dare il nostro sostegno mentre vanno avanti a tutta forza!<\/div>\n<\/div>\n<div class=\"col-md-3 vcenter wysiwyg\">\n<div class=\"inner inner-wysiwyg p-t-10\">\n<p>L&#8217;80% delle nostre vendite \u00e8 costituito da esportazioni, per cui l&#8217;imballaggio richiede particolare attenzione e flessibilit\u00e0. Lo staff di Gandae lo gestisce perfettamente. Quindi una situazione chiaramente vantaggiosa per tutti<\/p>\n<\/div>\n<\/div>\n<\/div>\n[\/vc_column_text]<div class=\"vcex-spacing wpex-w-100 wpex-clear\"><\/div>[\/vc_column][vc_column width=&#8221;1\/2&#8243;]<figure class=\"vcex-image vcex-module\"><div class=\"vcex-image-inner wpex-relative wpex-inline-block\"><img width=\"2560\" height=\"1707\" src=\"https:\/\/www.vansteenberge.com\/wp-content\/uploads\/2023\/09\/Lagering_BarBaptist_Brouwerij_Van_Steenberge-scaled.jpg\" class=\"vcex-image-img wpex-align-middle\" alt=\"\" loading=\"lazy\" decoding=\"async\" srcset=\"https:\/\/www.vansteenberge.com\/wp-content\/uploads\/2023\/09\/Lagering_BarBaptist_Brouwerij_Van_Steenberge-scaled.jpg 2560w, https:\/\/www.vansteenberge.com\/wp-content\/uploads\/2023\/09\/Lagering_BarBaptist_Brouwerij_Van_Steenberge-300x200.jpg 300w, https:\/\/www.vansteenberge.com\/wp-content\/uploads\/2023\/09\/Lagering_BarBaptist_Brouwerij_Van_Steenberge-1024x683.jpg 1024w, https:\/\/www.vansteenberge.com\/wp-content\/uploads\/2023\/09\/Lagering_BarBaptist_Brouwerij_Van_Steenberge-768x512.jpg 768w, https:\/\/www.vansteenberge.com\/wp-content\/uploads\/2023\/09\/Lagering_BarBaptist_Brouwerij_Van_Steenberge-1536x1024.jpg 1536w, https:\/\/www.vansteenberge.com\/wp-content\/uploads\/2023\/09\/Lagering_BarBaptist_Brouwerij_Van_Steenberge-2048x1365.jpg 2048w, https:\/\/www.vansteenberge.com\/wp-content\/uploads\/2023\/09\/Lagering_BarBaptist_Brouwerij_Van_Steenberge-600x400.jpg 600w\" sizes=\"auto, (max-width: 2560px) 100vw, 2560px\" \/><\/div><\/figure>[\/vc_column][\/vc_row][vc_row][vc_column]<figure class=\"vcex-image vcex-module\"><div class=\"vcex-image-inner wpex-relative wpex-inline-block\"><img width=\"2000\" height=\"667\" src=\"https:\/\/www.vansteenberge.com\/wp-content\/uploads\/2023\/09\/Jef_Versele_Brouwzaal_Brouwerij-Van-Steenberge_banner.png\" class=\"vcex-image-img wpex-align-middle\" alt=\"\" loading=\"lazy\" decoding=\"async\" srcset=\"https:\/\/www.vansteenberge.com\/wp-content\/uploads\/2023\/09\/Jef_Versele_Brouwzaal_Brouwerij-Van-Steenberge_banner.png 2000w, https:\/\/www.vansteenberge.com\/wp-content\/uploads\/2023\/09\/Jef_Versele_Brouwzaal_Brouwerij-Van-Steenberge_banner-300x100.png 300w, https:\/\/www.vansteenberge.com\/wp-content\/uploads\/2023\/09\/Jef_Versele_Brouwzaal_Brouwerij-Van-Steenberge_banner-1024x342.png 1024w, https:\/\/www.vansteenberge.com\/wp-content\/uploads\/2023\/09\/Jef_Versele_Brouwzaal_Brouwerij-Van-Steenberge_banner-768x256.png 768w, https:\/\/www.vansteenberge.com\/wp-content\/uploads\/2023\/09\/Jef_Versele_Brouwzaal_Brouwerij-Van-Steenberge_banner-1536x512.png 1536w, https:\/\/www.vansteenberge.com\/wp-content\/uploads\/2023\/09\/Jef_Versele_Brouwzaal_Brouwerij-Van-Steenberge_banner-600x200.png 600w\" sizes=\"auto, (max-width: 2000px) 100vw, 2000px\" \/><\/div><\/figure>[\/vc_column][\/vc_row][vc_row][vc_column]<div class=\"wpex-template-shortcode\"><div class=\"vc_row wpb_row vc_row-fluid vc_row-o-equal-height vc_row-o-content-middle vc_row-flex wpex-relative wpex-vc-has-custom-column-spacing wpex-vc-column-spacing-0px\"><div class=\"wpb_column vc_column_container vc_col-sm-6\"><div class=\"vc_column-inner\"><div class=\"wpb_wrapper\"><h2 class=\"vcex-heading vcex-heading-side-border vcex-module wpex-heading wpex-text-2xl wpex-h2 wpex-flex wpex-items-center\"><span class=\"vcex-heading-inner wpex-inline-block\">Scoprire<br \/>\nil nostro negozio web<\/span><span class=\"vcex-heading-side-border__border wpex-flex-grow wpex-h-0 wpex-border-solid wpex-border-gray-900 wpex-ml-15 wpex-border-b\"><\/span><\/h2><div class=\"vcex-spacing wpex-w-100 wpex-clear\"><\/div>\n\t<div class=\"wpb_text_column wpb_content_element\" >\n\t\t<div class=\"wpb_wrapper\">\n\t\t\t<p>Nel nostro negozio web troverete un<br \/>\nsquisita selezione delle nostre birre.<\/p>\n\n\t\t<\/div>\n\t<\/div>\n<div class=\"vcex-spacing wpex-w-100 wpex-clear\"><\/div><a href=\"\/it\/shop\/\" class=\"vcex-button theme-button inline\"><span class=\"vcex-button-inner theme-button-inner wpex-flex wpex-flex-wrap wpex-items-center wpex-justify-center\">Al negozio<\/span><\/a> <div class=\"vcex-spacing wpex-w-100 wpex-clear\"><\/div><\/div><\/div><\/div><div class=\"wpb_column vc_column_container vc_col-sm-6\"><div class=\"vc_column-inner\"><div class=\"wpb_wrapper\"><figure class=\"vcex-image vcex-module\"><div class=\"vcex-image-inner wpex-relative wpex-inline-block\"><img width=\"820\" height=\"600\" src=\"https:\/\/www.vansteenberge.com\/wp-content\/uploads\/2023\/06\/GuldenDraak_Combination.png\" class=\"vcex-image-img wpex-align-middle\" alt=\"\" loading=\"lazy\" decoding=\"async\" srcset=\"https:\/\/www.vansteenberge.com\/wp-content\/uploads\/2023\/06\/GuldenDraak_Combination.png 820w, https:\/\/www.vansteenberge.com\/wp-content\/uploads\/2023\/06\/GuldenDraak_Combination-300x220.png 300w, https:\/\/www.vansteenberge.com\/wp-content\/uploads\/2023\/06\/GuldenDraak_Combination-768x562.png 768w\" sizes=\"auto, (max-width: 820px) 100vw, 820px\" \/><\/div><\/figure><\/div><\/div><\/div><\/div>\n<\/div>[\/vc_column][\/vc_row]\n<\/div>","protected":false},"excerpt":{"rendered":"Un processo di miglioramento continuo. Il birrificio Van Steenberge \u00e8 sinonimo di indipendenza, progresso e crescita. Poniamo l'accento sulla produzione di birra tradizionale adattata alle evoluzioni tecnologiche e garantiamo una qualit\u00e0 e un servizio affidabili. Il rispetto per i dipendenti e l'attenzione per l'ambiente sono al centro della politica. Tutto inizia con l&apos;acqua L'acqua viene&hellip;","protected":false},"author":1,"featured_media":1817,"parent":0,"menu_order":0,"comment_status":"closed","ping_status":"closed","template":"","meta":{"_acf_changed":false,"bwfblock_default_font":"","footnotes":""},"class_list":["post-2103","page","type-page","status-publish","has-post-thumbnail","hentry","entry","has-media"],"acf":[],"_links":{"self":[{"href":"https:\/\/www.vansteenberge.com\/it\/wp-json\/wp\/v2\/pages\/2103","targetHints":{"allow":["GET"]}}],"collection":[{"href":"https:\/\/www.vansteenberge.com\/it\/wp-json\/wp\/v2\/pages"}],"about":[{"href":"https:\/\/www.vansteenberge.com\/it\/wp-json\/wp\/v2\/types\/page"}],"author":[{"embeddable":true,"href":"https:\/\/www.vansteenberge.com\/it\/wp-json\/wp\/v2\/users\/1"}],"replies":[{"embeddable":true,"href":"https:\/\/www.vansteenberge.com\/it\/wp-json\/wp\/v2\/comments?post=2103"}],"version-history":[{"count":0,"href":"https:\/\/www.vansteenberge.com\/it\/wp-json\/wp\/v2\/pages\/2103\/revisions"}],"wp:featuredmedia":[{"embeddable":true,"href":"https:\/\/www.vansteenberge.com\/it\/wp-json\/wp\/v2\/media\/1817"}],"wp:attachment":[{"href":"https:\/\/www.vansteenberge.com\/it\/wp-json\/wp\/v2\/media?parent=2103"}],"curies":[{"name":"wp","href":"https:\/\/api.w.org\/{rel}","templated":true}]}}