{"id":20282,"date":"2024-09-12T14:38:55","date_gmt":"2024-09-12T12:38:55","guid":{"rendered":"https:\/\/www.vansteenberge.com\/?post_type=product&#038;p=20282"},"modified":"2026-03-14T09:47:44","modified_gmt":"2026-03-14T08:47:44","slug":"piraat-7","status":"publish","type":"product","link":"https:\/\/www.vansteenberge.com\/it\/product\/piraat-7\/","title":{"rendered":"Piraat 7 &#8211; 33cl"},"content":{"rendered":"<p style=\"text-align: center;\"><em><span style=\"font-size: 14px;\">In questa Piraat piuttosto leggera, scoprirai ancora una volta il riconoscibile carattere piratesco. Solo che il sapore della birra \u00e8 leggermente pi\u00f9 secco e compatto, il che la rende pi\u00f9 rinfrescante e dissetante. <\/span><\/em><br \/>\n<em><span style=\"font-size: 14px;\">Sofie Vanrafelghem<\/span><\/em><\/p>\n<p>Questa birra bionda a fermentazione secondaria contiene un aroma molto corposo e presenta un perfetto equilibrio dolce-amaro con un piacevole retrogusto. Una birra bionda da gustare a lungo.<\/p>\n<p>La fermentazione in bottiglia e in botte garantisce una durata di conservazione di anni con un&#8217;evoluzione del gusto.<\/p>\n","protected":false},"excerpt":{"rendered":"<p>Birra bionda chiara con una testa piena e bianca<\/p>\n","protected":false},"featured_media":20288,"comment_status":"closed","ping_status":"closed","template":"","meta":{"_acf_changed":false,"bwfblock_default_font":""},"product_brand":[],"product_cat":[163,126],"product_tag":[],"class_list":{"0":"post-20282","1":"product","2":"type-product","3":"status-publish","4":"has-post-thumbnail","6":"product_cat-birra","7":"product_cat-piraat-it","8":"entry","9":"has-media","11":"first","12":"instock","13":"taxable","14":"shipping-taxable","15":"purchasable","16":"product-type-simple"},"acf":[],"_links":{"self":[{"href":"https:\/\/www.vansteenberge.com\/it\/wp-json\/wp\/v2\/product\/20282","targetHints":{"allow":["GET"]}}],"collection":[{"href":"https:\/\/www.vansteenberge.com\/it\/wp-json\/wp\/v2\/product"}],"about":[{"href":"https:\/\/www.vansteenberge.com\/it\/wp-json\/wp\/v2\/types\/product"}],"replies":[{"embeddable":true,"href":"https:\/\/www.vansteenberge.com\/it\/wp-json\/wp\/v2\/comments?post=20282"}],"wp:featuredmedia":[{"embeddable":true,"href":"https:\/\/www.vansteenberge.com\/it\/wp-json\/wp\/v2\/media\/20288"}],"wp:attachment":[{"href":"https:\/\/www.vansteenberge.com\/it\/wp-json\/wp\/v2\/media?parent=20282"}],"wp:term":[{"taxonomy":"product_brand","embeddable":true,"href":"https:\/\/www.vansteenberge.com\/it\/wp-json\/wp\/v2\/product_brand?post=20282"},{"taxonomy":"product_cat","embeddable":true,"href":"https:\/\/www.vansteenberge.com\/it\/wp-json\/wp\/v2\/product_cat?post=20282"},{"taxonomy":"product_tag","embeddable":true,"href":"https:\/\/www.vansteenberge.com\/it\/wp-json\/wp\/v2\/product_tag?post=20282"}],"curies":[{"name":"wp","href":"https:\/\/api.w.org\/{rel}","templated":true}]}}