{"id":2266,"date":"2023-08-05T19:56:23","date_gmt":"2023-08-05T19:56:23","guid":{"rendered":"https:\/\/www.vansteenberge.com\/product\/drago-doro-classico\/"},"modified":"2026-03-28T22:54:50","modified_gmt":"2026-03-28T21:54:50","slug":"gulden-draak-classic","status":"publish","type":"product","link":"https:\/\/www.vansteenberge.com\/it\/product\/drago-doro-classico\/","title":{"rendered":"Gulden Draak Classica &#8211; 33cl"},"content":{"rendered":"<p style=\"text-align: center;\"><em><span style=\"font-size: 14px;\">Dal campanile di Gand, il Drago d&#8217;Oro veglia sulla citt\u00e0 dal 1377. Altrettanto iconica \u00e8 l&#8217;omonima birra. Si tratta di una bellissima birra rosso-marrone intenso con un carattere dolce-malto e note espressive di caramello, cioccolato al latte e un tocco di banana.  <\/span><\/em><br \/>\n<em><span style=\"font-size: 14px;\">Sofie Vanrafelghem<\/span><\/em><\/p>\n<p>Un simbolo cos\u00ec imponente, che dura da oltre sei secoli, \u00e8 accompagnato da una birra altrettanto imponente. Come il drago che regna in cima alla citt\u00e0, Gulden Draak \u00e8 stata per anni tra le birre migliori del mondo. Si tratta di una tripel scura, che di per s\u00e9 la rende una birra eccezionale, ma il sapore complesso con note di caramello, malto tostato e caff\u00e8 la rende unica.<br \/>\nIn breve, la birra \u00e8 degna del suo nome.<\/p>\n<p>Per la fermentazione secondaria viene utilizzato un lievito da vino, che determina l&#8217;incomparabile sapore e garantisce l&#8217;evoluzione del gusto a lungo termine (= birra viva). Pi\u00f9 la birra invecchia, pi\u00f9 acquista aroma e pi\u00f9 il sapore e il colore diventano pieni.<\/p>\n<p>Vale quindi la pena di conservare alcune bottiglie grandi e lasciarle invecchiare per molti anni.<\/p>\n","protected":false},"excerpt":{"rendered":"<p>L&#8217;autentica tripel rosso rubino<\/p>\n","protected":false},"featured_media":4477,"comment_status":"closed","ping_status":"closed","template":"","meta":{"_acf_changed":false,"bwfblock_default_font":""},"product_brand":[],"product_cat":[163,104],"product_tag":[],"class_list":{"0":"post-2266","1":"product","2":"type-product","3":"status-publish","4":"has-post-thumbnail","6":"product_cat-birra","7":"product_cat-gulden-draak-it","8":"entry","9":"has-media","11":"first","12":"instock","13":"taxable","14":"shipping-taxable","15":"purchasable","16":"product-type-simple"},"acf":[],"_links":{"self":[{"href":"https:\/\/www.vansteenberge.com\/it\/wp-json\/wp\/v2\/product\/2266","targetHints":{"allow":["GET"]}}],"collection":[{"href":"https:\/\/www.vansteenberge.com\/it\/wp-json\/wp\/v2\/product"}],"about":[{"href":"https:\/\/www.vansteenberge.com\/it\/wp-json\/wp\/v2\/types\/product"}],"replies":[{"embeddable":true,"href":"https:\/\/www.vansteenberge.com\/it\/wp-json\/wp\/v2\/comments?post=2266"}],"wp:featuredmedia":[{"embeddable":true,"href":"https:\/\/www.vansteenberge.com\/it\/wp-json\/wp\/v2\/media\/4477"}],"wp:attachment":[{"href":"https:\/\/www.vansteenberge.com\/it\/wp-json\/wp\/v2\/media?parent=2266"}],"wp:term":[{"taxonomy":"product_brand","embeddable":true,"href":"https:\/\/www.vansteenberge.com\/it\/wp-json\/wp\/v2\/product_brand?post=2266"},{"taxonomy":"product_cat","embeddable":true,"href":"https:\/\/www.vansteenberge.com\/it\/wp-json\/wp\/v2\/product_cat?post=2266"},{"taxonomy":"product_tag","embeddable":true,"href":"https:\/\/www.vansteenberge.com\/it\/wp-json\/wp\/v2\/product_tag?post=2266"}],"curies":[{"name":"wp","href":"https:\/\/api.w.org\/{rel}","templated":true}]}}