{"id":2296,"date":"2023-08-02T10:41:31","date_gmt":"2023-08-02T10:41:31","guid":{"rendered":"https:\/\/www.vansteenberge.com\/product\/triplo-salto-pirata\/"},"modified":"2026-03-14T09:47:44","modified_gmt":"2026-03-14T08:47:44","slug":"piraat-triple-hop","status":"publish","type":"product","link":"https:\/\/www.vansteenberge.com\/it\/product\/piraat-triplo-luppolo\/","title":{"rendered":"Piraat Triplo luppolo &#8211; 33cl"},"content":{"rendered":"<p style=\"text-align: center;\"><em><span style=\"font-size: 14px;\">Questo Piraat \u00e8 stato pesantemente luppolato con quattro luppoli aggiuntivi. Il risultato \u00e8 una Piraat fresca e fruttata, con note di luppolo di agrumi e frutta esotica al naso. \u00c8 bello il modo in cui gli aromi fruttati del lievito e del luppolo si uniscono in questa birra.<\/span><\/em><br \/>\n<em><span style=\"font-size: 14px;\">Sofie Vanrafelghem<\/span><\/em><\/p>\n<p>Questa birra \u00e8 stata realizzata ispirandosi alla cultura IPA degli Stati Uniti. Per produrre il luppolo Piraat Triple, sono state aggiunte quattro variet\u00e0 di luppolo al classico Piraat. La ricetta viene modificata ogni anno in base alla disponibilit\u00e0 delle variet\u00e0 di luppolo. La fermentazione in bottiglia e in botte garantisce una durata di conservazione di anni con un&#8217;evoluzione del gusto.<\/p>\n","protected":false},"excerpt":{"rendered":"<p>Birra IPA con forte aroma di luppolo<\/p>\n","protected":false},"featured_media":1349,"comment_status":"closed","ping_status":"closed","template":"","meta":{"_acf_changed":false,"bwfblock_default_font":""},"product_brand":[],"product_cat":[163,126],"product_tag":[],"class_list":{"0":"post-2296","1":"product","2":"type-product","3":"status-publish","4":"has-post-thumbnail","6":"product_cat-birra","7":"product_cat-piraat-it","8":"entry","9":"has-media","11":"first","12":"instock","13":"taxable","14":"shipping-taxable","15":"purchasable","16":"product-type-simple"},"acf":[],"_links":{"self":[{"href":"https:\/\/www.vansteenberge.com\/it\/wp-json\/wp\/v2\/product\/2296","targetHints":{"allow":["GET"]}}],"collection":[{"href":"https:\/\/www.vansteenberge.com\/it\/wp-json\/wp\/v2\/product"}],"about":[{"href":"https:\/\/www.vansteenberge.com\/it\/wp-json\/wp\/v2\/types\/product"}],"replies":[{"embeddable":true,"href":"https:\/\/www.vansteenberge.com\/it\/wp-json\/wp\/v2\/comments?post=2296"}],"wp:featuredmedia":[{"embeddable":true,"href":"https:\/\/www.vansteenberge.com\/it\/wp-json\/wp\/v2\/media\/1349"}],"wp:attachment":[{"href":"https:\/\/www.vansteenberge.com\/it\/wp-json\/wp\/v2\/media?parent=2296"}],"wp:term":[{"taxonomy":"product_brand","embeddable":true,"href":"https:\/\/www.vansteenberge.com\/it\/wp-json\/wp\/v2\/product_brand?post=2296"},{"taxonomy":"product_cat","embeddable":true,"href":"https:\/\/www.vansteenberge.com\/it\/wp-json\/wp\/v2\/product_cat?post=2296"},{"taxonomy":"product_tag","embeddable":true,"href":"https:\/\/www.vansteenberge.com\/it\/wp-json\/wp\/v2\/product_tag?post=2296"}],"curies":[{"name":"wp","href":"https:\/\/api.w.org\/{rel}","templated":true}]}}