{"id":2431,"date":"2023-08-02T10:57:11","date_gmt":"2023-08-02T10:57:11","guid":{"rendered":"https:\/\/www.vansteenberge.com\/product\/1784-esportazione-schelfaut\/"},"modified":"2025-02-19T16:02:00","modified_gmt":"2025-02-19T15:02:00","slug":"1784-schelfaut-export","status":"publish","type":"product","link":"https:\/\/www.vansteenberge.com\/it\/product\/1784-schelfaut-export\/","title":{"rendered":"1784 Schelfaut Export &#8211; 33cl"},"content":{"rendered":"<p>Con la Schelfaut Export 1784, il birrificio van Steenberge torna a una tradizione di Meetjesland: una lager leggera in bottiglia da 33cl.<br \/>\n1784 si riferisce all&#8217;anno di fondazione del birrificio. Schelfaut in omaggio a Marie Schelfaut, la terza generazione della famiglia Ertveld, che nel 1919 riusc\u00ec a preservare l&#8217;indipendenza del birrificio. E cos\u00ec \u00e8 ancora!<\/p>\n<p>&nbsp;<\/p>\n","protected":false},"excerpt":{"rendered":"<p>Una lager dissetante dal sapore delicato.<\/p>\n","protected":false},"featured_media":1209,"comment_status":"closed","ping_status":"closed","template":"","meta":{"_acf_changed":false,"bwfblock_default_font":""},"product_brand":[],"product_cat":[163,145],"product_tag":[],"class_list":{"0":"post-2431","1":"product","2":"type-product","3":"status-publish","4":"has-post-thumbnail","6":"product_cat-birra","7":"product_cat-export-1784-it","8":"entry","9":"has-media","11":"first","12":"instock","13":"taxable","14":"shipping-taxable","15":"purchasable","16":"product-type-simple"},"acf":[],"_links":{"self":[{"href":"https:\/\/www.vansteenberge.com\/it\/wp-json\/wp\/v2\/product\/2431","targetHints":{"allow":["GET"]}}],"collection":[{"href":"https:\/\/www.vansteenberge.com\/it\/wp-json\/wp\/v2\/product"}],"about":[{"href":"https:\/\/www.vansteenberge.com\/it\/wp-json\/wp\/v2\/types\/product"}],"replies":[{"embeddable":true,"href":"https:\/\/www.vansteenberge.com\/it\/wp-json\/wp\/v2\/comments?post=2431"}],"wp:featuredmedia":[{"embeddable":true,"href":"https:\/\/www.vansteenberge.com\/it\/wp-json\/wp\/v2\/media\/1209"}],"wp:attachment":[{"href":"https:\/\/www.vansteenberge.com\/it\/wp-json\/wp\/v2\/media?parent=2431"}],"wp:term":[{"taxonomy":"product_brand","embeddable":true,"href":"https:\/\/www.vansteenberge.com\/it\/wp-json\/wp\/v2\/product_brand?post=2431"},{"taxonomy":"product_cat","embeddable":true,"href":"https:\/\/www.vansteenberge.com\/it\/wp-json\/wp\/v2\/product_cat?post=2431"},{"taxonomy":"product_tag","embeddable":true,"href":"https:\/\/www.vansteenberge.com\/it\/wp-json\/wp\/v2\/product_tag?post=2431"}],"curies":[{"name":"wp","href":"https:\/\/api.w.org\/{rel}","templated":true}]}}