{"id":2506,"date":"2023-04-04T11:20:43","date_gmt":"2023-04-04T11:20:43","guid":{"rendered":"https:\/\/www.vansteenberge.com\/product\/1784-schelfaut-bicchiere-da-esportazione-33cl\/"},"modified":"2025-02-19T16:00:26","modified_gmt":"2025-02-19T15:00:26","slug":"1784-schelfaut-export-glas-33cl","status":"publish","type":"product","link":"https:\/\/www.vansteenberge.com\/it\/product\/1784-schelfaut-export-glas-33cl\/","title":{"rendered":"1784 Schelfaut Bicchiere da esportazione 33cl"},"content":{"rendered":"<p>Con la Schelfaut Export 1784, il birrificio van Steenberge torna a una tradizione di Meetjesland: una lager leggera in bottiglia da 33cl.<br \/>\n1784 si riferisce all&#8217;anno di fondazione del birrificio. Schelfaut in omaggio a Marie Schelfaut, la terza generazione della famiglia Ertveld, che nel 1919 riusc\u00ec a preservare l&#8217;indipendenza del birrificio. E cos\u00ec \u00e8 ancora!<\/p>\n<p>1784 Schelfaut Bicchiere da esportazione 33cl<\/p>\n","protected":false},"excerpt":{"rendered":"<p>1784 Schelfaut Bicchiere da esportazione 33cl<\/p>\n","protected":false},"featured_media":1705,"comment_status":"closed","ping_status":"closed","template":"","meta":{"_acf_changed":false,"bwfblock_default_font":""},"product_brand":[],"product_cat":[215],"product_tag":[],"class_list":{"0":"post-2506","1":"product","2":"type-product","3":"status-publish","4":"has-post-thumbnail","6":"product_cat-bicchieri-da-birra","7":"entry","8":"has-media","10":"first","11":"instock","12":"taxable","13":"shipping-taxable","14":"purchasable","15":"product-type-simple"},"acf":[],"_links":{"self":[{"href":"https:\/\/www.vansteenberge.com\/it\/wp-json\/wp\/v2\/product\/2506","targetHints":{"allow":["GET"]}}],"collection":[{"href":"https:\/\/www.vansteenberge.com\/it\/wp-json\/wp\/v2\/product"}],"about":[{"href":"https:\/\/www.vansteenberge.com\/it\/wp-json\/wp\/v2\/types\/product"}],"replies":[{"embeddable":true,"href":"https:\/\/www.vansteenberge.com\/it\/wp-json\/wp\/v2\/comments?post=2506"}],"wp:featuredmedia":[{"embeddable":true,"href":"https:\/\/www.vansteenberge.com\/it\/wp-json\/wp\/v2\/media\/1705"}],"wp:attachment":[{"href":"https:\/\/www.vansteenberge.com\/it\/wp-json\/wp\/v2\/media?parent=2506"}],"wp:term":[{"taxonomy":"product_brand","embeddable":true,"href":"https:\/\/www.vansteenberge.com\/it\/wp-json\/wp\/v2\/product_brand?post=2506"},{"taxonomy":"product_cat","embeddable":true,"href":"https:\/\/www.vansteenberge.com\/it\/wp-json\/wp\/v2\/product_cat?post=2506"},{"taxonomy":"product_tag","embeddable":true,"href":"https:\/\/www.vansteenberge.com\/it\/wp-json\/wp\/v2\/product_tag?post=2506"}],"curies":[{"name":"wp","href":"https:\/\/api.w.org\/{rel}","templated":true}]}}