{"id":2532,"date":"2023-04-04T08:28:30","date_gmt":"2023-04-04T08:28:30","guid":{"rendered":"https:\/\/www.vansteenberge.com\/product\/bicchiere-gulden-draak-33cl\/"},"modified":"2025-12-02T14:49:17","modified_gmt":"2025-12-02T13:49:17","slug":"gulden-draak-33cl-glas","status":"publish","type":"product","link":"https:\/\/www.vansteenberge.com\/it\/product\/gulden-draak-bicchiere-da-33cl\/","title":{"rendered":"Bicchiere Gulden Draak 33cl"},"content":{"rendered":"<div class=\"grid__12 grid__6@med flex flex-column flex-justify-center\">\n<p>Un simbolo cos\u00ec imponente, che dura da oltre sei secoli, \u00e8 accompagnato da una birra altrettanto imponente. Come il drago che regna in cima alla citt\u00e0, Gulden Draak \u00e8 stata per anni tra le birre migliori del mondo. Si tratta di una tripel scura, che di per s\u00e9 la rende una birra eccezionale, ma il sapore complesso con note di caramello, malto tostato e caff\u00e8 la rende unica.<br \/>\nIn breve, la birra \u00e8 degna del suo nome.<\/p>\n<p>1 bicchiere da uovo di drago Gulden Draak 33cl<\/p>\n<p>&nbsp;<\/p>\n<\/div>\n","protected":false},"excerpt":{"rendered":"<p>Bicchiere Golden Dragon 33cl<\/p>\n","protected":false},"featured_media":1673,"comment_status":"closed","ping_status":"closed","template":"","meta":{"_acf_changed":false,"bwfblock_default_font":""},"product_brand":[],"product_cat":[215],"product_tag":[],"class_list":{"0":"post-2532","1":"product","2":"type-product","3":"status-publish","4":"has-post-thumbnail","6":"product_cat-bicchieri-da-birra","7":"entry","8":"has-media","10":"first","11":"instock","12":"taxable","13":"shipping-taxable","14":"purchasable","15":"product-type-simple"},"acf":[],"_links":{"self":[{"href":"https:\/\/www.vansteenberge.com\/it\/wp-json\/wp\/v2\/product\/2532","targetHints":{"allow":["GET"]}}],"collection":[{"href":"https:\/\/www.vansteenberge.com\/it\/wp-json\/wp\/v2\/product"}],"about":[{"href":"https:\/\/www.vansteenberge.com\/it\/wp-json\/wp\/v2\/types\/product"}],"replies":[{"embeddable":true,"href":"https:\/\/www.vansteenberge.com\/it\/wp-json\/wp\/v2\/comments?post=2532"}],"wp:featuredmedia":[{"embeddable":true,"href":"https:\/\/www.vansteenberge.com\/it\/wp-json\/wp\/v2\/media\/1673"}],"wp:attachment":[{"href":"https:\/\/www.vansteenberge.com\/it\/wp-json\/wp\/v2\/media?parent=2532"}],"wp:term":[{"taxonomy":"product_brand","embeddable":true,"href":"https:\/\/www.vansteenberge.com\/it\/wp-json\/wp\/v2\/product_brand?post=2532"},{"taxonomy":"product_cat","embeddable":true,"href":"https:\/\/www.vansteenberge.com\/it\/wp-json\/wp\/v2\/product_cat?post=2532"},{"taxonomy":"product_tag","embeddable":true,"href":"https:\/\/www.vansteenberge.com\/it\/wp-json\/wp\/v2\/product_tag?post=2532"}],"curies":[{"name":"wp","href":"https:\/\/api.w.org\/{rel}","templated":true}]}}