{"id":2534,"date":"2023-04-04T09:20:30","date_gmt":"2023-04-04T09:20:30","guid":{"rendered":"https:\/\/www.vansteenberge.com\/product\/bicchiere-monks-cafe-33cl\/"},"modified":"2025-02-19T16:01:57","modified_gmt":"2025-02-19T15:01:57","slug":"monks-cafe-glas-33cl","status":"publish","type":"product","link":"https:\/\/www.vansteenberge.com\/it\/product\/monaci-caffe-bicchiere-33cl\/","title":{"rendered":"Bicchiere Monk&#8217;s Caf\u00e9 33cl"},"content":{"rendered":"<p>La Monk&#8217;s Caf\u00e9 Grand Cru \u00e8 una birra ad alta fermentazione maturata in serbatoio.<br \/>\nVotata come migliore birra &#8220;old brown&#8221; del mondo, World Beer Awards 2019.<\/p>\n<p>&nbsp;<\/p>\n<p> Bicchiere Monk&#8217;s Caf\u00e9 33cl<\/p>\n","protected":false},"excerpt":{"rendered":"<p>Bicchiere Monk&#8217;s Caf\u00e9 33cl<\/p>\n","protected":false},"featured_media":1693,"comment_status":"closed","ping_status":"closed","template":"","meta":{"_acf_changed":false,"bwfblock_default_font":""},"product_brand":[],"product_cat":[215],"product_tag":[],"class_list":{"0":"post-2534","1":"product","2":"type-product","3":"status-publish","4":"has-post-thumbnail","6":"product_cat-bicchieri-da-birra","7":"entry","8":"has-media","10":"first","11":"instock","12":"taxable","13":"shipping-taxable","14":"purchasable","15":"product-type-simple"},"acf":[],"_links":{"self":[{"href":"https:\/\/www.vansteenberge.com\/it\/wp-json\/wp\/v2\/product\/2534","targetHints":{"allow":["GET"]}}],"collection":[{"href":"https:\/\/www.vansteenberge.com\/it\/wp-json\/wp\/v2\/product"}],"about":[{"href":"https:\/\/www.vansteenberge.com\/it\/wp-json\/wp\/v2\/types\/product"}],"replies":[{"embeddable":true,"href":"https:\/\/www.vansteenberge.com\/it\/wp-json\/wp\/v2\/comments?post=2534"}],"wp:featuredmedia":[{"embeddable":true,"href":"https:\/\/www.vansteenberge.com\/it\/wp-json\/wp\/v2\/media\/1693"}],"wp:attachment":[{"href":"https:\/\/www.vansteenberge.com\/it\/wp-json\/wp\/v2\/media?parent=2534"}],"wp:term":[{"taxonomy":"product_brand","embeddable":true,"href":"https:\/\/www.vansteenberge.com\/it\/wp-json\/wp\/v2\/product_brand?post=2534"},{"taxonomy":"product_cat","embeddable":true,"href":"https:\/\/www.vansteenberge.com\/it\/wp-json\/wp\/v2\/product_cat?post=2534"},{"taxonomy":"product_tag","embeddable":true,"href":"https:\/\/www.vansteenberge.com\/it\/wp-json\/wp\/v2\/product_tag?post=2534"}],"curies":[{"name":"wp","href":"https:\/\/api.w.org\/{rel}","templated":true}]}}