{"id":3207,"date":"2023-09-28T12:05:49","date_gmt":"2023-09-28T12:05:49","guid":{"rendered":"https:\/\/www.vansteenberge.com\/?post_type=product&#038;p=3207"},"modified":"2025-12-26T14:44:17","modified_gmt":"2025-12-26T13:44:17","slug":"gulden-draak-cuvee-prestige-laphroaig-75cl","status":"publish","type":"product","link":"https:\/\/www.vansteenberge.com\/it\/product\/gulden-draak-cuvee-prestige-laphroaig-75cl\/","title":{"rendered":"Gulden Draak Cuv\u00e9e Prestige Laphroaig 75cl"},"content":{"rendered":"<p>Dopo il successo della precedente edizione, questa speciale Gulden Draak Cuv\u00e9e Prestige \u00e8 nuovamente disponibile, ora con il nostro terzo lotto. Questa versione \u00e8 stata invecchiata per 16 settimane in botti di Laphroaig, l&#8217;iconica distilleria scozzese sull&#8217;isola di Islay. Laphroaig \u00e8 nota per il suo spiccato sapore di torba e il suo carattere affumicato e corposo \u00e8 evidente in questa Gulden Draak Cuv\u00e9e Prestige Laphroaig, che rappresenta una miscela unica ed eccentrica che sorprender\u00e0 sicuramente gli appassionati.  <\/p>\n<p>Siamo inoltre orgogliosi di annunciare che questo nuovo lotto presenta una nuova etichetta e un design completamente rinnovato, evidenziando ulteriormente il carattere premium di questa edizione unica.<\/p>\n","protected":false},"excerpt":{"rendered":"<p>Maturato per 16 settimane in botti di Laphroaig<\/p>\n","protected":false},"featured_media":36552,"comment_status":"closed","ping_status":"closed","template":"","meta":{"_acf_changed":false,"bwfblock_default_font":""},"product_brand":[],"product_cat":[163,104],"product_tag":[188],"class_list":{"0":"post-3207","1":"product","2":"type-product","3":"status-publish","4":"has-post-thumbnail","6":"product_cat-birra","7":"product_cat-gulden-draak-it","8":"product_tag-hide-in-carousel-it","9":"entry","10":"has-media","12":"first","13":"instock","14":"taxable","15":"shipping-taxable","16":"purchasable","17":"product-type-simple"},"acf":[],"_links":{"self":[{"href":"https:\/\/www.vansteenberge.com\/it\/wp-json\/wp\/v2\/product\/3207","targetHints":{"allow":["GET"]}}],"collection":[{"href":"https:\/\/www.vansteenberge.com\/it\/wp-json\/wp\/v2\/product"}],"about":[{"href":"https:\/\/www.vansteenberge.com\/it\/wp-json\/wp\/v2\/types\/product"}],"replies":[{"embeddable":true,"href":"https:\/\/www.vansteenberge.com\/it\/wp-json\/wp\/v2\/comments?post=3207"}],"wp:featuredmedia":[{"embeddable":true,"href":"https:\/\/www.vansteenberge.com\/it\/wp-json\/wp\/v2\/media\/36552"}],"wp:attachment":[{"href":"https:\/\/www.vansteenberge.com\/it\/wp-json\/wp\/v2\/media?parent=3207"}],"wp:term":[{"taxonomy":"product_brand","embeddable":true,"href":"https:\/\/www.vansteenberge.com\/it\/wp-json\/wp\/v2\/product_brand?post=3207"},{"taxonomy":"product_cat","embeddable":true,"href":"https:\/\/www.vansteenberge.com\/it\/wp-json\/wp\/v2\/product_cat?post=3207"},{"taxonomy":"product_tag","embeddable":true,"href":"https:\/\/www.vansteenberge.com\/it\/wp-json\/wp\/v2\/product_tag?post=3207"}],"curies":[{"name":"wp","href":"https:\/\/api.w.org\/{rel}","templated":true}]}}