{"id":3727,"date":"2024-02-19T16:36:54","date_gmt":"2024-02-19T15:36:54","guid":{"rendered":"https:\/\/www.vansteenberge.com\/?post_type=product&#038;p=3727"},"modified":"2026-04-08T17:29:50","modified_gmt":"2026-04-08T15:29:50","slug":"gulden-draak-25cl-glas","status":"publish","type":"product","link":"https:\/\/www.vansteenberge.com\/it\/product\/bicchiere-gulden-draak-25cl\/","title":{"rendered":"Gulden Draak Bicchiere da 25cl"},"content":{"rendered":"<div class=\"grid__12 grid__6@med flex flex-column flex-justify-center\">\n<p>Un simbolo cos\u00ec imponente, che dura da oltre sei secoli, \u00e8 accompagnato da una birra altrettanto imponente. Come il drago che regna in cima alla citt\u00e0, Gulden Draak \u00e8 stata per anni tra le birre migliori del mondo. Si tratta di una tripel scura, che di per s\u00e9 la rende una birra eccezionale, ma il sapore complesso con note di caramello, malto tostato e caff\u00e8 la rende unica.<br \/>\nIn breve, la birra \u00e8 degna del suo nome.<\/p>\n<p>1 x Gulden Draak bicchiere a forma di uovo di drago 25cl<\/p>\n<p>&nbsp;<\/p>\n<\/div>\n","protected":false},"excerpt":{"rendered":"<p>Gulden Draak Bicchiere 25cl<\/p>\n","protected":false},"featured_media":1673,"comment_status":"closed","ping_status":"closed","template":"","meta":{"_acf_changed":false,"bwfblock_default_font":""},"product_brand":[],"product_cat":[215],"product_tag":[],"class_list":{"0":"post-3727","1":"product","2":"type-product","3":"status-publish","4":"has-post-thumbnail","6":"product_cat-bicchieri-da-birra","7":"entry","8":"has-media","10":"first","11":"instock","12":"taxable","13":"shipping-taxable","14":"purchasable","15":"product-type-simple"},"acf":[],"_links":{"self":[{"href":"https:\/\/www.vansteenberge.com\/it\/wp-json\/wp\/v2\/product\/3727","targetHints":{"allow":["GET"]}}],"collection":[{"href":"https:\/\/www.vansteenberge.com\/it\/wp-json\/wp\/v2\/product"}],"about":[{"href":"https:\/\/www.vansteenberge.com\/it\/wp-json\/wp\/v2\/types\/product"}],"replies":[{"embeddable":true,"href":"https:\/\/www.vansteenberge.com\/it\/wp-json\/wp\/v2\/comments?post=3727"}],"wp:featuredmedia":[{"embeddable":true,"href":"https:\/\/www.vansteenberge.com\/it\/wp-json\/wp\/v2\/media\/1673"}],"wp:attachment":[{"href":"https:\/\/www.vansteenberge.com\/it\/wp-json\/wp\/v2\/media?parent=3727"}],"wp:term":[{"taxonomy":"product_brand","embeddable":true,"href":"https:\/\/www.vansteenberge.com\/it\/wp-json\/wp\/v2\/product_brand?post=3727"},{"taxonomy":"product_cat","embeddable":true,"href":"https:\/\/www.vansteenberge.com\/it\/wp-json\/wp\/v2\/product_cat?post=3727"},{"taxonomy":"product_tag","embeddable":true,"href":"https:\/\/www.vansteenberge.com\/it\/wp-json\/wp\/v2\/product_tag?post=3727"}],"curies":[{"name":"wp","href":"https:\/\/api.w.org\/{rel}","templated":true}]}}