{"id":47833,"date":"2025-02-03T10:04:41","date_gmt":"2025-02-03T09:04:41","guid":{"rendered":"https:\/\/www.vansteenberge.com\/?post_type=product&#038;p=47833"},"modified":"2026-03-28T22:54:50","modified_gmt":"2026-03-28T21:54:50","slug":"gulden-draak-imperial-stout-33cl","status":"publish","type":"product","link":"https:\/\/www.vansteenberge.com\/it\/product\/gulden-draak-imperial-stout-kopie\/","title":{"rendered":"Gulden Draak Stout imperiale &#8211; 33cl"},"content":{"rendered":"<p style=\"text-align: center;\"><em><span style=\"font-size: 14px;\">Scura e potente, questa birra ti introduce ad aromi di malto, cioccolato, caff\u00e8 e caramello. La sua personalit\u00e0 di malto pi\u00f9 robusta \u00e8 ben accentuata da alcune note di anice stellato e liquirizia. <\/span><\/em><br \/>\n<em><span style=\"font-size: 14px;\">Sofie Vanrafelghem<\/span><\/em><\/p>\n<p>La Gulden Draak Imperial Stout \u00e8 una birra dal colore marrone scuro o nero ed \u00e8 la birra pi\u00f9 pesante della gamma Gulden Draak con i suoi 11\u00b0 di alcol in volume. Il tipico sapore di torrefazione \u00e8 ottenuto con l&#8217;aggiunta di malto tostato e caramellato, utilizzato esclusivamente per questo scopo. \u00c8 una birra pesante molto ben bilanciata.<\/p>\n<p>Il finale \u00e8 ricco e potente. Assaggiando questa birra speciale si scoprono aromi di banana e cioccolato. La fermentazione secondaria entra in gioco in modo eccellente e bilancia perfettamente gli alcoli pi\u00f9 elevati.<\/p>\n<p>&nbsp;<\/p>\n","protected":false},"excerpt":{"rendered":"<p>Profondamente scuro, ricco e potente.<\/p>\n","protected":false},"featured_media":4487,"comment_status":"closed","ping_status":"closed","template":"","meta":{"_acf_changed":false,"bwfblock_default_font":""},"product_brand":[],"product_cat":[163,104],"product_tag":[],"class_list":{"0":"post-47833","1":"product","2":"type-product","3":"status-publish","4":"has-post-thumbnail","6":"product_cat-birra","7":"product_cat-gulden-draak-it","8":"entry","9":"has-media","11":"first","12":"instock","13":"taxable","14":"shipping-taxable","15":"purchasable","16":"product-type-simple"},"acf":[],"_links":{"self":[{"href":"https:\/\/www.vansteenberge.com\/it\/wp-json\/wp\/v2\/product\/47833","targetHints":{"allow":["GET"]}}],"collection":[{"href":"https:\/\/www.vansteenberge.com\/it\/wp-json\/wp\/v2\/product"}],"about":[{"href":"https:\/\/www.vansteenberge.com\/it\/wp-json\/wp\/v2\/types\/product"}],"replies":[{"embeddable":true,"href":"https:\/\/www.vansteenberge.com\/it\/wp-json\/wp\/v2\/comments?post=47833"}],"wp:featuredmedia":[{"embeddable":true,"href":"https:\/\/www.vansteenberge.com\/it\/wp-json\/wp\/v2\/media\/4487"}],"wp:attachment":[{"href":"https:\/\/www.vansteenberge.com\/it\/wp-json\/wp\/v2\/media?parent=47833"}],"wp:term":[{"taxonomy":"product_brand","embeddable":true,"href":"https:\/\/www.vansteenberge.com\/it\/wp-json\/wp\/v2\/product_brand?post=47833"},{"taxonomy":"product_cat","embeddable":true,"href":"https:\/\/www.vansteenberge.com\/it\/wp-json\/wp\/v2\/product_cat?post=47833"},{"taxonomy":"product_tag","embeddable":true,"href":"https:\/\/www.vansteenberge.com\/it\/wp-json\/wp\/v2\/product_tag?post=47833"}],"curies":[{"name":"wp","href":"https:\/\/api.w.org\/{rel}","templated":true}]}}