{"id":48381,"date":"2024-03-01T10:25:05","date_gmt":"2024-03-01T09:25:05","guid":{"rendered":"https:\/\/www.vansteenberge.com\/?post_type=product&#038;p=48381"},"modified":"2025-02-19T15:58:25","modified_gmt":"2025-02-19T14:58:25","slug":"gulden-draak-classic-4-jaar-rijping-75cl","status":"publish","type":"product","link":"https:\/\/www.vansteenberge.com\/it\/product\/gulden-draak-classic-4-jaar-rijping-75cl\/","title":{"rendered":"Gulden Draak Classica invecchiata 4 anni 75cl"},"content":{"rendered":"<div class=\"spacer block--lists\">\n<div class=\"\" data-block=\"true\" data-editor=\"70bji\" data-offset-key=\"8s6oa-0-0\">Mentre marzo ci porta lentamente verso la fine dell&#8217;inverno, questa birra porta un tocco di anticipazione per l&#8217;arrivo della primavera. Con una maturazione di quattro anni e un&#8217;esclusiva fermentazione secondaria con lievito di vino, questa birra vivente si evolve a ogni sorso. Assapora la profondit\u00e0 della maturazione con i suoi complessi sapori di caramello, malto tostato e sottili note di caff\u00e8. Lasciati incantare dalla leggenda senza tempo di Gulden Draak e scopri perch\u00e9 continua ad affascinare i migliori intenditori di birra del mondo.   <\/div>\n<div class=\"\" data-block=\"true\" data-editor=\"70bji\" data-offset-key=\"2kgt0-0-0\">\n<div class=\"_1mf _1mj\" data-offset-key=\"2kgt0-0-0\"><span data-offset-key=\"2kgt0-0-0\"> <\/span><\/div>\n<\/div>\n<div class=\"\" data-block=\"true\" data-editor=\"70bji\" data-offset-key=\"17tkt-0-0\">\n<div class=\"_1mf _1mj\" data-offset-key=\"17tkt-0-0\">\n<p><span data-offset-key=\"17tkt-0-0\">Le scorte disponibili sono limitate.<\/span><\/p>\n<p>&nbsp;<\/p>\n<\/div>\n<\/div>\n<\/div>\n<div class=\"spacer block--lists\">\n<\/div>\n","protected":false},"excerpt":{"rendered":"<p>L&#8217;autentico triplo rosso rubino<\/p>\n","protected":false},"featured_media":4022,"comment_status":"closed","ping_status":"closed","template":"","meta":{"_acf_changed":false,"bwfblock_default_font":""},"product_brand":[],"product_cat":[163,104],"product_tag":[188],"class_list":{"0":"post-48381","1":"product","2":"type-product","3":"status-publish","4":"has-post-thumbnail","6":"product_cat-birra","7":"product_cat-gulden-draak-it","8":"product_tag-hide-in-carousel-it","9":"entry","10":"has-media","12":"first","13":"outofstock","14":"taxable","15":"shipping-taxable","16":"purchasable","17":"product-type-simple"},"acf":[],"_links":{"self":[{"href":"https:\/\/www.vansteenberge.com\/it\/wp-json\/wp\/v2\/product\/48381","targetHints":{"allow":["GET"]}}],"collection":[{"href":"https:\/\/www.vansteenberge.com\/it\/wp-json\/wp\/v2\/product"}],"about":[{"href":"https:\/\/www.vansteenberge.com\/it\/wp-json\/wp\/v2\/types\/product"}],"replies":[{"embeddable":true,"href":"https:\/\/www.vansteenberge.com\/it\/wp-json\/wp\/v2\/comments?post=48381"}],"wp:featuredmedia":[{"embeddable":true,"href":"https:\/\/www.vansteenberge.com\/it\/wp-json\/wp\/v2\/media\/4022"}],"wp:attachment":[{"href":"https:\/\/www.vansteenberge.com\/it\/wp-json\/wp\/v2\/media?parent=48381"}],"wp:term":[{"taxonomy":"product_brand","embeddable":true,"href":"https:\/\/www.vansteenberge.com\/it\/wp-json\/wp\/v2\/product_brand?post=48381"},{"taxonomy":"product_cat","embeddable":true,"href":"https:\/\/www.vansteenberge.com\/it\/wp-json\/wp\/v2\/product_cat?post=48381"},{"taxonomy":"product_tag","embeddable":true,"href":"https:\/\/www.vansteenberge.com\/it\/wp-json\/wp\/v2\/product_tag?post=48381"}],"curies":[{"name":"wp","href":"https:\/\/api.w.org\/{rel}","templated":true}]}}